{"id":43958,"date":"2022-04-18T10:12:22","date_gmt":"2022-04-18T08:12:26","guid":{"rendered":"https:\/\/newgarden.es\/?post_type=product&#038;p=43958"},"modified":"2024-05-28T11:17:52","modified_gmt":"2024-05-28T09:17:52","slug":"guirlande-alba","status":"publish","type":"product","link":"https:\/\/developing.newgarden.es\/fr\/shop\/lightdeco-fr\/noel\/guirlande-alba\/","title":{"rendered":"GUIRLANDE D\u00c9CORATIVE ALBA"},"content":{"rendered":"<section class=\"wpb-content-wrapper\"><p>[vc_row][vc_column][vc_column_text][\/vc_column_text][\/vc_column][\/vc_row][vc_row][vc_column][vc_column_text]La Guirnalda decorativa ALBA es perfecta para eventos y fiestas, adem\u00e1s es ideal tanto para ambientar tu hogar como para cualquier rinc\u00f3n de exterior, jard\u00edn, terrazas, negocios o como decoraci\u00f3n Navide\u00f1a. Su tulipa est\u00e1 hecha a mano en fibras naturales.<\/p>\n<p>A diferencia de la mayor\u00eda de las guirnaldas del mercado, la guirnalda decorativa de Newgarden, lleva 10 Bombillas recambiables incluidas que aportan un dise\u00f1o vintage y una iluminaci\u00f3n c\u00e1lida muy destacable.<\/p>\n<p>El acabado de la cuerda es de Yute, que le aporta un toque natural a la guirnalda sin perder sus propiedades el\u00e9ctricas.<\/p>\n<p>La Guirlanda decorativa Aurora est\u00e1 disponible en 2 acabados: CABLE o SOLAR + BATER\u00cdA RECARGABLE.<\/p>\n<p>*En el acabado CABLE se pueden unir hasta 4.<\/p>\n<p>1 unidad de compra es igual a 4 unidades<\/p>\n<p>Videos explicativos modelo Aurora que funciona igual que el modelo Alba.[\/vc_column_text][vc_video link=&#8221;https:\/\/youtu.be\/wRib50HxTbI&#8221;][vc_video link=&#8221;https:\/\/youtu.be\/r7IA5TyahN8&#8243;][\/vc_column][\/vc_row][vc_row][vc_column width=&#8221;1\/2&#8243;][vc_btn title=&#8221;<\/p>\n<p>FICHE TECHNIQUE DU C\u00c2BLE<\/p>\n<p>&#8221; style=&#8221;custom&#8221; custom_background=&#8221;#009bc2&#8243; custom_text=&#8221;#ffffff&#8221; shape=&#8221;square&#8221; el_class=&#8221;btn_descargar_ficha&#8221; link=&#8221;url:https%3A%2F%2Fbit.ly%2F3uxox57|target:%20_blank|&#8221;][vc_btn title=&#8221;<\/p>\n<p>FICHE TECHNIQUE SOLAIRE<\/p>\n<p>&#8221; style=&#8221;custom&#8221; custom_background=&#8221;#009bc2&#8243; custom_text=&#8221;#ffffff&#8221; shape=&#8221;square&#8221; el_class=&#8221;btn_descargar_ficha&#8221; link=&#8221;url:https%3A%2F%2Fbit.ly%2F3rkn9R7|target:%20_blank|&#8221;][\/vc_column][vc_column width=&#8221;1\/2&#8243;][vc_btn title=&#8221;MANUAL DE INSTRUCCIONES Cable&#8221; style=&#8221;custom&#8221; custom_background=&#8221;#009bc2&#8243; custom_text=&#8221;#ffffff&#8221; shape=&#8221;square&#8221; el_class=&#8221;btn_descargar_ficha&#8221; link=&#8221;url:https%3A%2F%2Fbit.ly%2F3bqD4ZA|target:%20_blank|&#8221;][vc_btn title=&#8221;<\/p>\n<p>MANUEL D&apos;INSTRUCTION SOLAIRE<\/p>\n<p>&#8221; style=&#8221;custom&#8221; custom_background=&#8221;#009bc2&#8243; custom_text=&#8221;#ffffff&#8221; shape=&#8221;square&#8221; el_class=&#8221;btn_descargar_ficha&#8221; link=&#8221;url:https%3A%2F%2Fbit.ly%2F3ONjTGR|target:%20_blank|&#8221;][\/vc_column][\/vc_row]<\/p>\n<\/section>","protected":false},"excerpt":{"rendered":"<h5><strong>PACK X3 UNIT\u00c9S &#8211; <\/strong>Guirlande d\u00e9corative Aurora<\/h5>\n","protected":false},"featured_media":58025,"template":"","meta":[],"product_cat":[651,1575,752],"product_tag":[647,707,648],"class_list":{"0":"post-43958","1":"product","2":"type-product","3":"status-publish","4":"has-post-thumbnail","6":"product_cat-lightdeco-fr","7":"product_cat-guirlandes","8":"product_cat-noel","9":"product_tag-cable-fr","10":"product_tag-sans-fil","11":"product_tag-solaire","13":"first","14":"instock","15":"taxable","16":"shipping-taxable","17":"purchasable","18":"product-type-variable"},"df_price":235.6,"df_sale_price":"","df_regular_price":235.6,"df_image_link":"https:\/\/developing.newgarden.es\/wp-content\/uploads\/2022\/04\/GUIRNALDA_ALBA_1200X1200-3-300x300.jpg","_links":{"self":[{"href":"https:\/\/developing.newgarden.es\/fr\/wp-json\/wp\/v2\/product\/43958"}],"collection":[{"href":"https:\/\/developing.newgarden.es\/fr\/wp-json\/wp\/v2\/product"}],"about":[{"href":"https:\/\/developing.newgarden.es\/fr\/wp-json\/wp\/v2\/types\/product"}],"wp:featuredmedia":[{"embeddable":true,"href":"https:\/\/developing.newgarden.es\/fr\/wp-json\/wp\/v2\/media\/58025"}],"wp:attachment":[{"href":"https:\/\/developing.newgarden.es\/fr\/wp-json\/wp\/v2\/media?parent=43958"}],"wp:term":[{"taxonomy":"product_cat","embeddable":true,"href":"https:\/\/developing.newgarden.es\/fr\/wp-json\/wp\/v2\/product_cat?post=43958"},{"taxonomy":"product_tag","embeddable":true,"href":"https:\/\/developing.newgarden.es\/fr\/wp-json\/wp\/v2\/product_tag?post=43958"}],"curies":[{"name":"wp","href":"https:\/\/api.w.org\/{rel}","templated":true}]}}