{"id":43899,"date":"2022-04-18T09:51:46","date_gmt":"2022-04-18T07:51:51","guid":{"rendered":"https:\/\/newgarden.es\/?post_type=product&#038;p=43899"},"modified":"2024-06-13T15:51:36","modified_gmt":"2024-06-13T13:51:36","slug":"applique-wally-disk-avec-charge-solaire","status":"publish","type":"product","link":"https:\/\/developing.newgarden.es\/fr\/shop\/lightdeco-fr\/portables\/applique-wally-disk-avec-charge-solaire\/","title":{"rendered":"APPLIQUE WALLY DISK AVEC CHARGE SOLAIRE"},"content":{"rendered":"<section class=\"wpb-content-wrapper\"><p>[vc_row][vc_column][vc_column_text][\/vc_column_text][\/vc_column][\/vc_row][vc_row][vc_column][vc_column_text]Wally est plus qu&#8217;une simple applique murale. Elle est fabriqu\u00e9e \u00e0 partir de plastique recycl\u00e9 et dispose d&#8217;un panneau solaire pour la recharger. Placez-la dans les zones de passage, \u00e0 c\u00f4t\u00e9 de la piscine ou o\u00f9 vous voulez, en veillant \u00e0 ce qu&#8217;elle re\u00e7oive toujours la lumi\u00e8re directe du soleil pour qu&#8217;elle fonctionne parfaitement. Elle est dot\u00e9e d&#8217;un capteur de cr\u00e9puscule, ce qui vous permet d&#8217;oublier de l&#8217;allumer ou de l&#8217;\u00e9teindre, car lorsqu&#8217;elle d\u00e9tecte que la lumi\u00e8re du soleil diminue, elle s&#8217;allume automatiquement.<\/p>\n<p>Dans la famille Wally, vous trouverez diff\u00e9rentes formes et tailles, ainsi que des pots, ce qui vous permettra de cr\u00e9er d&#8217;incroyables compositions.<\/p>\n<p>La famille Wally est fabriqu\u00e9e \u00e0 partir de mat\u00e9riaux recycl\u00e9s provenant des oc\u00e9ans. Il s&#8217;agit d&#8217;un produit durable qui donne une nouvelle vie aux d\u00e9chets plastiques sous la forme d&#8217;une lampe. Disponible en blanc ou en noir.[\/vc_column_text][\/vc_column][\/vc_row][vc_row][vc_column width=&#8221;1\/2&#8243;][vc_btn title=&#8221;FICHA T\u00c9CNICA WALLY DISK \u00f827&#8243; style=&#8221;custom&#8221; custom_background=&#8221;#009bc2&#8243; custom_text=&#8221;#ffffff&#8221; shape=&#8221;square&#8221; link=&#8221;url:https%3A%2F%2Fbit.ly%2F3blRoSK|&#8221;][vc_btn title=&#8221;FICHA T\u00c9CNICA WALLY DISK \u00f839&#8243; style=&#8221;custom&#8221; custom_background=&#8221;#009bc2&#8243; custom_text=&#8221;#ffffff&#8221; shape=&#8221;square&#8221; el_class=&#8221;btn_descargar_ficha&#8221; link=&#8221;url:https%3A%2F%2Fbit.ly%2F3tSdx1w|target:%20_blank|&#8221;][\/vc_column][vc_column width=&#8221;1\/2&#8243;][vc_btn title=&#8221;MANUAL DE INSTRUCCIONES WALLY DISK \u00f827&#8243; style=&#8221;custom&#8221; custom_background=&#8221;#009bc2&#8243; custom_text=&#8221;#ffffff&#8221; shape=&#8221;square&#8221; el_class=&#8221;btn_descargar_ficha&#8221; link=&#8221;url:https%3A%2F%2Fbit.ly%2F3OMgKXW|target:%20_blank|&#8221;][vc_btn title=&#8221;MANUAL DE INSTRUCCIONES WALLY DISK \u00f839&#8243; style=&#8221;custom&#8221; custom_background=&#8221;#009bc2&#8243; custom_text=&#8221;#ffffff&#8221; shape=&#8221;square&#8221; el_class=&#8221;btn_descargar_ficha&#8221; link=&#8221;url:https%3A%2F%2Fbit.ly%2F3BQuaQ3|target:%20_blank|&#8221;][\/vc_column][\/vc_row]<\/p>\n<\/section>","protected":false},"excerpt":{"rendered":"<h5>Aplique de pared con carga Solar WALLY DISK<\/h5>\n","protected":false},"featured_media":56640,"template":"","meta":[],"product_cat":[651,757,754],"product_tag":[707,648],"class_list":{"0":"post-43899","1":"product","2":"type-product","3":"status-publish","4":"has-post-thumbnail","6":"product_cat-lightdeco-fr","7":"product_cat-appliques","8":"product_cat-portables","9":"product_tag-sans-fil","10":"product_tag-solaire","12":"first","13":"instock","14":"taxable","15":"shipping-taxable","16":"purchasable","17":"product-type-variable"},"df_price":39,"df_sale_price":"","df_regular_price":39,"df_image_link":"https:\/\/developing.newgarden.es\/wp-content\/uploads\/2022\/04\/WALLY_DISK_27_39_1200X1200-6-300x300.jpg","_links":{"self":[{"href":"https:\/\/developing.newgarden.es\/fr\/wp-json\/wp\/v2\/product\/43899"}],"collection":[{"href":"https:\/\/developing.newgarden.es\/fr\/wp-json\/wp\/v2\/product"}],"about":[{"href":"https:\/\/developing.newgarden.es\/fr\/wp-json\/wp\/v2\/types\/product"}],"wp:featuredmedia":[{"embeddable":true,"href":"https:\/\/developing.newgarden.es\/fr\/wp-json\/wp\/v2\/media\/56640"}],"wp:attachment":[{"href":"https:\/\/developing.newgarden.es\/fr\/wp-json\/wp\/v2\/media?parent=43899"}],"wp:term":[{"taxonomy":"product_cat","embeddable":true,"href":"https:\/\/developing.newgarden.es\/fr\/wp-json\/wp\/v2\/product_cat?post=43899"},{"taxonomy":"product_tag","embeddable":true,"href":"https:\/\/developing.newgarden.es\/fr\/wp-json\/wp\/v2\/product_tag?post=43899"}],"curies":[{"name":"wp","href":"https:\/\/api.w.org\/{rel}","templated":true}]}}