{"id":43636,"date":"2022-04-13T14:44:22","date_gmt":"2022-04-13T12:44:27","guid":{"rendered":"https:\/\/newgarden.es\/?post_type=product&#038;p=43636"},"modified":"2022-04-26T15:26:03","modified_gmt":"2022-04-26T13:26:03","slug":"lampe-pendante-spherique-avec-batterie-rechargeable-pianeta","status":"publish","type":"product","link":"https:\/\/developing.newgarden.es\/fr\/shop\/lightdeco-fr\/lampes-suspendues\/lampe-pendante-spherique-avec-batterie-rechargeable-pianeta\/","title":{"rendered":"LAMPE PENDANTE SPH\u00c9RIQUE AVEC BATTERIE RECHARGEABLE PIANETA"},"content":{"rendered":"<section class=\"wpb-content-wrapper\"><p>[vc_row][vc_column][vc_column_text]<\/p>\n<p>[\/vc_column_text][\/vc_column][\/vc_row][vc_row][\/vc_row][vc_column el_class=&#8221;descripcion_producto&#8221;][\/vc_column][vc_column_text]Pianeta est une lampe d\u00e9corative originale qui, comme son nom l&#8217;indique, a une forme compl\u00e8tement sph\u00e9rique, comme s&#8217;il s&#8217;agissait d&#8217;une plan\u00e8te. Il est id\u00e9al pour d\u00e9corer l&#8217;ext\u00e9rieur et l&#8217;int\u00e9rieur de votre maison. Sa hauteur est facilement r\u00e9glable gr\u00e2ce \u00e0 son cintre en acier. Il comprend un \u00e9clairage LED int\u00e9gr\u00e9 avec une batterie rechargeable qui inclut une t\u00e9l\u00e9commande avec interrupteur marche\/arr\u00eat, r\u00e9gulateur d&#8217;intensit\u00e9 et changement de la temp\u00e9rature de couleur de la lumi\u00e8re.<\/p>\n<p>Il est disponible en trois tailles, parfaites pour cr\u00e9er des combinaisons spectaculaires qui sembleront &#8220;d&#8217;une autre plan\u00e8te&#8221;.<\/p>\n<p>*Utilisation ext\u00e9rieure sous un toit.<\/p>\n<p>Tous les produits Newgarden sont fabriqu\u00e9s en poly\u00e9thyl\u00e8ne, ils sont donc l\u00e9gers et tr\u00e8s r\u00e9sistants. Ils r\u00e9sistent aux changements de temp\u00e9rature extr\u00eames et sont prot\u00e9g\u00e9s contre les rayons UV, ce qui rend la dur\u00e9e de vie du produit presque illimit\u00e9e.[\/vc_column_text][vc_row][vc_column][vc_btn title=&#8221;Fiche Technique Pianeta 25&#8243; style=&#8221;custom&#8221; custom_background=&#8221;#009bc2&#8243; custom_text=&#8221;#ffffff&#8221; link=&#8221;url:https%3A%2F%2Fbit.ly%2F3KozRG7|||&#8221;][vc_btn title=&#8221;Fiche Technique Pianeta 35&#8243; style=&#8221;custom&#8221; custom_background=&#8221;#009bc2&#8243; custom_text=&#8221;#ffffff&#8221; link=&#8221;url:https%3A%2F%2Fbit.ly%2F3jexLN9|||&#8221;][vc_btn title=&#8221;Fiche Technique Pianeta 45&#8243; style=&#8221;custom&#8221; custom_background=&#8221;#009bc2&#8243; custom_text=&#8221;#ffffff&#8221; link=&#8221;url:https%3A%2F%2Fbit.ly%2F3jchFDw|||&#8221;][\/vc_column][\/vc_row]<\/p>\n<\/section>","protected":false},"excerpt":{"rendered":"<h5 style=\"font-size: 12px;\">LAMPE PENDANTE SPH\u00c9RIQUE AVEC BATTERIE RECHARGEABLE PIANETA<\/h5>\n","protected":false},"featured_media":57392,"template":"","meta":[],"product_cat":[651,1569,744],"product_tag":[653],"class_list":{"0":"post-43636","1":"product","2":"type-product","3":"status-publish","4":"has-post-thumbnail","6":"product_cat-lightdeco-fr","7":"product_cat-plafonniers-sans-fil","8":"product_cat-lampes-suspendues","9":"product_tag-batterie","11":"first","12":"instock","13":"taxable","14":"shipping-taxable","15":"purchasable","16":"product-type-variable"},"df_price":49,"df_sale_price":"","df_regular_price":49,"df_image_link":"https:\/\/developing.newgarden.es\/wp-content\/uploads\/2022\/04\/PIANETA_25_35_45_1200X1200-9-1-300x300.jpg","_links":{"self":[{"href":"https:\/\/developing.newgarden.es\/fr\/wp-json\/wp\/v2\/product\/43636"}],"collection":[{"href":"https:\/\/developing.newgarden.es\/fr\/wp-json\/wp\/v2\/product"}],"about":[{"href":"https:\/\/developing.newgarden.es\/fr\/wp-json\/wp\/v2\/types\/product"}],"wp:featuredmedia":[{"embeddable":true,"href":"https:\/\/developing.newgarden.es\/fr\/wp-json\/wp\/v2\/media\/57392"}],"wp:attachment":[{"href":"https:\/\/developing.newgarden.es\/fr\/wp-json\/wp\/v2\/media?parent=43636"}],"wp:term":[{"taxonomy":"product_cat","embeddable":true,"href":"https:\/\/developing.newgarden.es\/fr\/wp-json\/wp\/v2\/product_cat?post=43636"},{"taxonomy":"product_tag","embeddable":true,"href":"https:\/\/developing.newgarden.es\/fr\/wp-json\/wp\/v2\/product_tag?post=43636"}],"curies":[{"name":"wp","href":"https:\/\/api.w.org\/{rel}","templated":true}]}}