{"id":43433,"date":"2022-04-12T15:13:32","date_gmt":"2022-04-12T13:13:35","guid":{"rendered":"https:\/\/newgarden.es\/?post_type=product&#038;p=43433"},"modified":"2022-12-01T08:56:30","modified_gmt":"2022-12-01T07:56:30","slug":"applique-avec-charge-solaire-wally","status":"publish","type":"product","link":"https:\/\/developing.newgarden.es\/fr\/shop\/lightdeco-fr\/appliques\/applique-avec-charge-solaire-wally\/","title":{"rendered":"Applique avec charge solaire WALLY"},"content":{"rendered":"<section class=\"wpb-content-wrapper\"><p>[vc_row][vc_column][vc_column_text][\/vc_column_text][\/vc_column][\/vc_row][vc_row][vc_column][vc_column_text]Wally est plus qu&#8217;une simple applique murale. Il est fabriqu\u00e9 \u00e0 partir de plastique recycl\u00e9 et dispose d&#8217;un panneau solaire sur le dessus pour le charger. Placez-le dans les all\u00e9es, \u00e0 c\u00f4t\u00e9 de la piscine ou o\u00f9 vous voulez, mais en veillant \u00e0 ce qu&#8217;il re\u00e7oive toujours la lumi\u00e8re directe du soleil pour qu&#8217;il fonctionne parfaitement. Il dispose d&#8217;un capteur cr\u00e9pusculaire, vous pouvez donc oublier de l&#8217;allumer ou de l&#8217;\u00e9teindre, car lorsqu&#8217;il d\u00e9tecte que la lumi\u00e8re du soleil diminue, il s&#8217;allume automatiquement. Il est \u00e9galement dot\u00e9 d&#8217;un capteur de proximit\u00e9 int\u00e9gr\u00e9, de sorte qu&#8217;il ne s&#8217;allume \u00e0 haute puissance que lorsqu&#8217;il d\u00e9tecte un mouvement dans son rayon d&#8217;action, ce qui augmente consid\u00e9rablement le nombre d&#8217;heures de fonctionnement.<\/p>\n<p>Wally est disponible dans une vari\u00e9t\u00e9 de formes et de tailles, ainsi qu&#8217;en format jardini\u00e8re, ce qui vous permet de cr\u00e9er des compositions \u00e9tonnantes.<\/p>\n<p>La famille Wally est fabriqu\u00e9e \u00e0 partir de mat\u00e9riaux recycl\u00e9s provenant des oc\u00e9ans. C&#8217;est un produit durable, qui donne une nouvelle vie aux d\u00e9chets plastiques sous la forme d&#8217;une lampe.<\/p>\n<p>[\/vc_column_text][\/vc_column][\/vc_row][vc_row][vc_column width=&#8221;1\/2&#8243;][vc_btn title=&#8221;Fiche technique Wally 12&#8243; style=&#8221;custom&#8221; custom_background=&#8221;#009bc2&#8243; custom_text=&#8221;#ffffff&#8221; shape=&#8221;square&#8221; el_class=&#8221;btn_descargar_ficha&#8221; link=&#8221;url:https%3A%2F%2Fbit.ly%2F3x9gQDI||target:%20_blank|&#8221;][vc_btn title=&#8221;Fiche technique Wally 12&#215;18&#8243; style=&#8221;custom&#8221; custom_background=&#8221;#009bc2&#8243; custom_text=&#8221;#ffffff&#8221; shape=&#8221;square&#8221; el_class=&#8221;btn_descargar_ficha&#8221; link=&#8221;url:https%3A%2F%2Fbit.ly%2F36ZG4tG||target:%20_blank|&#8221;][vc_btn title=&#8221;Fiche technique Wally 18&#8243; style=&#8221;custom&#8221; custom_background=&#8221;#009bc2&#8243; custom_text=&#8221;#ffffff&#8221; shape=&#8221;square&#8221; el_class=&#8221;btn_descargar_ficha&#8221; link=&#8221;url:https%3A%2F%2Fbit.ly%2F3NNgubQ||target:%20_blank|&#8221;][\/vc_column][vc_column width=&#8221;1\/2&#8243;][vc_btn title=&#8221;Manuel d&#8217;instrutions&#8221; style=&#8221;custom&#8221; custom_background=&#8221;#009bc2&#8243; custom_text=&#8221;#ffffff&#8221; shape=&#8221;square&#8221; el_class=&#8221;btn_descargar_ficha&#8221; link=&#8221;target:%20_blank|&#8221;][\/vc_column][\/vc_row]<\/p>\n<\/section>","protected":false},"excerpt":{"rendered":"<h5>Applique avec charge solaire WALLY<\/h5>\n","protected":false},"featured_media":56715,"template":"","meta":[],"product_cat":[651,757],"product_tag":[707,648],"class_list":{"0":"post-43433","1":"product","2":"type-product","3":"status-publish","4":"has-post-thumbnail","6":"product_cat-lightdeco-fr","7":"product_cat-appliques","8":"product_tag-sans-fil","9":"product_tag-solaire","11":"first","12":"instock","13":"taxable","14":"shipping-taxable","15":"purchasable","16":"product-type-variable"},"df_price":24,"df_sale_price":"","df_regular_price":24,"df_image_link":"https:\/\/developing.newgarden.es\/wp-content\/uploads\/2022\/04\/FAMILIA_WALLY_SOLAR_1200X1200-3-300x300.jpg","_links":{"self":[{"href":"https:\/\/developing.newgarden.es\/fr\/wp-json\/wp\/v2\/product\/43433"}],"collection":[{"href":"https:\/\/developing.newgarden.es\/fr\/wp-json\/wp\/v2\/product"}],"about":[{"href":"https:\/\/developing.newgarden.es\/fr\/wp-json\/wp\/v2\/types\/product"}],"wp:featuredmedia":[{"embeddable":true,"href":"https:\/\/developing.newgarden.es\/fr\/wp-json\/wp\/v2\/media\/56715"}],"wp:attachment":[{"href":"https:\/\/developing.newgarden.es\/fr\/wp-json\/wp\/v2\/media?parent=43433"}],"wp:term":[{"taxonomy":"product_cat","embeddable":true,"href":"https:\/\/developing.newgarden.es\/fr\/wp-json\/wp\/v2\/product_cat?post=43433"},{"taxonomy":"product_tag","embeddable":true,"href":"https:\/\/developing.newgarden.es\/fr\/wp-json\/wp\/v2\/product_tag?post=43433"}],"curies":[{"name":"wp","href":"https:\/\/api.w.org\/{rel}","templated":true}]}}