{"id":43239,"date":"2022-03-30T12:48:35","date_gmt":"2022-03-30T10:48:38","guid":{"rendered":"https:\/\/newgarden.es\/?post_type=product&#038;p=43239"},"modified":"2024-06-03T08:58:18","modified_gmt":"2024-06-03T06:58:18","slug":"lenterne-metallique-rechargeable-siroco","status":"publish","type":"product","link":"https:\/\/developing.newgarden.es\/fr\/shop\/lightdeco-fr\/lampe-a-cote\/lenterne-metallique-rechargeable-siroco\/","title":{"rendered":"LANTERNE M\u00c9TALLIQUE PORTABLE SANS FIL SIROCO 50"},"content":{"rendered":"<section class=\"wpb-content-wrapper\"><p>[vc_row][vc_column][vc_column_text][\/vc_column_text][\/vc_column][\/vc_row][vc_row][vc_column][vc_column_text]Siroco es un farol met\u00e1lico que no requiere instalaci\u00f3n, tan solo tendr\u00e1s que acercar la bombilla a la base met\u00e1lica del farol y se adherir\u00e1 debido a su im\u00e1n integrado. Su dise\u00f1o novedoso convierte a este farol en un indispensable para la decoraci\u00f3n de tu jard\u00edn.<\/p>\n<p>Esta bombilla tambi\u00e9n incluye mando a distancia para poder encender y apagar, regular su intensidad y utilizar las funcionalidades de luz fija o efecto llama.<\/p>\n<p>Dispone de 200 l\u00famenes y una autonom\u00eda entre 6 y 20 horas de duraci\u00f3n seg\u00fan su intensidad.<\/p>\n<p><strong>Disponible en 2 tama\u00f1os: SIROCO 30 \/ SIROCO 50<\/strong>[\/vc_column_text][\/vc_column][\/vc_row][vc_row][vc_column width=&#8221;1\/2&#8243;][vc_btn title=&#8221;Fiche technique&#8221; style=&#8221;custom&#8221; custom_background=&#8221;#009bc2&#8243; custom_text=&#8221;#ffffff&#8221; shape=&#8221;square&#8221; link=&#8221;url:https%3A%2F%2Fbit.ly%2F3OxDFqq|target:%20_blank|&#8221; el_class=&#8221;btn_descargar_ficha&#8221;][\/vc_column][vc_column width=&#8221;1\/2&#8243;][vc_btn title=&#8221;Manuel d&apos;instrutions&#8221; style=&#8221;custom&#8221; custom_background=&#8221;#009bc2&#8243; custom_text=&#8221;#ffffff&#8221; shape=&#8221;square&#8221; link=&#8221;url:https%3A%2F%2Fbit.ly%2F3PWB0Yg|target:%20_blank|&#8221; el_class=&#8221;btn_descargar_ficha&#8221;][\/vc_column][vc_column][\/vc_column][\/vc_row]<\/p>\n<\/section>","protected":false},"excerpt":{"rendered":"<h6>Lanterne m\u00e9tallique portable sans fil SIROCO 50<\/h6>\n","protected":false},"featured_media":54354,"template":"","meta":[],"product_cat":[1695,651,652,754,1590],"product_tag":[653,707],"class_list":{"0":"post-43239","1":"product","2":"type-product","3":"status-publish","4":"has-post-thumbnail","6":"product_cat-productos-fr","7":"product_cat-lightdeco-fr","8":"product_cat-lampe-a-cote","9":"product_cat-portables","10":"product_cat-interieur-fr","11":"product_tag-batterie","12":"product_tag-sans-fil","14":"first","15":"instock","16":"taxable","17":"shipping-taxable","18":"purchasable","19":"product-type-variable"},"df_price":84.5,"df_sale_price":"","df_regular_price":84.5,"df_image_link":"https:\/\/developing.newgarden.es\/wp-content\/uploads\/2022\/03\/SIROCO_30_50_BATTERY_1200X1200-8-300x300.jpg","_links":{"self":[{"href":"https:\/\/developing.newgarden.es\/fr\/wp-json\/wp\/v2\/product\/43239"}],"collection":[{"href":"https:\/\/developing.newgarden.es\/fr\/wp-json\/wp\/v2\/product"}],"about":[{"href":"https:\/\/developing.newgarden.es\/fr\/wp-json\/wp\/v2\/types\/product"}],"wp:featuredmedia":[{"embeddable":true,"href":"https:\/\/developing.newgarden.es\/fr\/wp-json\/wp\/v2\/media\/54354"}],"wp:attachment":[{"href":"https:\/\/developing.newgarden.es\/fr\/wp-json\/wp\/v2\/media?parent=43239"}],"wp:term":[{"taxonomy":"product_cat","embeddable":true,"href":"https:\/\/developing.newgarden.es\/fr\/wp-json\/wp\/v2\/product_cat?post=43239"},{"taxonomy":"product_tag","embeddable":true,"href":"https:\/\/developing.newgarden.es\/fr\/wp-json\/wp\/v2\/product_tag?post=43239"}],"curies":[{"name":"wp","href":"https:\/\/api.w.org\/{rel}","templated":true}]}}