{"id":43169,"date":"2022-03-30T12:19:49","date_gmt":"2022-03-30T10:19:54","guid":{"rendered":"https:\/\/newgarden.es\/?post_type=product&#038;p=43169"},"modified":"2024-06-03T09:20:58","modified_gmt":"2024-06-03T07:20:58","slug":"lanterne-metallique-rechargeable-siroco30","status":"publish","type":"product","link":"https:\/\/developing.newgarden.es\/fr\/shop\/lightdeco-fr\/lampe-a-cote\/lanterne-metallique-rechargeable-siroco30\/","title":{"rendered":"LANTERNE M\u00c9TALLIQUE PORTABLE SANS FIL SIROCO 30"},"content":{"rendered":"<section class=\"wpb-content-wrapper\"><p>[vc_row][vc_column][vc_column_text][\/vc_column_text][\/vc_column][\/vc_row][vc_row][vc_column][vc_column_text]Siroco est une lanterne en m\u00e9tal qui ne n\u00e9cessite pas d&#8217;installation, il suffit d&#8217;approcher l&#8217;ampoule de la base m\u00e9tallique de la lanterne pour qu&#8217;elle adh\u00e8re gr\u00e2ce \u00e0 son aimant int\u00e9gr\u00e9. Son design innovant fait de cette lanterne un \u00e9l\u00e9ment incontournable de la d\u00e9coration de votre jardin.<\/p>\n<p>Cette ampoule est \u00e9galement \u00e9quip\u00e9e d&#8217;une t\u00e9l\u00e9commande qui vous permet de l&#8217;allumer et de l&#8217;\u00e9teindre, de r\u00e9gler son intensit\u00e9 et d&#8217;utiliser les fonctions de lumi\u00e8re fixe ou d&#8217;effet de flamme.<\/p>\n<p>Elle a une puissance de 200 lumens et une dur\u00e9e de vie comprise entre 6 et 20 heures selon l&#8217;intensit\u00e9.<\/p>\n<p><strong>Disponible en 2 tailles : SIROCO 30 \/ SIROCO 50<\/strong>[\/vc_column_text][\/vc_column][\/vc_row][vc_row][vc_column width=&#8221;1\/2&#8243;][vc_btn title=&#8221;Fiche technique&#8221; style=&#8221;custom&#8221; custom_background=&#8221;#009bc2&#8243; custom_text=&#8221;#ffffff&#8221; shape=&#8221;square&#8221; link=&#8221;url:https%3A%2F%2Fbit.ly%2F3Os5kZv|target:%20_blank|&#8221; el_class=&#8221;btn_descargar_ficha&#8221;][\/vc_column][vc_column width=&#8221;1\/2&#8243;][vc_btn title=&#8221;Manuel d&apos;instrutions&#8221; style=&#8221;custom&#8221; custom_background=&#8221;#009bc2&#8243; custom_text=&#8221;#ffffff&#8221; shape=&#8221;square&#8221; link=&#8221;url:https%3A%2F%2Fbit.ly%2F3vy10AY|target:%20_blank|&#8221; el_class=&#8221;btn_descargar_ficha&#8221;][\/vc_column][vc_column][\/vc_column][\/vc_row]<\/p>\n<\/section>","protected":false},"excerpt":{"rendered":"<h6>Lanterne m\u00e9tallique portable sans fil SIROCO 30<\/h6>\n","protected":false},"featured_media":61103,"template":"","meta":[],"product_cat":[1695,651,652,754,1590],"product_tag":[653,707],"class_list":{"0":"post-43169","1":"product","2":"type-product","3":"status-publish","4":"has-post-thumbnail","6":"product_cat-productos-fr","7":"product_cat-lightdeco-fr","8":"product_cat-lampe-a-cote","9":"product_cat-portables","10":"product_cat-interieur-fr","11":"product_tag-batterie","12":"product_tag-sans-fil","14":"first","15":"instock","16":"taxable","17":"shipping-taxable","18":"purchasable","19":"product-type-variable"},"df_price":63.1,"df_sale_price":"","df_regular_price":63.1,"df_image_link":"https:\/\/developing.newgarden.es\/wp-content\/uploads\/2022\/03\/SIROCO_30_50_BATTERY_1200X1200-7-1-300x300.jpg","_links":{"self":[{"href":"https:\/\/developing.newgarden.es\/fr\/wp-json\/wp\/v2\/product\/43169"}],"collection":[{"href":"https:\/\/developing.newgarden.es\/fr\/wp-json\/wp\/v2\/product"}],"about":[{"href":"https:\/\/developing.newgarden.es\/fr\/wp-json\/wp\/v2\/types\/product"}],"wp:featuredmedia":[{"embeddable":true,"href":"https:\/\/developing.newgarden.es\/fr\/wp-json\/wp\/v2\/media\/61103"}],"wp:attachment":[{"href":"https:\/\/developing.newgarden.es\/fr\/wp-json\/wp\/v2\/media?parent=43169"}],"wp:term":[{"taxonomy":"product_cat","embeddable":true,"href":"https:\/\/developing.newgarden.es\/fr\/wp-json\/wp\/v2\/product_cat?post=43169"},{"taxonomy":"product_tag","embeddable":true,"href":"https:\/\/developing.newgarden.es\/fr\/wp-json\/wp\/v2\/product_tag?post=43169"}],"curies":[{"name":"wp","href":"https:\/\/api.w.org\/{rel}","templated":true}]}}