{"id":42865,"date":"2022-03-14T15:23:08","date_gmt":"2022-03-14T14:23:11","guid":{"rendered":"https:\/\/newgarden.es\/?post_type=product&#038;p=42865"},"modified":"2024-06-13T11:08:59","modified_gmt":"2024-06-13T09:08:59","slug":"jardiniere-ronde-suspendue-avec-eclairage-sans-fil-elba","status":"publish","type":"product","link":"https:\/\/developing.newgarden.es\/fr\/shop\/lightdeco-fr\/lampes-suspendues\/jardiniere-ronde-suspendue-avec-eclairage-sans-fil-elba\/","title":{"rendered":"JARDINI\u00c8RE RONDE SUSPENDUE AVEC \u00c9CLAIRAGE SANS FIL ELBA 39"},"content":{"rendered":"<section class=\"wpb-content-wrapper\"><p>[vc_row][vc_column][vc_column_text][\/vc_column_text][\/vc_column][\/vc_row][vc_row][vc_column][vc_column_text]La jardini\u00e8re suspendue ronde avec \u00e9clairage sans fil ELBA 39 est fabriqu\u00e9e en poly\u00e9thyl\u00e8ne blanc super r\u00e9sistant. Il est tr\u00e8s facile \u00e0 installer car il comprend un aimant qui permet de le suspendre sans trous sur n&#8217;importe quelle surface magn\u00e9tique. Pour r\u00e9gler sa hauteur, il suffit de pousser le c\u00e2ble vers l&#8217;int\u00e9rieur.<\/p>\n<p>Vous pouvez le combiner avec la version plus grande : ELBA 59.<\/p>\n<p><strong>Comprend un ensemble de plantes artificielles<\/strong><\/p>\n<p>Son \u00e9clairage : La main ne n\u00e9cessite aucune installation, il vous suffira de l&#8217;approcher de l&#8217;anneau m\u00e9tallique int\u00e9rieur pour qu&#8217;elle adh\u00e8re gr\u00e2ce \u00e0 sa base aimant\u00e9e.<\/p>\n<p>Cette ampoule comprend \u00e9galement une t\u00e9l\u00e9commande pour l&#8217;allumer, l&#8217;\u00e9teindre et r\u00e9gler son intensit\u00e9.<\/p>\n<p>Elle a une puissance de 900 lumens et une autonomie de 6 \u00e0 20 heures selon l&#8217;intensit\u00e9.<\/p>\n<p>&nbsp;<\/p>\n<ul class=\"tablaTech\">\n<li>\n<div class=\"boxContents no-border\">\n<div class=\"name\"><strong>TAILLE<\/strong><\/div>\n<div class=\"data\">\u00f839 x\u00a010 cm<\/div>\n<\/div>\n<\/li>\n<\/ul>\n<p>[\/vc_column_text][vc_video link=&#8221;https:\/\/youtu.be\/Zo0FlNN_K5U&#8221;][\/vc_column][\/vc_row][vc_row][vc_column width=&#8221;1\/2&#8243;][vc_btn title=&#8221;Fiche technique&#8221; style=&#8221;custom&#8221; custom_background=&#8221;#009bc2&#8243; custom_text=&#8221;#ffffff&#8221; shape=&#8221;square&#8221; link=&#8221;url:https%3A%2F%2Fbit.ly%2F3zXUtT5|target:%20_blank|&#8221; el_class=&#8221;btn_descargar_ficha&#8221;][\/vc_column][vc_column width=&#8221;1\/2&#8243;][vc_btn title=&#8221;Manuel d&apos;instrutions&#8221; style=&#8221;custom&#8221; custom_background=&#8221;#009bc2&#8243; custom_text=&#8221;#ffffff&#8221; shape=&#8221;square&#8221; link=&#8221;url:https%3A%2F%2Fbit.ly%2F3SiVGLF|target:%20_blank|&#8221; el_class=&#8221;btn_descargar_ficha&#8221;][\/vc_column][vc_column][\/vc_column][\/vc_row]<\/p>\n<\/section>","protected":false},"excerpt":{"rendered":"<h6>Jardini\u00e8re ronde suspendue avec \u00e9clairage sans fil ELBA 39<\/h6>\n","protected":false},"featured_media":57442,"template":"","meta":[],"product_cat":[651,754,744,643,646],"product_tag":[653,707],"class_list":{"0":"post-42865","1":"product","2":"type-product","3":"status-publish","4":"has-post-thumbnail","6":"product_cat-lightdeco-fr","7":"product_cat-portables","8":"product_cat-lampes-suspendues","9":"product_cat-pot-de-fleur","10":"product_cat-maceteros-con-luz-fr","11":"product_tag-batterie","12":"product_tag-sans-fil","14":"first","15":"instock","16":"taxable","17":"shipping-taxable","18":"purchasable","19":"product-type-variable"},"df_price":79.4,"df_sale_price":"","df_regular_price":79.4,"df_image_link":"https:\/\/developing.newgarden.es\/wp-content\/uploads\/2022\/03\/ELBA_35_BATTERY_1200X1200-6-1-300x300.jpg","_links":{"self":[{"href":"https:\/\/developing.newgarden.es\/fr\/wp-json\/wp\/v2\/product\/42865"}],"collection":[{"href":"https:\/\/developing.newgarden.es\/fr\/wp-json\/wp\/v2\/product"}],"about":[{"href":"https:\/\/developing.newgarden.es\/fr\/wp-json\/wp\/v2\/types\/product"}],"wp:featuredmedia":[{"embeddable":true,"href":"https:\/\/developing.newgarden.es\/fr\/wp-json\/wp\/v2\/media\/57442"}],"wp:attachment":[{"href":"https:\/\/developing.newgarden.es\/fr\/wp-json\/wp\/v2\/media?parent=42865"}],"wp:term":[{"taxonomy":"product_cat","embeddable":true,"href":"https:\/\/developing.newgarden.es\/fr\/wp-json\/wp\/v2\/product_cat?post=42865"},{"taxonomy":"product_tag","embeddable":true,"href":"https:\/\/developing.newgarden.es\/fr\/wp-json\/wp\/v2\/product_tag?post=42865"}],"curies":[{"name":"wp","href":"https:\/\/api.w.org\/{rel}","templated":true}]}}