{"id":42788,"date":"2022-03-14T15:12:01","date_gmt":"2022-03-14T14:12:04","guid":{"rendered":"https:\/\/newgarden.es\/?post_type=product&#038;p=42788"},"modified":"2024-05-27T14:19:04","modified_gmt":"2024-05-27T12:19:04","slug":"ampoule-portable-rechargeable-edy-g125","status":"publish","type":"product","link":"https:\/\/developing.newgarden.es\/fr\/shop\/lightdeco-fr\/lampes-suspendues\/ampoule-portable-rechargeable-edy-g125\/","title":{"rendered":"EDY G125 PORTABLE SANS FIL AMPOULE VINTAGE"},"content":{"rendered":"<section class=\"wpb-content-wrapper\"><p>[vc_row][vc_column][vc_column_text][\/vc_column_text][\/vc_column][\/vc_row][vc_row][vc_column][vc_column_text]L&#8217;ampoule vintage portable sans fil EDY G125 ne n\u00e9cessite aucune installation, il suffit de la suspendre ou de l&#8217;approcher d&#8217;une zone m\u00e9tallique pour qu&#8217;elle adh\u00e8re gr\u00e2ce \u00e0 sa base aimant\u00e9e. Il int\u00e8gre un filament LED d&#8217;une grande luminosit\u00e9 et son rev\u00eatement plastique qui simule du verre fum\u00e9 est tr\u00e8s r\u00e9sistant, presque incassable. Il comprend un crochet m\u00e9tallique pour le suspendre et un cordon de deux m\u00e8tres.<\/p>\n<p>Cette ampoule comprend \u00e9galement une t\u00e9l\u00e9commande permettant de l&#8217;allumer et de l&#8217;\u00e9teindre, de r\u00e9gler son intensit\u00e9 et d&#8217;utiliser les fonctions de lumi\u00e8re fixe ou d&#8217;effet de flamme.<\/p>\n<p>Il dispose de 400 lumens et d&#8217;une autonomie allant jusqu&#8217;\u00e0 25 heures selon son intensit\u00e9.<\/p>\n<p>1 unit\u00e9 d&#8217;achat \u00e9quivaut \u00e0 6 unit\u00e9s<\/p>\n<ul>\n<li><strong>TAILLE<\/strong><br \/>\n\u00f812 x 22,5 cm<\/li>\n<\/ul>\n<p>[\/vc_column_text][\/vc_column][\/vc_row][vc_row][vc_column width=&#8221;1\/2&#8243;][vc_btn title=&#8221;FICHE TECHNIQUE COULEUR BLANCHE&#8221; style=&#8221;custom&#8221; custom_background=&#8221;#009bc2&#8243; custom_text=&#8221;#ffffff&#8221; shape=&#8221;square&#8221; link=&#8221;url:https%3A%2F%2Fbit.ly%2F39GpS1P|target:%20_blank|&#8221; el_class=&#8221;btn_descargar_ficha&#8221;][vc_btn title=&#8221;FICHE TECHNIQUE COULEUR BEIGE&#8221; style=&#8221;custom&#8221; custom_background=&#8221;#009bc2&#8243; custom_text=&#8221;#ffffff&#8221; shape=&#8221;square&#8221; link=&#8221;url:https%3A%2F%2Fbit.ly%2F3xLkL8J|target:%20_blank|&#8221; el_class=&#8221;btn_descargar_ficha&#8221;][vc_btn title=&#8221;FICHE TECHNIQUE COULEUR NOIRE&#8221; style=&#8221;custom&#8221; custom_background=&#8221;#009bc2&#8243; custom_text=&#8221;#ffffff&#8221; shape=&#8221;square&#8221; link=&#8221;url:https%3A%2F%2Fbit.ly%2F3xKfOwC|target:%20_blank|&#8221; el_class=&#8221;btn_descargar_ficha&#8221;][\/vc_column][vc_column width=&#8221;1\/2&#8243;][vc_btn title=&#8221;MANUEL D&apos;INSTRUCTION &#8211; BLANC&#8221; style=&#8221;custom&#8221; custom_background=&#8221;#009bc2&#8243; custom_text=&#8221;#ffffff&#8221; shape=&#8221;square&#8221; link=&#8221;url:https%3A%2F%2Fbit.ly%2F3vx00x0|target:%20_blank|&#8221; el_class=&#8221;btn_descargar_ficha&#8221;][vc_btn title=&#8221;MANUEL D&apos;INSTRUCTION &#8211; BEIGE&#8221; style=&#8221;custom&#8221; custom_background=&#8221;#009bc2&#8243; custom_text=&#8221;#ffffff&#8221; shape=&#8221;square&#8221; link=&#8221;url:https%3A%2F%2Fbit.ly%2F3zns5bj|target:%20_blank|&#8221; el_class=&#8221;btn_descargar_ficha&#8221;][vc_btn title=&#8221;MANUEL D&apos;INSTRUCTION &#8211; NOIR&#8221; style=&#8221;custom&#8221; custom_background=&#8221;#009bc2&#8243; custom_text=&#8221;#ffffff&#8221; shape=&#8221;square&#8221; link=&#8221;url:https%3A%2F%2Fbit.ly%2F3zmF4dn|target:%20_blank|&#8221; el_class=&#8221;btn_descargar_ficha&#8221;][\/vc_column][vc_column][\/vc_column][\/vc_row]<\/p>\n<\/section>","protected":false},"excerpt":{"rendered":"<h5><strong>PACK X6 UNIT\u00c9S &#8211; <\/strong>Ampoule portable rechargeable Edy G125<\/h5>\n","protected":false},"featured_media":55254,"template":"","meta":[],"product_cat":[651,754,744],"product_tag":[653,707],"class_list":{"0":"post-42788","1":"product","2":"type-product","3":"status-publish","4":"has-post-thumbnail","6":"product_cat-lightdeco-fr","7":"product_cat-portables","8":"product_cat-lampes-suspendues","9":"product_tag-batterie","10":"product_tag-sans-fil","12":"first","13":"instock","14":"taxable","15":"shipping-taxable","16":"purchasable","17":"product-type-variable"},"df_price":210,"df_sale_price":"","df_regular_price":210,"df_image_link":"https:\/\/developing.newgarden.es\/wp-content\/uploads\/2022\/03\/EDY_G125_1200X1200-17-300x300.jpg","_links":{"self":[{"href":"https:\/\/developing.newgarden.es\/fr\/wp-json\/wp\/v2\/product\/42788"}],"collection":[{"href":"https:\/\/developing.newgarden.es\/fr\/wp-json\/wp\/v2\/product"}],"about":[{"href":"https:\/\/developing.newgarden.es\/fr\/wp-json\/wp\/v2\/types\/product"}],"wp:featuredmedia":[{"embeddable":true,"href":"https:\/\/developing.newgarden.es\/fr\/wp-json\/wp\/v2\/media\/55254"}],"wp:attachment":[{"href":"https:\/\/developing.newgarden.es\/fr\/wp-json\/wp\/v2\/media?parent=42788"}],"wp:term":[{"taxonomy":"product_cat","embeddable":true,"href":"https:\/\/developing.newgarden.es\/fr\/wp-json\/wp\/v2\/product_cat?post=42788"},{"taxonomy":"product_tag","embeddable":true,"href":"https:\/\/developing.newgarden.es\/fr\/wp-json\/wp\/v2\/product_tag?post=42788"}],"curies":[{"name":"wp","href":"https:\/\/api.w.org\/{rel}","templated":true}]}}