{"id":42679,"date":"2022-03-14T14:34:08","date_gmt":"2022-03-14T13:34:11","guid":{"rendered":"https:\/\/newgarden.es\/?post_type=product&#038;p=42679"},"modified":"2024-05-27T10:42:58","modified_gmt":"2024-05-27T08:42:58","slug":"hiama-pique-de-jardin-solaire-avec-lumiere-a-effet-de-feu","status":"publish","type":"product","link":"https:\/\/developing.newgarden.es\/fr\/shop\/lightdeco-fr\/portables\/hiama-pique-de-jardin-solaire-avec-lumiere-a-effet-de-feu\/","title":{"rendered":"PIC DE JARDIN SOLAIRE AVEC EFFET DE FEU HIAMA (24 PCS)"},"content":{"rendered":"<section class=\"wpb-content-wrapper\"><p>[vc_row][vc_column][vc_column_text][\/vc_column_text][\/vc_column][\/vc_row][vc_row][vc_column][vc_column_text]HIAMA\u00a0es una pica para el jard\u00edn con carga solar. Est\u00e1 fabricada\u00a0artesanalmente en bamb\u00fa natural y tiene un modulo LED con placa\u00a0solar en la parte superior para su carga. Col\u00f3cala en zonas de paso, junto a la piscina o incluso en un macetero, la versatilidad de esta pica solar es ilimitada. Con su sensor crepuscular podr\u00e1s olvidarte de encenderla o apagarla,\u00a0ya que cuando detecte que la luz del sol disminuya se encender\u00e1 autom\u00e1ticamente. EL efecto fuego\/llama es tan realista que quedar\u00e1s asombrado.<\/p>\n<p>1 cantidad de compra =\u00a0 24 unidades HIAMA (pack)<\/p>\n<p><strong>TAMA\u00d1O<\/strong><\/p>\n<ul class=\"tablaTech\">\n<li>\n<div class=\"boxContents no-border\">\n<div class=\"data\">\u00f88,2 x\u00a0120 cm<\/div>\n<\/div>\n<\/li>\n<\/ul>\n<p>[\/vc_column_text][\/vc_column][\/vc_row][vc_row][vc_column width=&#8221;1\/2&#8243;][vc_btn title=&#8221;Fiche technique&#8221; style=&#8221;custom&#8221; custom_background=&#8221;#009bc2&#8243; custom_text=&#8221;#ffffff&#8221; shape=&#8221;square&#8221; el_class=&#8221;btn_descargar_ficha&#8221; link=&#8221;url:https%3A%2F%2Fbit.ly%2F3zXLstf|target:%20_blank|&#8221;][\/vc_column][vc_column width=&#8221;1\/2&#8243;][vc_btn title=&#8221;Manuel d&apos;instrutions&#8221; style=&#8221;custom&#8221; custom_background=&#8221;#009bc2&#8243; custom_text=&#8221;#ffffff&#8221; shape=&#8221;square&#8221; el_class=&#8221;btn_descargar_ficha&#8221; link=&#8221;url:https%3A%2F%2Fbit.ly%2F3BI8YLE|target:%20_blank|&#8221;][\/vc_column][\/vc_row]<\/p>\n<\/section>","protected":false},"excerpt":{"rendered":"<h5>HIAMA pique de jardin solaire avec lumi\u00e8re \u00e0 effet de feu (24 pi\u00e8ces)<\/h5>\n","protected":false},"featured_media":56846,"template":"","meta":[],"product_cat":[651,1580,754],"product_tag":[707,648],"class_list":{"0":"post-42679","1":"product","2":"type-product","3":"status-publish","4":"has-post-thumbnail","6":"product_cat-lightdeco-fr","7":"product_cat-balises-et-piques-fr","8":"product_cat-portables","9":"product_tag-sans-fil","10":"product_tag-solaire","12":"first","13":"instock","14":"taxable","15":"shipping-taxable","16":"purchasable","17":"product-type-variable"},"df_price":336,"df_sale_price":"","df_regular_price":336,"df_image_link":"https:\/\/developing.newgarden.es\/wp-content\/uploads\/2022\/03\/HIAMA_PICA_SOLAR_1200X1200-5-300x300.jpg","_links":{"self":[{"href":"https:\/\/developing.newgarden.es\/fr\/wp-json\/wp\/v2\/product\/42679"}],"collection":[{"href":"https:\/\/developing.newgarden.es\/fr\/wp-json\/wp\/v2\/product"}],"about":[{"href":"https:\/\/developing.newgarden.es\/fr\/wp-json\/wp\/v2\/types\/product"}],"wp:featuredmedia":[{"embeddable":true,"href":"https:\/\/developing.newgarden.es\/fr\/wp-json\/wp\/v2\/media\/56846"}],"wp:attachment":[{"href":"https:\/\/developing.newgarden.es\/fr\/wp-json\/wp\/v2\/media?parent=42679"}],"wp:term":[{"taxonomy":"product_cat","embeddable":true,"href":"https:\/\/developing.newgarden.es\/fr\/wp-json\/wp\/v2\/product_cat?post=42679"},{"taxonomy":"product_tag","embeddable":true,"href":"https:\/\/developing.newgarden.es\/fr\/wp-json\/wp\/v2\/product_tag?post=42679"}],"curies":[{"name":"wp","href":"https:\/\/api.w.org\/{rel}","templated":true}]}}