{"id":42258,"date":"2022-03-02T08:17:06","date_gmt":"2022-03-02T07:17:15","guid":{"rendered":"https:\/\/newgarden.es\/?post_type=product&#038;p=42258"},"modified":"2024-06-13T11:36:42","modified_gmt":"2024-06-13T09:36:42","slug":"grand-pot-de-fleurs-rond-magnolia-80","status":"publish","type":"product","link":"https:\/\/developing.newgarden.es\/fr\/shop\/pot-de-fleur\/pots-de-fleurs-sans-eclairage\/grand-pot-de-fleurs-rond-magnolia-80\/","title":{"rendered":"GRAND POT DE FLEURS ROND MAGNOLIA 80"},"content":{"rendered":"<section class=\"wpb-content-wrapper\"><p>[vc_row][vc_column el_class=&#8221;descripcion_producto&#8221;][vc_column_text]Magnolia 80 (\u00f880&#215;76 cm) est consid\u00e9r\u00e9 comme l&#8217;une des jardini\u00e8res vedettes de la collection Newgarden. Sa grande vari\u00e9t\u00e9 de finitions, de tailles et de couleurs en fait un \u00e9l\u00e9ment indispensable de la gamme des jardini\u00e8res rondes.<\/p>\n<p>Magnolia 80 est id\u00e9al pour le mobilier urbain en raison de son design, de sa taille et de sa stabilit\u00e9. Un substitut pratique et \u00e9l\u00e9gant \u00e0 la borne.<\/p>\n<p>Tous les produits Newgarden sont fabriqu\u00e9s en poly\u00e9thyl\u00e8ne, ce qui leur conf\u00e8re une grande r\u00e9sistance aux temp\u00e9ratures extr\u00eames. Ils sont \u00e9galement prot\u00e9g\u00e9s contre les rayons UV, ce qui rend la dur\u00e9e de vie du produit extraordinairement longue.<\/p>\n<p>&nbsp;<\/p>\n<ul class=\"tablaTech\">\n<li>\n<div class=\"boxContents no-border\">\n<div class=\"name\"><strong>TAILLE<\/strong><\/div>\n<div class=\"data\">\u00f880 x76 cm<\/div>\n<\/div>\n<\/li>\n<li>\n<div class=\"boxContents no-border\">\n<div class=\"name\"><strong>VOLUME DE PLANTATION<\/strong><\/div>\n<div class=\"data\">207\u00a0litros<\/div>\n<\/div>\n<\/li>\n<\/ul>\n<p>&nbsp;<\/p>\n<p>[\/vc_column_text][\/vc_column][\/vc_row][vc_row disable_element=&#8221;yes&#8221;][vc_column][vc_single_image image=&#8221;6566&#8243; img_size=&#8221;full&#8221;][\/vc_column][\/vc_row][vc_row][vc_column width=&#8221;1\/2&#8243;][vc_btn title=&#8221;Fiche technique&#8221; style=&#8221;custom&#8221; custom_background=&#8221;#009bc2&#8243; custom_text=&#8221;#ffffff&#8221; shape=&#8221;square&#8221; link=&#8221;url:https%3A%2F%2Fbit.ly%2F39JJRwy|target:%20_blank|&#8221; el_class=&#8221;btn_descargar_ficha&#8221;][\/vc_column][vc_column width=&#8221;1\/2&#8243;][vc_btn title=&#8221;Manuel d&apos;instrutions&#8221; style=&#8221;custom&#8221; custom_background=&#8221;#009bc2&#8243; custom_text=&#8221;#ffffff&#8221; shape=&#8221;square&#8221; link=&#8221;url:https%3A%2F%2Fdeveloping.newgarden.es%2Ffr%2F%3Fpage_id%3D25150|target:%20_blank|&#8221; el_class=&#8221;btn_descargar_ficha&#8221;][\/vc_column][\/vc_row]<\/p>\n<\/section>","protected":false},"excerpt":{"rendered":"<h1 style=\"font-size: 12px;\">Grand pot de fleurs Magnolia 80 de couleur opaque<\/h1>\n","protected":false},"featured_media":60825,"template":"","meta":[],"product_cat":[643,747,1592],"product_tag":[],"class_list":{"0":"post-42258","1":"product","2":"type-product","3":"status-publish","4":"has-post-thumbnail","6":"product_cat-pot-de-fleur","7":"product_cat-pots-de-fleurs-sans-eclairage","8":"product_cat-pots-de-fleurs-ronds","10":"first","11":"instock","12":"taxable","13":"shipping-taxable","14":"purchasable","15":"product-type-variable"},"df_price":336,"df_sale_price":"","df_regular_price":336,"df_image_link":"https:\/\/developing.newgarden.es\/wp-content\/uploads\/2022\/03\/magnolia_80_1200x1200-18-300x300.jpg","_links":{"self":[{"href":"https:\/\/developing.newgarden.es\/fr\/wp-json\/wp\/v2\/product\/42258"}],"collection":[{"href":"https:\/\/developing.newgarden.es\/fr\/wp-json\/wp\/v2\/product"}],"about":[{"href":"https:\/\/developing.newgarden.es\/fr\/wp-json\/wp\/v2\/types\/product"}],"wp:featuredmedia":[{"embeddable":true,"href":"https:\/\/developing.newgarden.es\/fr\/wp-json\/wp\/v2\/media\/60825"}],"wp:attachment":[{"href":"https:\/\/developing.newgarden.es\/fr\/wp-json\/wp\/v2\/media?parent=42258"}],"wp:term":[{"taxonomy":"product_cat","embeddable":true,"href":"https:\/\/developing.newgarden.es\/fr\/wp-json\/wp\/v2\/product_cat?post=42258"},{"taxonomy":"product_tag","embeddable":true,"href":"https:\/\/developing.newgarden.es\/fr\/wp-json\/wp\/v2\/product_tag?post=42258"}],"curies":[{"name":"wp","href":"https:\/\/api.w.org\/{rel}","templated":true}]}}