{"id":42161,"date":"2022-03-01T16:17:49","date_gmt":"2022-03-01T15:17:52","guid":{"rendered":"https:\/\/newgarden.es\/?post_type=product&#038;p=42161"},"modified":"2024-05-27T11:10:01","modified_gmt":"2024-05-27T09:10:01","slug":"pique-solaire-gretita","status":"publish","type":"product","link":"https:\/\/developing.newgarden.es\/fr\/shop\/lightdeco-fr\/portables\/pique-solaire-gretita\/","title":{"rendered":"GRETITA PIQUE SOLAIRE DE JARDIN (4 PCS) &#8211; COULEUR NOIR"},"content":{"rendered":"<section class=\"wpb-content-wrapper\"><p>[vc_row][vc_column][vc_column_text][\/vc_column_text][\/vc_column][\/vc_row][vc_row][vc_column][vc_column_text]La lampe solaire Gretita est une lampe de jardin \u00e0 charge solaire. Fabriqu\u00e9e \u00e0 partir de plastique recycl\u00e9 et dot\u00e9e d&#8217;un panneau solaire sur le dessus pour la recharger, elle peut \u00eatre plac\u00e9e dans les all\u00e9es, au bord de la piscine ou m\u00eame dans une jardini\u00e8re, car sa polyvalence est illimit\u00e9e. Gr\u00e2ce \u00e0 son capteur de cr\u00e9puscule, vous pouvez oublier de l&#8217;allumer ou de l&#8217;\u00e9teindre, car elle s&#8217;allume automatiquement lorsqu&#8217;elle d\u00e9tecte que la lumi\u00e8re du soleil diminue.<\/p>\n<p>La lampe solaire Gretita est fabriqu\u00e9e \u00e0 partir de mat\u00e9riaux recycl\u00e9s provenant des oc\u00e9ans. Il s&#8217;agit d&#8217;un produit durable qui donne une nouvelle vie aux d\u00e9chets plastiques sous la forme d&#8217;une lampe. Disponible en blanc ou en noir.<\/p>\n<p>Chaque bo\u00eete contient 4 Gretitas[\/vc_column_text][\/vc_column][\/vc_row][vc_row][vc_column width=&#8221;1\/2&#8243;][vc_btn title=&#8221;Fiche technique&#8221; style=&#8221;custom&#8221; custom_background=&#8221;#009bc2&#8243; custom_text=&#8221;#ffffff&#8221; shape=&#8221;square&#8221; el_class=&#8221;btn_descargar_ficha&#8221; link=&#8221;url:https%3A%2F%2Fbit.ly%2F39MEQmQ|target:%20_blank|&#8221;][\/vc_column][vc_column width=&#8221;1\/2&#8243;][vc_btn title=&#8221;Manuel d&apos;instrutions&#8221; style=&#8221;custom&#8221; custom_background=&#8221;#009bc2&#8243; custom_text=&#8221;#ffffff&#8221; shape=&#8221;square&#8221; el_class=&#8221;btn_descargar_ficha&#8221; link=&#8221;url:https%3A%2F%2Fbit.ly%2F3OSavlv|target:%20_blank|&#8221;][\/vc_column][\/vc_row]<\/p>\n<\/section>","protected":false},"excerpt":{"rendered":"<h5><strong>Lampe solaire Greta (lampe 5 en 1) &#8211; blanc<\/strong><\/h5>\n","protected":false},"featured_media":57133,"template":"","meta":[],"product_cat":[651,1580,754],"product_tag":[707,648],"class_list":{"0":"post-42161","1":"product","2":"type-product","3":"status-publish","4":"has-post-thumbnail","6":"product_cat-lightdeco-fr","7":"product_cat-balises-et-piques-fr","8":"product_cat-portables","9":"product_tag-sans-fil","10":"product_tag-solaire","12":"first","13":"instock","14":"taxable","15":"shipping-taxable","16":"purchasable","17":"product-type-variable"},"df_price":143.1,"df_sale_price":"","df_regular_price":143.1,"df_image_link":"https:\/\/developing.newgarden.es\/wp-content\/uploads\/2022\/03\/GRETITA_PICA_BW_1200X1200-5-300x300.jpg","_links":{"self":[{"href":"https:\/\/developing.newgarden.es\/fr\/wp-json\/wp\/v2\/product\/42161"}],"collection":[{"href":"https:\/\/developing.newgarden.es\/fr\/wp-json\/wp\/v2\/product"}],"about":[{"href":"https:\/\/developing.newgarden.es\/fr\/wp-json\/wp\/v2\/types\/product"}],"wp:featuredmedia":[{"embeddable":true,"href":"https:\/\/developing.newgarden.es\/fr\/wp-json\/wp\/v2\/media\/57133"}],"wp:attachment":[{"href":"https:\/\/developing.newgarden.es\/fr\/wp-json\/wp\/v2\/media?parent=42161"}],"wp:term":[{"taxonomy":"product_cat","embeddable":true,"href":"https:\/\/developing.newgarden.es\/fr\/wp-json\/wp\/v2\/product_cat?post=42161"},{"taxonomy":"product_tag","embeddable":true,"href":"https:\/\/developing.newgarden.es\/fr\/wp-json\/wp\/v2\/product_tag?post=42161"}],"curies":[{"name":"wp","href":"https:\/\/api.w.org\/{rel}","templated":true}]}}