{"id":42042,"date":"2022-03-01T15:11:44","date_gmt":"2022-03-01T14:11:46","guid":{"rendered":"https:\/\/newgarden.es\/?post_type=product&#038;p=42042"},"modified":"2024-06-13T15:15:30","modified_gmt":"2024-06-13T13:15:30","slug":"lampadaire-sans-fil-santorini","status":"publish","type":"product","link":"https:\/\/developing.newgarden.es\/fr\/shop\/lightdeco-fr\/lampadaire\/lampadaire-sans-fil-santorini\/","title":{"rendered":"LAMPADAIRE SANS FIL SANTORINI"},"content":{"rendered":"<section class=\"wpb-content-wrapper\"><p>[vc_row][vc_column][vc_column_text][\/vc_column_text][\/vc_column][\/vc_row][vc_row][vc_column][vc_column_text]Santorini est un lampadaire qui n&#8217;a pas besoin de c\u00e2bles. Son corps en m\u00e9tal laqu\u00e9 blanc atteint une hauteur maximale de 165 cm, ce qui en fait le lampadaire \u00e0 arc id\u00e9al pour tout espace de jardin. Son abat-jour est tiss\u00e9 \u00e0 la main en fibres naturelles et a un diam\u00e8tre de 27 cm.<\/p>\n<p>Le lampadaire Santorini comprend \u00e9galement un accessoire permettant de fixer l&#8217;arc sup\u00e9rieur au mur, ce qui en fait 2 lampes en 1.<\/p>\n<p>Il int\u00e8gre une ampoule portable rechargeable de 900 lumens qui ne n\u00e9cessite aucune installation, il suffit de l&#8217;approcher de la lampe pour qu&#8217;elle y adh\u00e8re gr\u00e2ce \u00e0 sa base aimant\u00e9e. Cette ampoule comprend \u00e9galement une t\u00e9l\u00e9commande pour l&#8217;allumer, l&#8217;\u00e9teindre et en r\u00e9gler l&#8217;intensit\u00e9.[\/vc_column_text][vc_video link=&#8221;https:\/\/youtu.be\/NSoy01-qQhw&#8221;][\/vc_column][\/vc_row][vc_row][vc_column width=&#8221;1\/2&#8243;][vc_btn title=&#8221;Fiche technique&#8221; style=&#8221;custom&#8221; custom_background=&#8221;#009bc2&#8243; custom_text=&#8221;#ffffff&#8221; shape=&#8221;square&#8221; el_class=&#8221;btn_descargar_ficha&#8221; link=&#8221;url:https%3A%2F%2Fbit.ly%2F3nagcj6|target:%20_blank|&#8221;][\/vc_column][vc_column width=&#8221;1\/2&#8243;][vc_btn title=&#8221;Manuel d&apos;instrutions&#8221; style=&#8221;custom&#8221; custom_background=&#8221;#009bc2&#8243; custom_text=&#8221;#ffffff&#8221; shape=&#8221;square&#8221; el_class=&#8221;btn_descargar_ficha&#8221; link=&#8221;url:https%3A%2F%2Fbit.ly%2F3zPNfQC|target:%20_blank|&#8221;][\/vc_column][\/vc_row]<\/p>\n<\/section>","protected":false},"excerpt":{"rendered":"<h5><strong>Lampadaire \u00e0 arc sans fil Santorini<\/strong><\/h5>\n","protected":false},"featured_media":53893,"template":"","meta":[],"product_cat":[1695,651,654],"product_tag":[653,707],"class_list":{"0":"post-42042","1":"product","2":"type-product","3":"status-publish","4":"has-post-thumbnail","6":"product_cat-productos-fr","7":"product_cat-lightdeco-fr","8":"product_cat-lampadaire","9":"product_tag-batterie","10":"product_tag-sans-fil","12":"first","13":"instock","14":"taxable","15":"shipping-taxable","16":"purchasable","17":"product-type-variable","18":"has-default-attributes"},"df_price":180.8,"df_sale_price":"","df_regular_price":180.8,"df_image_link":"https:\/\/developing.newgarden.es\/wp-content\/uploads\/2022\/03\/SANTORINI_BATTERY_1200X1200-6-300x300.jpg","_links":{"self":[{"href":"https:\/\/developing.newgarden.es\/fr\/wp-json\/wp\/v2\/product\/42042"}],"collection":[{"href":"https:\/\/developing.newgarden.es\/fr\/wp-json\/wp\/v2\/product"}],"about":[{"href":"https:\/\/developing.newgarden.es\/fr\/wp-json\/wp\/v2\/types\/product"}],"wp:featuredmedia":[{"embeddable":true,"href":"https:\/\/developing.newgarden.es\/fr\/wp-json\/wp\/v2\/media\/53893"}],"wp:attachment":[{"href":"https:\/\/developing.newgarden.es\/fr\/wp-json\/wp\/v2\/media?parent=42042"}],"wp:term":[{"taxonomy":"product_cat","embeddable":true,"href":"https:\/\/developing.newgarden.es\/fr\/wp-json\/wp\/v2\/product_cat?post=42042"},{"taxonomy":"product_tag","embeddable":true,"href":"https:\/\/developing.newgarden.es\/fr\/wp-json\/wp\/v2\/product_tag?post=42042"}],"curies":[{"name":"wp","href":"https:\/\/api.w.org\/{rel}","templated":true}]}}