{"id":41998,"date":"2022-03-01T14:36:18","date_gmt":"2022-03-01T13:36:22","guid":{"rendered":"https:\/\/newgarden.es\/?post_type=product&#038;p=41998"},"modified":"2024-06-13T14:58:38","modified_gmt":"2024-06-13T12:58:38","slug":"lampadaire-a-arc-sans-fil-niza-2","status":"publish","type":"product","link":"https:\/\/developing.newgarden.es\/fr\/shop\/lightdeco-fr\/lampadaire\/lampadaire-a-arc-sans-fil-niza-2\/","title":{"rendered":"LAMPADAIRE \u00c0 ARC SANS FIL NIZA 165"},"content":{"rendered":"<section class=\"wpb-content-wrapper\"><p>[vc_row][vc_column][vc_column_text][\/vc_column_text][\/vc_column][\/vc_row][vc_row][vc_column][vc_column_text]Niza est un lampadaire qui ne n\u00e9cessite aucun c\u00e2ble. Son corps en m\u00e9tal laqu\u00e9 noir atteint une hauteur maximale de 165 cm, ce qui en fait le lampadaire arc id\u00e9al pour tout espace de jardin. Son abat-jour est tress\u00e9 \u00e0 la main avec des fibres naturelles et a un diam\u00e8tre de 40 cm.<\/p>\n<p>Le lampadaire Nice comprend \u00e9galement un accessoire permettant de fixer l&#8217;arc sup\u00e9rieur au mur, ce qui en fait 2 lampes en 1.<\/p>\n<p>Il peut \u00eatre combin\u00e9 avec le mod\u00e8le plus grand NIZA 215.<\/p>\n<p>Il incorpore une ampoule portable rechargeable de 900 lumens qui ne n\u00e9cessite aucune installation, il suffit de l&#8217;approcher de la lampe pour qu&#8217;elle y adh\u00e8re gr\u00e2ce \u00e0 sa base magn\u00e9tique. Cette ampoule comprend \u00e9galement une t\u00e9l\u00e9commande qui permet de l&#8217;allumer, de l&#8217;\u00e9teindre et de r\u00e9gler son intensit\u00e9.<\/p>\n<p>Elle est \u00e9galement disponible dans une taille plus grande : NIZA 215.<\/p>\n<p><strong>*La vid\u00e9o correspond \u00e0 NIZA 215.<\/strong><\/p>\n<p>[\/vc_column_text][vc_video link=&#8221;https:\/\/youtu.be\/NSoy01-qQhw&#8221;][\/vc_column][\/vc_row][vc_row][vc_column width=&#8221;1\/2&#8243;][vc_btn title=&#8221;Fiche technique&#8221; style=&#8221;custom&#8221; custom_background=&#8221;#009bc2&#8243; custom_text=&#8221;#ffffff&#8221; shape=&#8221;square&#8221; el_class=&#8221;btn_descargar_ficha&#8221; link=&#8221;url:https%3A%2F%2Fbit.ly%2F3OpPnDu|target:%20_blank|&#8221;][\/vc_column][vc_column width=&#8221;1\/2&#8243;][vc_btn title=&#8221;Manuel d&apos;instrutions&#8221; style=&#8221;custom&#8221; custom_background=&#8221;#009bc2&#8243; custom_text=&#8221;#ffffff&#8221; shape=&#8221;square&#8221; el_class=&#8221;btn_descargar_ficha&#8221; link=&#8221;url:https%3A%2F%2Fbit.ly%2F3zM3TAJ|target:%20_blank|&#8221;][\/vc_column][\/vc_row]<\/p>\n<\/section>","protected":false},"excerpt":{"rendered":"<h5><strong>Lampadaire \u00e0 arc sans fil Niza<\/strong><\/h5>\n","protected":false},"featured_media":53593,"template":"","meta":[],"product_cat":[1695,651,654],"product_tag":[653,707],"class_list":{"0":"post-41998","1":"product","2":"type-product","3":"status-publish","4":"has-post-thumbnail","6":"product_cat-productos-fr","7":"product_cat-lightdeco-fr","8":"product_cat-lampadaire","9":"product_tag-batterie","10":"product_tag-sans-fil","12":"first","13":"instock","14":"taxable","15":"shipping-taxable","16":"purchasable","17":"product-type-variable","18":"has-default-attributes"},"df_price":212.9,"df_sale_price":"","df_regular_price":212.9,"df_image_link":"https:\/\/developing.newgarden.es\/wp-content\/uploads\/2022\/03\/NIZA_165_BATTERY_1200X1200-1-300x300.jpg","_links":{"self":[{"href":"https:\/\/developing.newgarden.es\/fr\/wp-json\/wp\/v2\/product\/41998"}],"collection":[{"href":"https:\/\/developing.newgarden.es\/fr\/wp-json\/wp\/v2\/product"}],"about":[{"href":"https:\/\/developing.newgarden.es\/fr\/wp-json\/wp\/v2\/types\/product"}],"wp:featuredmedia":[{"embeddable":true,"href":"https:\/\/developing.newgarden.es\/fr\/wp-json\/wp\/v2\/media\/53593"}],"wp:attachment":[{"href":"https:\/\/developing.newgarden.es\/fr\/wp-json\/wp\/v2\/media?parent=41998"}],"wp:term":[{"taxonomy":"product_cat","embeddable":true,"href":"https:\/\/developing.newgarden.es\/fr\/wp-json\/wp\/v2\/product_cat?post=41998"},{"taxonomy":"product_tag","embeddable":true,"href":"https:\/\/developing.newgarden.es\/fr\/wp-json\/wp\/v2\/product_tag?post=41998"}],"curies":[{"name":"wp","href":"https:\/\/api.w.org\/{rel}","templated":true}]}}