{"id":41906,"date":"2022-03-01T09:50:06","date_gmt":"2022-03-01T08:50:09","guid":{"rendered":"https:\/\/newgarden.es\/?post_type=product&#038;p=41906"},"modified":"2024-06-11T08:41:23","modified_gmt":"2024-06-11T06:41:23","slug":"lampe-murale-sans-fil-bossa-25","status":"publish","type":"product","link":"https:\/\/developing.newgarden.es\/fr\/shop\/lightdeco-fr\/appliques\/lampe-murale-sans-fil-bossa-25\/","title":{"rendered":"LAMPE MURALE SANS FIL BOSSA WALL"},"content":{"rendered":"<section class=\"wpb-content-wrapper\"><p>[vc_row][vc_column][vc_column_text][\/vc_column_text][\/vc_column][\/vc_row][vc_row][vc_column][vc_column_text]L&#8217;applique Bossa 25 est tiss\u00e9e \u00e0 la main \u00e0 partir de fibres naturelles. Tr\u00e8s facile \u00e0 installer, cette applique deviendra indispensable pour \u00e9clairer n&#8217;importe quel espace de votre jardin, en lui donnant une touche naturelle.<\/p>\n<p>Elle int\u00e8gre une ampoule portable rechargeable de 900 lumens qui ne n\u00e9cessite aucune installation, il suffit de l&#8217;approcher de la lampe pour qu&#8217;elle y adh\u00e8re gr\u00e2ce \u00e0 sa base aimant\u00e9e. Cette ampoule est \u00e9galement \u00e9quip\u00e9e d&#8217;une t\u00e9l\u00e9commande qui permet de l&#8217;allumer, de l&#8217;\u00e9teindre et d&#8217;en r\u00e9gler l&#8217;intensit\u00e9.<\/p>\n<p>Cette lampe fait partie de la famille Bossa et peut \u00eatre combin\u00e9e avec une lampe suspendue, une lampe de table et un lampadaire.[\/vc_column_text][vc_video link=&#8221;https:\/\/youtu.be\/YEtzCTqHdwg&#8221;][\/vc_column][\/vc_row][vc_row][vc_column width=&#8221;1\/2&#8243;][vc_btn title=&#8221;Fiche technique&#8221; style=&#8221;custom&#8221; custom_background=&#8221;#009bc2&#8243; custom_text=&#8221;#ffffff&#8221; shape=&#8221;square&#8221; el_class=&#8221;btn_descargar_ficha&#8221; link=&#8221;url:https%3A%2F%2Fbit.ly%2F3HGwWZ1|target:%20_blank|&#8221;][\/vc_column][vc_column width=&#8221;1\/2&#8243;][vc_btn title=&#8221;Manuel d&apos;instrutions&#8221; style=&#8221;custom&#8221; custom_background=&#8221;#009bc2&#8243; custom_text=&#8221;#ffffff&#8221; shape=&#8221;square&#8221; el_class=&#8221;btn_descargar_ficha&#8221; link=&#8221;url:https%3A%2F%2Fbit.ly%2F3BzqIJf|target:%20_blank|&#8221;][\/vc_column][\/vc_row]<\/p>\n<\/section>","protected":false},"excerpt":{"rendered":"<h6>Lampe murale sans fil Bossa 25<\/h6>\n","protected":false},"featured_media":56750,"template":"","meta":[],"product_cat":[651,757],"product_tag":[653,707],"class_list":{"0":"post-41906","1":"product","2":"type-product","3":"status-publish","4":"has-post-thumbnail","6":"product_cat-lightdeco-fr","7":"product_cat-appliques","8":"product_tag-batterie","9":"product_tag-sans-fil","11":"first","12":"instock","13":"taxable","14":"shipping-taxable","15":"purchasable","16":"product-type-variable","17":"has-default-attributes"},"df_price":51.5,"df_sale_price":"","df_regular_price":51.5,"df_image_link":"https:\/\/developing.newgarden.es\/wp-content\/uploads\/2022\/03\/BOSSA_WALL_BATTERY_1200X1200-6-300x300.jpg","_links":{"self":[{"href":"https:\/\/developing.newgarden.es\/fr\/wp-json\/wp\/v2\/product\/41906"}],"collection":[{"href":"https:\/\/developing.newgarden.es\/fr\/wp-json\/wp\/v2\/product"}],"about":[{"href":"https:\/\/developing.newgarden.es\/fr\/wp-json\/wp\/v2\/types\/product"}],"wp:featuredmedia":[{"embeddable":true,"href":"https:\/\/developing.newgarden.es\/fr\/wp-json\/wp\/v2\/media\/56750"}],"wp:attachment":[{"href":"https:\/\/developing.newgarden.es\/fr\/wp-json\/wp\/v2\/media?parent=41906"}],"wp:term":[{"taxonomy":"product_cat","embeddable":true,"href":"https:\/\/developing.newgarden.es\/fr\/wp-json\/wp\/v2\/product_cat?post=41906"},{"taxonomy":"product_tag","embeddable":true,"href":"https:\/\/developing.newgarden.es\/fr\/wp-json\/wp\/v2\/product_tag?post=41906"}],"curies":[{"name":"wp","href":"https:\/\/api.w.org\/{rel}","templated":true}]}}