{"id":41857,"date":"2022-02-25T10:54:06","date_gmt":"2022-02-25T09:54:11","guid":{"rendered":"https:\/\/newgarden.es\/?post_type=product&#038;p=41857"},"modified":"2024-06-13T10:47:39","modified_gmt":"2024-06-13T08:47:39","slug":"pot-geant-magnolia-120-avec-lumiere","status":"publish","type":"product","link":"https:\/\/developing.newgarden.es\/fr\/shop\/pot-de-fleur\/maceteros-con-luz-fr\/pot-geant-magnolia-120-avec-lumiere\/","title":{"rendered":"POT G\u00c9ANT MAGNOLIA 120 AVEC LUMI\u00c8RE"},"content":{"rendered":"<section class=\"wpb-content-wrapper\"><p>[vc_row][vc_column el_class=&#8221;descripcion_producto&#8221;][vc_column_text]<br \/>\nMAGNOLIA est consid\u00e9r\u00e9e comme l&#8217;une des jardini\u00e8res vedettes de la collection Newgarden. Sa grande vari\u00e9t\u00e9 de finitions, de tailles et de couleurs en fait un indispensable de la gamme des jardini\u00e8res rondes.<\/p>\n<p>Magnolia 120 est id\u00e9al comme mobilier urbain en raison de son design, de ses dimensions et de sa stabilit\u00e9 (il peut peser jusqu&#8217;\u00e0 une tonne en finition color\u00e9e). Un substitut pratique et \u00e9l\u00e9gant \u00e0 la borne.<\/p>\n<p>Tous les produits Newgarden sont fabriqu\u00e9s en poly\u00e9thyl\u00e8ne, ce qui leur conf\u00e8re une grande r\u00e9sistance aux temp\u00e9ratures extr\u00eames. Ils sont \u00e9galement prot\u00e9g\u00e9s contre les UV, ce qui leur conf\u00e8re une dur\u00e9e de vie extraordinairement longue.<\/p>\n<p style=\"text-align: justify;\">\n<ul class=\"tablaTech\">\n<li>\n<div class=\"boxContents no-border\">\n<div class=\"name\"><strong>TAILLE<\/strong><\/div>\n<div class=\"data\">\u00f8120 x 114 cm<\/div>\n<\/div>\n<\/li>\n<li>\n<div class=\"boxContents no-border\">\n<div class=\"name\"><strong>VOLUME DE PLANTATION<\/strong><\/div>\n<div class=\"data\">282\u00a0litros<\/div>\n<\/div>\n<\/li>\n<\/ul>\n<p>[\/vc_column_text][\/vc_column][\/vc_row][vc_row disable_element=&#8221;yes&#8221;][vc_column][vc_single_image image=&#8221;6566&#8243; img_size=&#8221;full&#8221;][\/vc_column][\/vc_row][vc_row][vc_column width=&#8221;1\/2&#8243;][vc_btn title=&#8221;Fiche technique&#8221; style=&#8221;custom&#8221; custom_background=&#8221;#009bc2&#8243; custom_text=&#8221;#ffffff&#8221; shape=&#8221;square&#8221; link=&#8221;url:https%3A%2F%2Fbit.ly%2F3OBmVys|&#8221;][vc_btn title=&#8221;Fiche technique&#8221; style=&#8221;custom&#8221; custom_background=&#8221;#009bc2&#8243; custom_text=&#8221;#ffffff&#8221; shape=&#8221;square&#8221; link=&#8221;url:https%3A%2F%2Fbit.ly%2F3I0xf0Z|&#8221;][\/vc_column][vc_column width=&#8221;1\/2&#8243;][vc_btn title=&#8221;MANUAL INSTRUCCIONES CABLE&#8221; style=&#8221;custom&#8221; custom_background=&#8221;#009bc2&#8243; custom_text=&#8221;#ffffff&#8221; shape=&#8221;square&#8221; link=&#8221;url:https%3A%2F%2Fbit.ly%2F3PSWHZn|&#8221;][vc_btn title=&#8221;MANUAL INSTRUCCIONES SOLAR + BATT&#8221; style=&#8221;custom&#8221; custom_background=&#8221;#009bc2&#8243; custom_text=&#8221;#ffffff&#8221; shape=&#8221;square&#8221; link=&#8221;url:https%3A%2F%2Fbit.ly%2F3zSx1qd|&#8221;][\/vc_column][\/vc_row]<\/p>\n<\/section>","protected":false},"excerpt":{"rendered":"<h1 style=\"font-size: 12px;\">Pot g\u00e9ant Magnolia 120 avec lumi\u00e8re<\/h1>\n","protected":false},"featured_media":58892,"template":"","meta":[],"product_cat":[643,646,1592],"product_tag":[647,707,648],"class_list":{"0":"post-41857","1":"product","2":"type-product","3":"status-publish","4":"has-post-thumbnail","6":"product_cat-pot-de-fleur","7":"product_cat-maceteros-con-luz-fr","8":"product_cat-pots-de-fleurs-ronds","9":"product_tag-cable-fr","10":"product_tag-sans-fil","11":"product_tag-solaire","13":"first","14":"instock","15":"taxable","16":"shipping-taxable","17":"purchasable","18":"product-type-variable"},"df_price":996.8,"df_sale_price":"","df_regular_price":996.8,"df_image_link":"https:\/\/developing.newgarden.es\/wp-content\/uploads\/2022\/03\/MAGNOLIA_160_1200X1200-300x300.jpg","_links":{"self":[{"href":"https:\/\/developing.newgarden.es\/fr\/wp-json\/wp\/v2\/product\/41857"}],"collection":[{"href":"https:\/\/developing.newgarden.es\/fr\/wp-json\/wp\/v2\/product"}],"about":[{"href":"https:\/\/developing.newgarden.es\/fr\/wp-json\/wp\/v2\/types\/product"}],"wp:featuredmedia":[{"embeddable":true,"href":"https:\/\/developing.newgarden.es\/fr\/wp-json\/wp\/v2\/media\/58892"}],"wp:attachment":[{"href":"https:\/\/developing.newgarden.es\/fr\/wp-json\/wp\/v2\/media?parent=41857"}],"wp:term":[{"taxonomy":"product_cat","embeddable":true,"href":"https:\/\/developing.newgarden.es\/fr\/wp-json\/wp\/v2\/product_cat?post=41857"},{"taxonomy":"product_tag","embeddable":true,"href":"https:\/\/developing.newgarden.es\/fr\/wp-json\/wp\/v2\/product_tag?post=41857"}],"curies":[{"name":"wp","href":"https:\/\/api.w.org\/{rel}","templated":true}]}}