{"id":41290,"date":"2022-01-28T12:11:19","date_gmt":"2022-01-28T11:11:29","guid":{"rendered":"https:\/\/newgarden.es\/?post_type=product&#038;p=41290"},"modified":"2024-06-13T10:31:37","modified_gmt":"2024-06-13T08:31:37","slug":"pot-de-fleurs-geant-magnolia-120","status":"publish","type":"product","link":"https:\/\/developing.newgarden.es\/fr\/shop\/pot-de-fleur\/pots-de-fleurs-sans-eclairage\/pot-de-fleurs-geant-magnolia-120\/","title":{"rendered":"POT DE FLEURS G\u00c9ANT MAGNOLIA 120"},"content":{"rendered":"<section class=\"wpb-content-wrapper\"><p>[vc_row][vc_column el_class=&#8221;descripcion_producto&#8221;][vc_column_text]Le Magnolia est consid\u00e9r\u00e9 comme l&#8217;une des jardini\u00e8res vedettes de la collection Newgarden. Sa grande vari\u00e9t\u00e9 de finitions, de tailles et de couleurs en fait un indispensable de la gamme des jardini\u00e8res rondes.<\/p>\n<p>Magnolia 120 est id\u00e9al pour le mobilier urbain en raison de son design, de sa taille et de sa stabilit\u00e9. Un substitut pratique et \u00e9l\u00e9gant \u00e0 la borne.<\/p>\n<p>Tous les produits Newgarden sont fabriqu\u00e9s en poly\u00e9thyl\u00e8ne, ce qui leur conf\u00e8re une grande r\u00e9sistance aux temp\u00e9ratures extr\u00eames. Ils sont \u00e9galement prot\u00e9g\u00e9s contre les rayons UV, ce qui leur conf\u00e8re une dur\u00e9e de vie extraordinairement longue.<\/p>\n<p>&nbsp;<\/p>\n<ul class=\"tablaTech\">\n<li>\n<div class=\"boxContents no-border\">\n<div class=\"name\"><strong>TAILLE<\/strong><\/div>\n<div class=\"data\">\u00f8120 x 114 cm<\/div>\n<\/div>\n<\/li>\n<li>\n<div class=\"boxContents no-border\">\n<div class=\"name\"><strong>VOLUME DE PLANTATION<\/strong><\/div>\n<div class=\"data\">752,6\u00a0litros<\/div>\n<\/div>\n<\/li>\n<\/ul>\n<p>[\/vc_column_text][\/vc_column][\/vc_row][vc_row disable_element=&#8221;yes&#8221;][vc_column][vc_single_image image=&#8221;6566&#8243; img_size=&#8221;full&#8221;][\/vc_column][\/vc_row][vc_row][vc_column width=&#8221;1\/2&#8243;][vc_btn title=&#8221;FICHA T\u00c9NICA&#8221; style=&#8221;custom&#8221; custom_background=&#8221;#009bc2&#8243; custom_text=&#8221;#ffffff&#8221; shape=&#8221;square&#8221; link=&#8221;url:https%3A%2F%2Fbit.ly%2F3tURAi2|target:%20_blank|&#8221; el_class=&#8221;btn_descargar_ficha&#8221;][\/vc_column][vc_column width=&#8221;1\/2&#8243;][\/vc_column][\/vc_row]<\/p>\n<\/section>","protected":false},"excerpt":{"rendered":"<h5><strong>Pot de fleurs g\u00e9ant Magnolia 120 de couleur opaque<\/strong><\/h5>\n","protected":false},"featured_media":60900,"template":"","meta":[],"product_cat":[643,747,1592],"product_tag":[],"class_list":{"0":"post-41290","1":"product","2":"type-product","3":"status-publish","4":"has-post-thumbnail","6":"product_cat-pot-de-fleur","7":"product_cat-pots-de-fleurs-sans-eclairage","8":"product_cat-pots-de-fleurs-ronds","10":"first","11":"instock","12":"taxable","13":"shipping-taxable","14":"purchasable","15":"product-type-variable"},"df_price":894.9,"df_sale_price":"","df_regular_price":894.9,"df_image_link":"https:\/\/developing.newgarden.es\/wp-content\/uploads\/2022\/01\/MAGNOLIA_1200X1200-3-300x300.jpg","_links":{"self":[{"href":"https:\/\/developing.newgarden.es\/fr\/wp-json\/wp\/v2\/product\/41290"}],"collection":[{"href":"https:\/\/developing.newgarden.es\/fr\/wp-json\/wp\/v2\/product"}],"about":[{"href":"https:\/\/developing.newgarden.es\/fr\/wp-json\/wp\/v2\/types\/product"}],"wp:featuredmedia":[{"embeddable":true,"href":"https:\/\/developing.newgarden.es\/fr\/wp-json\/wp\/v2\/media\/60900"}],"wp:attachment":[{"href":"https:\/\/developing.newgarden.es\/fr\/wp-json\/wp\/v2\/media?parent=41290"}],"wp:term":[{"taxonomy":"product_cat","embeddable":true,"href":"https:\/\/developing.newgarden.es\/fr\/wp-json\/wp\/v2\/product_cat?post=41290"},{"taxonomy":"product_tag","embeddable":true,"href":"https:\/\/developing.newgarden.es\/fr\/wp-json\/wp\/v2\/product_tag?post=41290"}],"curies":[{"name":"wp","href":"https:\/\/api.w.org\/{rel}","templated":true}]}}