{"id":38286,"date":"2021-09-29T13:48:20","date_gmt":"2021-09-29T11:48:23","guid":{"rendered":"https:\/\/newgarden.es\/?post_type=product&#038;p=38286"},"modified":"2022-01-25T15:44:53","modified_gmt":"2022-01-25T14:44:53","slug":"boule-lumineuse-buly-20-usage-interieur","status":"publish","type":"product","link":"https:\/\/developing.newgarden.es\/fr\/shop\/lightdeco-fr\/lampe-a-cote\/boule-lumineuse-buly-20-usage-interieur\/","title":{"rendered":"BOULE LUMINEUSE BULY 20 | USAGE INT\u00c9RIEUR"},"content":{"rendered":"<section class=\"wpb-content-wrapper\"><p>[vc_row][vc_column el_class=&#8221;descripcion_producto&#8221;][vc_column_text]<br \/>\nBOULE LUMINEUSE<strong> BULY 20<\/strong> | USAGE INT\u00c9RIEUR:<\/p>\n<p>La boule lumineuse <strong>Buly<\/strong> est \u00e9galement disponible en plusieurs tailles : 20, 30, 40, 50, 60 et 80.\u00a0La lampe lumineuse\u00a0<strong data-sanitized-data-mce-fragment=\"1\">Buly<\/strong>, pour donner une touche diff\u00e9rente \u00e0 vos soir\u00e9es ou ajouter une ambiance chaleureuse sur n&#8217;importe quel de vos meubles ou table d&#8217;appoint.<\/p>\n<p><em>Tous les produits Newgarden sont fabriqu\u00e9s en poly\u00e9thyl\u00e8ne, ce qui les rend l\u00e9gers et tr\u00e8s r\u00e9sistants.<\/em><\/p>\n<ul class=\"tablaTech\">\n<li>\n<div class=\"boxContents no-border\">\n<div class=\"name\"><strong>TAILLE BULY 20<\/strong><\/div>\n<div class=\"data\">\u00f820 x 17 cm<\/div>\n<\/div>\n<\/li>\n<\/ul>\n<p>[\/vc_column_text][\/vc_column][\/vc_row][vc_row disable_element=&#8221;yes&#8221;][vc_column][vc_single_image image=&#8221;6566&#8243; img_size=&#8221;full&#8221;][\/vc_column][\/vc_row][vc_row][vc_column width=&#8221;1\/2&#8243;][vc_btn title=&#8221;Fiche technique&#8221; style=&#8221;custom&#8221; custom_background=&#8221;#009bc2&#8243; custom_text=&#8221;#ffffff&#8221; shape=&#8221;square&#8221; link=&#8221;url:https%3A%2F%2Fdrive.google.com%2Fdrive%2Ffolders%2F1Jp_nSgrEmxGRLUqd0xH7sP1wnukjd7QS|target:%20_blank|&#8221; el_class=&#8221;btn_descargar_ficha&#8221;][\/vc_column][vc_column width=&#8221;1\/2&#8243;][vc_btn title=&#8221;Manuel d&#8217;instrutions&#8221; style=&#8221;custom&#8221; custom_background=&#8221;#009bc2&#8243; custom_text=&#8221;#ffffff&#8221; shape=&#8221;square&#8221; el_class=&#8221;btn_descargar_ficha&#8221;][\/vc_column][\/vc_row]<\/p>\n<\/section>","protected":false},"excerpt":{"rendered":"<h1 style=\"font-size: 12px;\"><strong>Lampe sph\u00e9rique Buly 20 | usage int\u00e9rieur<\/strong><\/h1>\n<p>&nbsp;<\/p>\n","protected":false},"featured_media":58654,"template":"","meta":[],"product_cat":[1695,651,652,1223,1590],"product_tag":[647,1224],"class_list":{"0":"post-38286","1":"product","2":"type-product","3":"status-publish","4":"has-post-thumbnail","6":"product_cat-productos-fr","7":"product_cat-lightdeco-fr","8":"product_cat-lampe-a-cote","9":"product_cat-interieur","10":"product_cat-interieur-fr","11":"product_tag-cable-fr","12":"product_tag-interieur","14":"first","15":"instock","16":"taxable","17":"shipping-taxable","18":"purchasable","19":"product-type-variable"},"df_price":26.1,"df_sale_price":"","df_regular_price":26.1,"df_image_link":"https:\/\/developing.newgarden.es\/wp-content\/uploads\/2021\/09\/BULY_20_CABLE_1200X1200-2-300x300.jpg","_links":{"self":[{"href":"https:\/\/developing.newgarden.es\/fr\/wp-json\/wp\/v2\/product\/38286"}],"collection":[{"href":"https:\/\/developing.newgarden.es\/fr\/wp-json\/wp\/v2\/product"}],"about":[{"href":"https:\/\/developing.newgarden.es\/fr\/wp-json\/wp\/v2\/types\/product"}],"wp:featuredmedia":[{"embeddable":true,"href":"https:\/\/developing.newgarden.es\/fr\/wp-json\/wp\/v2\/media\/58654"}],"wp:attachment":[{"href":"https:\/\/developing.newgarden.es\/fr\/wp-json\/wp\/v2\/media?parent=38286"}],"wp:term":[{"taxonomy":"product_cat","embeddable":true,"href":"https:\/\/developing.newgarden.es\/fr\/wp-json\/wp\/v2\/product_cat?post=38286"},{"taxonomy":"product_tag","embeddable":true,"href":"https:\/\/developing.newgarden.es\/fr\/wp-json\/wp\/v2\/product_tag?post=38286"}],"curies":[{"name":"wp","href":"https:\/\/api.w.org\/{rel}","templated":true}]}}