{"id":38144,"date":"2021-09-28T14:33:50","date_gmt":"2021-09-28T12:33:53","guid":{"rendered":"https:\/\/newgarden.es\/?post_type=product&#038;p=38144"},"modified":"2022-01-25T15:26:58","modified_gmt":"2022-01-25T14:26:58","slug":"lampe-decorative-saona-30-usage-interieur","status":"publish","type":"product","link":"https:\/\/developing.newgarden.es\/fr\/shop\/lightdeco-fr\/lampe-a-cote\/lampe-decorative-saona-30-usage-interieur\/","title":{"rendered":"LAMPE D\u00c9CORATIVE SAONA 30 | USAGE INT\u00c9RIEUR"},"content":{"rendered":"<section class=\"wpb-content-wrapper\"><p>[vc_row][vc_column][vc_column_text][\/vc_column_text][\/vc_column][\/vc_row][vc_row][vc_column][vc_column_text]LAMPE D\u00c9CORATIVE <strong>SAONA 30<\/strong> | USAGE INT\u00c9RIEUR<\/p>\n<p>La lampe d\u00e9corative sans fil\u00a0<strong>Saona\u00a030<\/strong>\u00a0est tress\u00e9e \u00e0 la main\u00a0en\u00a0fibres naturelles. Cette lampe est le compl\u00e9ment parfait pour \u00e9clairer tout espace de votre maison\u00a0tout\u00a0en lui apportant une touche naturelle.<\/p>\n<p>Cette lampe fait partie de la famille\u00a0<strong>Saona\u00a0<\/strong>, et peut \u00eatre combin\u00e9e avec une lampe \u00e0 suspension.<\/p>\n<p><span style=\"color: #808080;\"><strong>AMPOULE NON INCLUS<\/strong><\/span><\/p>\n<ul class=\"tablaTech\">\n<li>\n<div class=\"boxContents no-border\">\n<div class=\"name\"><strong>TAILLE<\/strong><\/div>\n<div class=\"data\">\u00f825,5 x 32,5<\/div>\n<\/div>\n<\/li>\n<\/ul>\n<p>[\/vc_column_text][vc_video link=&#8221;&#8221;][\/vc_column][\/vc_row][vc_row][vc_column width=&#8221;1\/2&#8243;][vc_btn title=&#8221;Fiche technique&#8221; style=&#8221;custom&#8221; custom_background=&#8221;#009bc2&#8243; custom_text=&#8221;#ffffff&#8221; shape=&#8221;square&#8221; el_class=&#8221;btn_descargar_ficha&#8221; link=&#8221;url:https%3A%2F%2Fdrive.google.com%2Fdrive%2Ffolders%2F1fooMhARF82DIOlA3cKk3zxe_tNpO4Ix_|target:%20_blank|&#8221;][\/vc_column][vc_column width=&#8221;1\/2&#8243;][vc_btn title=&#8221;Manuel d&#8217;instrutions&#8221; style=&#8221;custom&#8221; custom_background=&#8221;#009bc2&#8243; custom_text=&#8221;#ffffff&#8221; shape=&#8221;square&#8221; el_class=&#8221;btn_descargar_ficha&#8221; link=&#8221;target:%20_blank|&#8221;][\/vc_column][\/vc_row]<\/p>\n<\/section>","protected":false},"excerpt":{"rendered":"<h5>Lampe d\u00e9corative Saona 30| usage int\u00e9rieur<\/h5>\n","protected":false},"featured_media":58694,"template":"","meta":[],"product_cat":[1695,651,652,1223,1590],"product_tag":[653,1224,707],"class_list":{"0":"post-38144","1":"product","2":"type-product","3":"status-publish","4":"has-post-thumbnail","6":"product_cat-productos-fr","7":"product_cat-lightdeco-fr","8":"product_cat-lampe-a-cote","9":"product_cat-interieur","10":"product_cat-interieur-fr","11":"product_tag-batterie","12":"product_tag-interieur","13":"product_tag-sans-fil","15":"first","16":"instock","17":"taxable","18":"shipping-taxable","19":"purchasable","20":"product-type-variable"},"df_price":51.5,"df_sale_price":"","df_regular_price":51.5,"df_image_link":"https:\/\/developing.newgarden.es\/wp-content\/uploads\/2021\/09\/SAONA_30_CABLE_1200X1200-5-300x300.jpg","_links":{"self":[{"href":"https:\/\/developing.newgarden.es\/fr\/wp-json\/wp\/v2\/product\/38144"}],"collection":[{"href":"https:\/\/developing.newgarden.es\/fr\/wp-json\/wp\/v2\/product"}],"about":[{"href":"https:\/\/developing.newgarden.es\/fr\/wp-json\/wp\/v2\/types\/product"}],"wp:featuredmedia":[{"embeddable":true,"href":"https:\/\/developing.newgarden.es\/fr\/wp-json\/wp\/v2\/media\/58694"}],"wp:attachment":[{"href":"https:\/\/developing.newgarden.es\/fr\/wp-json\/wp\/v2\/media?parent=38144"}],"wp:term":[{"taxonomy":"product_cat","embeddable":true,"href":"https:\/\/developing.newgarden.es\/fr\/wp-json\/wp\/v2\/product_cat?post=38144"},{"taxonomy":"product_tag","embeddable":true,"href":"https:\/\/developing.newgarden.es\/fr\/wp-json\/wp\/v2\/product_tag?post=38144"}],"curies":[{"name":"wp","href":"https:\/\/api.w.org\/{rel}","templated":true}]}}