{"id":37883,"date":"2021-09-27T15:40:21","date_gmt":"2021-09-27T13:40:23","guid":{"rendered":"https:\/\/newgarden.es\/?post_type=product&#038;p=37883"},"modified":"2024-05-30T13:11:06","modified_gmt":"2024-05-30T11:11:06","slug":"lampe-decorative-bossa-30-usage-interieur","status":"publish","type":"product","link":"https:\/\/developing.newgarden.es\/fr\/shop\/lightdeco-fr\/lampe-a-cote\/lampe-decorative-bossa-30-usage-interieur\/","title":{"rendered":"LAMPE D\u00c9CORATIVE BOSSA 30 | USAGE INT\u00c9RIEUR"},"content":{"rendered":"<section class=\"wpb-content-wrapper\"><p>[vc_row][vc_column][vc_column_text][\/vc_column_text][\/vc_column][\/vc_row][vc_row][vc_column][vc_column_text]La lampe d\u00e9corative Bossa 30 est tress\u00e9e \u00e0 la main avec des fibres naturelles. Cette lampe est le compl\u00e9ment parfait pour illuminer n&#8217;importe quel espace de votre maison avec une touche naturelle.<\/p>\n<p>Cette lampe fait partie de la famille BOSSA et peut \u00eatre combin\u00e9e avec une suspension, une lampe de table et une applique murale.[\/vc_column_text][\/vc_column][\/vc_row][vc_row][vc_column width=&#8221;1\/2&#8243;][vc_btn title=&#8221;Fiche technique&#8221; style=&#8221;custom&#8221; custom_background=&#8221;#009bc2&#8243; custom_text=&#8221;#ffffff&#8221; shape=&#8221;square&#8221; el_class=&#8221;btn_descargar_ficha&#8221; link=&#8221;url:https%3A%2F%2Fbit.ly%2F3Obmx9P|target:%20_blank|&#8221;][\/vc_column][vc_column width=&#8221;1\/2&#8243;][vc_btn title=&#8221;Manuel d&apos;instrutions&#8221; style=&#8221;custom&#8221; custom_background=&#8221;#009bc2&#8243; custom_text=&#8221;#ffffff&#8221; shape=&#8221;square&#8221; el_class=&#8221;btn_descargar_ficha&#8221; link=&#8221;url:https%3A%2F%2Fbit.ly%2F3OT7OzZ|target:%20_blank|&#8221;][\/vc_column][\/vc_row]<\/p>\n<\/section>","protected":false},"excerpt":{"rendered":"<h5 class=\"product_title entry-title\">Lampe d\u00e9corative Bossa 30| usage int\u00e9rieur<\/h5>\n","protected":false},"featured_media":58765,"template":"","meta":[],"product_cat":[1695,651,652,1223,1590],"product_tag":[647,1224],"class_list":{"0":"post-37883","1":"product","2":"type-product","3":"status-publish","4":"has-post-thumbnail","6":"product_cat-productos-fr","7":"product_cat-lightdeco-fr","8":"product_cat-lampe-a-cote","9":"product_cat-interieur","10":"product_cat-interieur-fr","11":"product_tag-cable-fr","12":"product_tag-interieur","14":"first","15":"instock","16":"taxable","17":"shipping-taxable","18":"purchasable","19":"product-type-variable"},"df_price":42.7,"df_sale_price":"","df_regular_price":42.7,"df_image_link":"https:\/\/developing.newgarden.es\/wp-content\/uploads\/2021\/09\/BOSSA_30_CABLE_1200X1200-7-300x300.jpg","_links":{"self":[{"href":"https:\/\/developing.newgarden.es\/fr\/wp-json\/wp\/v2\/product\/37883"}],"collection":[{"href":"https:\/\/developing.newgarden.es\/fr\/wp-json\/wp\/v2\/product"}],"about":[{"href":"https:\/\/developing.newgarden.es\/fr\/wp-json\/wp\/v2\/types\/product"}],"wp:featuredmedia":[{"embeddable":true,"href":"https:\/\/developing.newgarden.es\/fr\/wp-json\/wp\/v2\/media\/58765"}],"wp:attachment":[{"href":"https:\/\/developing.newgarden.es\/fr\/wp-json\/wp\/v2\/media?parent=37883"}],"wp:term":[{"taxonomy":"product_cat","embeddable":true,"href":"https:\/\/developing.newgarden.es\/fr\/wp-json\/wp\/v2\/product_cat?post=37883"},{"taxonomy":"product_tag","embeddable":true,"href":"https:\/\/developing.newgarden.es\/fr\/wp-json\/wp\/v2\/product_tag?post=37883"}],"curies":[{"name":"wp","href":"https:\/\/api.w.org\/{rel}","templated":true}]}}