{"id":37740,"date":"2021-09-27T10:20:33","date_gmt":"2021-09-27T08:20:36","guid":{"rendered":"https:\/\/newgarden.es\/?post_type=product&#038;p=37740"},"modified":"2022-01-24T16:08:00","modified_gmt":"2022-01-24T15:08:00","slug":"suspension-amalfi-80-usage-interieur","status":"publish","type":"product","link":"https:\/\/developing.newgarden.es\/fr\/shop\/lightdeco-fr\/interieur\/suspension-amalfi-80-usage-interieur\/","title":{"rendered":"SUSPENSION AMALFI 80 | USAGE INT\u00c9RIEUR"},"content":{"rendered":"<section class=\"wpb-content-wrapper\"><p>[vc_row][vc_column][vc_column_text]<\/p>\n<p>[\/vc_column_text][\/vc_column][\/vc_row][vc_row][vc_column el_class=&#8221;descripcion_producto&#8221;][vc_column_text]<\/p>\n<p>SUSPENSION <strong>AMALFI 80<\/strong> | USAGE INT\u00c9RIEUR<\/p>\n<p>La suspension\u00a0<strong>Amalfi<\/strong>\u00a0se distingue par son design m\u00e9diterran\u00e9en inspirant. L&#8217;abat-jour est fabriqu\u00e9 \u00e0 la main \u00e0 partir de fibres naturelles et est livr\u00e9 avec un c\u00e2ble noir de 180 cm pour que vous puissiez r\u00e9gler la hauteur \u00e0 votre convenance. Installation requise.<\/p>\n<p><span style=\"color: #808080;\"><strong>AMPOULE E27 NON INCLUS.<\/strong><\/span><\/p>\n<ul class=\"tablaTech\">\n<li>\n<div class=\"boxContents no-border\">\n<div class=\"name\"><strong>TAILLE<\/strong><\/div>\n<div class=\"data\">\u00f879 x 38 cm<\/div>\n<\/div>\n<\/li>\n<\/ul>\n<p>[\/vc_column_text][\/vc_column][\/vc_row][vc_row disable_element=&#8221;yes&#8221;][vc_column][vc_single_image image=&#8221;6566&#8243; img_size=&#8221;full&#8221;][\/vc_column][\/vc_row]<\/p>\n<\/section>","protected":false},"excerpt":{"rendered":"<h5>Suspension Amalfi 80 | Usage int\u00e9rieur<\/h5>\n","protected":false},"featured_media":58907,"template":"","meta":[],"product_cat":[651,1571,1223],"product_tag":[647],"class_list":{"0":"post-37740","1":"product","2":"type-product","3":"status-publish","4":"has-post-thumbnail","6":"product_cat-lightdeco-fr","7":"product_cat-plafonniers-a-fil","8":"product_cat-interieur","9":"product_tag-cable-fr","11":"first","12":"instock","13":"taxable","14":"shipping-taxable","15":"purchasable","16":"product-type-variable"},"df_price":212.9,"df_sale_price":"","df_regular_price":212.9,"df_image_link":"https:\/\/developing.newgarden.es\/wp-content\/uploads\/2021\/09\/AMALFI_80_1200X1200-2-1-300x300.jpg","_links":{"self":[{"href":"https:\/\/developing.newgarden.es\/fr\/wp-json\/wp\/v2\/product\/37740"}],"collection":[{"href":"https:\/\/developing.newgarden.es\/fr\/wp-json\/wp\/v2\/product"}],"about":[{"href":"https:\/\/developing.newgarden.es\/fr\/wp-json\/wp\/v2\/types\/product"}],"wp:featuredmedia":[{"embeddable":true,"href":"https:\/\/developing.newgarden.es\/fr\/wp-json\/wp\/v2\/media\/58907"}],"wp:attachment":[{"href":"https:\/\/developing.newgarden.es\/fr\/wp-json\/wp\/v2\/media?parent=37740"}],"wp:term":[{"taxonomy":"product_cat","embeddable":true,"href":"https:\/\/developing.newgarden.es\/fr\/wp-json\/wp\/v2\/product_cat?post=37740"},{"taxonomy":"product_tag","embeddable":true,"href":"https:\/\/developing.newgarden.es\/fr\/wp-json\/wp\/v2\/product_tag?post=37740"}],"curies":[{"name":"wp","href":"https:\/\/api.w.org\/{rel}","templated":true}]}}