{"id":37639,"date":"2021-09-24T09:58:48","date_gmt":"2021-09-24T07:58:51","guid":{"rendered":"https:\/\/newgarden.es\/?post_type=product&#038;p=37639"},"modified":"2022-02-04T10:46:01","modified_gmt":"2022-02-04T09:46:01","slug":"luceo-3x2","status":"publish","type":"product","link":"https:\/\/developing.newgarden.es\/fr\/shop\/lightdeco-fr\/noel\/luceo-3x2\/","title":{"rendered":"GUIRLANDE RIDEAU LUCEO 3&#215;2"},"content":{"rendered":"<section class=\"wpb-content-wrapper\"><p>[vc_row][vc_column][vc_column_text]<\/p>\n<p>GUIRLANDE RIDEAU\u00a0<strong>LUCEO 3&#215;2<\/strong><\/p>\n<p>La guirlande\u00a0<strong>Luceo 3&#215;2<\/strong> ne vous laissera pas indiff\u00e9rent. La grande guirlande mesure 300 cm de long et 200 cm de haut, ce qui en fait l&#8217;une des plus grandes guirlandes de ce type. <strong>Luceo<\/strong>\u00a0deviendra un incontournable de votre foyer, pas seulement durant la p\u00e9riode de No\u00ebl, mais tout au long de l&#8217;ann\u00e9e. Sans installation sp\u00e9cifique\u00a0 et s&#8217;adaptant \u00e0 tous types d&#8217;environnements, vous pouvez l&#8217;utiliser aussi bien \u00e0 l&#8217;int\u00e9rieur qu&#8217;\u00e0 l&#8217;ext\u00e9rieur.\u00a0<strong>IP44<\/strong>.\u00a0<span style=\"text-decoration: underline;\">400 ampoules LED int\u00e9gr\u00e9es.<\/span><\/p>\n<ul class=\"tablaTech\">\n<li>\n<div class=\"boxContents no-border\">\n<div class=\"name\"><strong>TAILLE<\/strong><\/div>\n<div class=\"data\">300 X 200 cm<\/div>\n<\/div>\n<\/li>\n<\/ul>\n<p>&nbsp;<\/p>\n<p><a href=\"https:\/\/drive.google.com\/drive\/folders\/1C45aKvLjNCDbymTdwnffCywyOR5CnOHi?usp=sharing\"><strong>Fiche technique<\/strong><\/a>[\/vc_column_text][\/vc_column][\/vc_row]<\/p>\n<\/section>","protected":false},"excerpt":{"rendered":"<h5 style=\"font-size: 12px;\"><strong>Guirlande rideau Luceo 3&#215;2<\/strong><\/h5>\n","protected":false},"featured_media":58060,"template":"","meta":[],"product_cat":[651,1575,752],"product_tag":[],"class_list":{"0":"post-37639","1":"product","2":"type-product","3":"status-publish","4":"has-post-thumbnail","6":"product_cat-lightdeco-fr","7":"product_cat-guirlandes","8":"product_cat-noel","10":"first","11":"instock","12":"taxable","13":"shipping-taxable","14":"purchasable","15":"product-type-variable"},"df_price":41.7,"df_sale_price":"","df_regular_price":41.7,"df_image_link":"https:\/\/developing.newgarden.es\/wp-content\/uploads\/2021\/09\/LUCEO_1200X1200-2-300x300.jpg","_links":{"self":[{"href":"https:\/\/developing.newgarden.es\/fr\/wp-json\/wp\/v2\/product\/37639"}],"collection":[{"href":"https:\/\/developing.newgarden.es\/fr\/wp-json\/wp\/v2\/product"}],"about":[{"href":"https:\/\/developing.newgarden.es\/fr\/wp-json\/wp\/v2\/types\/product"}],"wp:featuredmedia":[{"embeddable":true,"href":"https:\/\/developing.newgarden.es\/fr\/wp-json\/wp\/v2\/media\/58060"}],"wp:attachment":[{"href":"https:\/\/developing.newgarden.es\/fr\/wp-json\/wp\/v2\/media?parent=37639"}],"wp:term":[{"taxonomy":"product_cat","embeddable":true,"href":"https:\/\/developing.newgarden.es\/fr\/wp-json\/wp\/v2\/product_cat?post=37639"},{"taxonomy":"product_tag","embeddable":true,"href":"https:\/\/developing.newgarden.es\/fr\/wp-json\/wp\/v2\/product_tag?post=37639"}],"curies":[{"name":"wp","href":"https:\/\/api.w.org\/{rel}","templated":true}]}}