{"id":37479,"date":"2021-09-21T14:53:46","date_gmt":"2021-09-21T12:53:49","guid":{"rendered":"https:\/\/newgarden.es\/?post_type=product&#038;p=37479"},"modified":"2022-01-19T11:45:32","modified_gmt":"2022-01-19T10:45:32","slug":"jeu-de-spheres-lumineuses-lua-10","status":"publish","type":"product","link":"https:\/\/developing.newgarden.es\/fr\/shop\/lightdeco-fr\/lampe-a-cote\/jeu-de-spheres-lumineuses-lua-10\/","title":{"rendered":"SET DE SPH\u00c8RES LUMINEUSES LUA 10"},"content":{"rendered":"<section class=\"wpb-content-wrapper\"><p>[vc_row][vc_column el_class=&#8221;descripcion_producto&#8221;][vc_column_text]<\/p>\n<p><strong>SET DE SPH\u00c8RES LUMINEUSES LUA 10<\/strong><\/p>\n<p>Le set de sph\u00e8res lumineuses\u00a0<strong>Lua 10<\/strong>\u00a0est une merveille. Ces trois sph\u00e8res en verre illuminent n&#8217;importe quel espace de votre maison.\u00a0Vous pouvez les associer \u00e0 votre d\u00e9coration de\u00a0No\u00ebl ou tout au long de l&#8217;ann\u00e9e. Le cristal de la boule et la guirlande lumineuse offrent \u00e0 la\u00a0<strong>Lua 10<\/strong>\u00a0une lumi\u00e8re fantaisiste.<\/p>\n<p>Ce mod\u00e8le peut \u00eatre combin\u00e9 avec le mod\u00e8le\u00a0<strong>LUA 20<\/strong>\u00a0pour cr\u00e9er des atmosph\u00e8res uniques.<\/p>\n<p><strong>Ce set est compos\u00e9 de 3 Lua 10.<br \/>\nPiles non incluses.<br \/>\n<\/strong><\/p>\n<p>&nbsp;<\/p>\n<ul class=\"tablaTech\">\n<li>\n<div class=\"boxContents no-border\">\n<div class=\"name\"><strong>TAILLE<\/strong><\/div>\n<div class=\"data\">\u00f810 x\u00a08,5 cm<\/div>\n<\/div>\n<\/li>\n<\/ul>\n<p>[\/vc_column_text][\/vc_column][\/vc_row][vc_row disable_element=&#8221;yes&#8221;][vc_column][vc_single_image image=&#8221;6566&#8243; img_size=&#8221;full&#8221;][\/vc_column][\/vc_row][vc_row][vc_column width=&#8221;1\/2&#8243;][vc_btn title=&#8221;Fiche technique&#8221; style=&#8221;custom&#8221; custom_background=&#8221;#009bc2&#8243; custom_text=&#8221;#ffffff&#8221; shape=&#8221;square&#8221; link=&#8221;url:https%3A%2F%2Fdrive.google.com%2Fdrive%2Ffolders%2F1l0gfS3XHYRfnnNQ_8KGbT5AKK0lgevyl%3Fusp%3Dsharing|target:%20_blank|&#8221; el_class=&#8221;btn_descargar_ficha&#8221;][\/vc_column][vc_column width=&#8221;1\/2&#8243;][vc_btn title=&#8221;Manuel d&#8217;instrutions&#8221; style=&#8221;custom&#8221; custom_background=&#8221;#009bc2&#8243; custom_text=&#8221;#ffffff&#8221; shape=&#8221;square&#8221; link=&#8221;url:https%3A%2F%2Fdeveloping.newgarden.es%2Ffr%2F%3Fpage_id%3D25150|target:%20_blank|&#8221; el_class=&#8221;btn_descargar_ficha&#8221;][\/vc_column][\/vc_row]<\/p>\n<\/section>","protected":false},"excerpt":{"rendered":"<h5 style=\"font-size: 12px;\"><strong>Set de sph\u00e8res lumineuses Lua 10<\/strong><\/h5>\n","protected":false},"featured_media":59138,"template":"","meta":[],"product_cat":[1695,651,652,1223,1590,752],"product_tag":[653,1224],"class_list":{"0":"post-37479","1":"product","2":"type-product","3":"status-publish","4":"has-post-thumbnail","6":"product_cat-productos-fr","7":"product_cat-lightdeco-fr","8":"product_cat-lampe-a-cote","9":"product_cat-interieur","10":"product_cat-interieur-fr","11":"product_cat-noel","12":"product_tag-batterie","13":"product_tag-interieur","15":"first","16":"instock","17":"taxable","18":"shipping-taxable","19":"purchasable","20":"product-type-variable"},"df_price":31.4,"df_sale_price":"","df_regular_price":31.4,"df_image_link":"https:\/\/developing.newgarden.es\/wp-content\/uploads\/2021\/09\/LUA_1200X1200-10-300x300.jpg","_links":{"self":[{"href":"https:\/\/developing.newgarden.es\/fr\/wp-json\/wp\/v2\/product\/37479"}],"collection":[{"href":"https:\/\/developing.newgarden.es\/fr\/wp-json\/wp\/v2\/product"}],"about":[{"href":"https:\/\/developing.newgarden.es\/fr\/wp-json\/wp\/v2\/types\/product"}],"wp:featuredmedia":[{"embeddable":true,"href":"https:\/\/developing.newgarden.es\/fr\/wp-json\/wp\/v2\/media\/59138"}],"wp:attachment":[{"href":"https:\/\/developing.newgarden.es\/fr\/wp-json\/wp\/v2\/media?parent=37479"}],"wp:term":[{"taxonomy":"product_cat","embeddable":true,"href":"https:\/\/developing.newgarden.es\/fr\/wp-json\/wp\/v2\/product_cat?post=37479"},{"taxonomy":"product_tag","embeddable":true,"href":"https:\/\/developing.newgarden.es\/fr\/wp-json\/wp\/v2\/product_tag?post=37479"}],"curies":[{"name":"wp","href":"https:\/\/api.w.org\/{rel}","templated":true}]}}