{"id":37292,"date":"2021-09-21T13:57:20","date_gmt":"2021-09-21T11:57:24","guid":{"rendered":"https:\/\/newgarden.es\/?post_type=product&#038;p=37292"},"modified":"2024-06-13T15:46:50","modified_gmt":"2024-06-13T13:46:50","slug":"cube-lumineux-gifty-20","status":"publish","type":"product","link":"https:\/\/developing.newgarden.es\/fr\/shop\/lightdeco-fr\/noel\/cube-lumineux-gifty-20\/","title":{"rendered":"CUBE DE NO\u00cbL LUMINEUX GIFTY 20"},"content":{"rendered":"<section class=\"wpb-content-wrapper\"><p>[vc_row][vc_column el_class=&#8221;descripcion_producto&#8221;][vc_column_text]<br \/>\nLe cube lumineux de No\u00ebl Gifty est arriv\u00e9, une lampe qui triomphe parmi les produits de base. Avec sa forme carr\u00e9e, c&#8217;est l&#8217;\u00e9l\u00e9ment parfait pour d\u00e9corer chaque coin de votre maison. Le cube lumineux Gifty est disponible en diff\u00e9rentes tailles, afin qu&#8217;il s&#8217;adapte \u00e0 tous les coins de votre maison, et vous pouvez le trouver \u00e0 la fois c\u00e2bl\u00e9 en lumi\u00e8re blanche et sans fil, au cas o\u00f9 vous n&#8217;auriez pas envie de vous lever du canap\u00e9 pour changer la couleur ou l&#8217;intensit\u00e9 de la lumi\u00e8re. Parfait pour ceux qui aiment les tables au design diff\u00e9rent.ruban adh\u00e9sif GIFTY TAPE INCLUS<\/p>\n<p>Tous les produits Newgarden sont fabriqu\u00e9s en poly\u00e9thyl\u00e8ne, ce qui les rend l\u00e9gers et tr\u00e8s r\u00e9sistants aux temp\u00e9ratures extr\u00eames. Ils sont \u00e9galement prot\u00e9g\u00e9s contre les rayons UV, ce qui rend la dur\u00e9e de vie du produit extraordinairement longue.<\/p>\n<p>&nbsp;<br \/>\n[\/vc_column_text][\/vc_column][\/vc_row][vc_row disable_element=&#8221;yes&#8221;][vc_column][vc_single_image image=&#8221;6566&#8243; img_size=&#8221;full&#8221;][\/vc_column][\/vc_row][vc_row][vc_column width=&#8221;1\/2&#8243;][vc_btn title=&#8221;Fiche technique&#8221; style=&#8221;custom&#8221; custom_background=&#8221;#009bc2&#8243; custom_text=&#8221;#ffffff&#8221; shape=&#8221;square&#8221; link=&#8221;url:https%3A%2F%2Fbit.ly%2F3bhTNxN|title:CUBE%20DE%20NO%C3%8BL%20ILLUMIN%C3%89%20GIFTY%2020|target:%20_blank|&#8221; el_class=&#8221;btn_descargar_ficha&#8221;][\/vc_column][vc_column width=&#8221;1\/2&#8243;][vc_btn title=&#8221;Manuel d&apos;instrutions&#8221; style=&#8221;custom&#8221; custom_background=&#8221;#009bc2&#8243; custom_text=&#8221;#ffffff&#8221; shape=&#8221;square&#8221; link=&#8221;url:https%3A%2F%2Fbit.ly%2F3SjAKUO|title:CUBE%20DE%20NO%C3%8BL%20ILLUMIN%C3%89%20GIFTY%2020|target:%20_blank|&#8221; el_class=&#8221;btn_descargar_ficha&#8221;][\/vc_column][\/vc_row]<\/p>\n<\/section>","protected":false},"excerpt":{"rendered":"<h5 style=\"font-size: 12px;\"><strong>Cube de No\u00ebl illumin\u00e9 Gifty 20<\/strong><\/h5>\n","protected":false},"featured_media":59228,"template":"","meta":[],"product_cat":[651,1223,752],"product_tag":[707,648],"class_list":{"0":"post-37292","1":"product","2":"type-product","3":"status-publish","4":"has-post-thumbnail","6":"product_cat-lightdeco-fr","7":"product_cat-interieur","8":"product_cat-noel","9":"product_tag-sans-fil","10":"product_tag-solaire","12":"first","13":"instock","14":"taxable","15":"shipping-taxable","16":"purchasable","17":"product-type-variable"},"df_price":51.5,"df_sale_price":"","df_regular_price":51.5,"df_image_link":"https:\/\/developing.newgarden.es\/wp-content\/uploads\/2021\/09\/Mesa-de-trabajo-33-copia-14-300x300.jpg","_links":{"self":[{"href":"https:\/\/developing.newgarden.es\/fr\/wp-json\/wp\/v2\/product\/37292"}],"collection":[{"href":"https:\/\/developing.newgarden.es\/fr\/wp-json\/wp\/v2\/product"}],"about":[{"href":"https:\/\/developing.newgarden.es\/fr\/wp-json\/wp\/v2\/types\/product"}],"wp:featuredmedia":[{"embeddable":true,"href":"https:\/\/developing.newgarden.es\/fr\/wp-json\/wp\/v2\/media\/59228"}],"wp:attachment":[{"href":"https:\/\/developing.newgarden.es\/fr\/wp-json\/wp\/v2\/media?parent=37292"}],"wp:term":[{"taxonomy":"product_cat","embeddable":true,"href":"https:\/\/developing.newgarden.es\/fr\/wp-json\/wp\/v2\/product_cat?post=37292"},{"taxonomy":"product_tag","embeddable":true,"href":"https:\/\/developing.newgarden.es\/fr\/wp-json\/wp\/v2\/product_tag?post=37292"}],"curies":[{"name":"wp","href":"https:\/\/api.w.org\/{rel}","templated":true}]}}