{"id":37153,"date":"2021-09-15T14:55:17","date_gmt":"2021-09-15T12:55:20","guid":{"rendered":"https:\/\/newgarden.es\/?post_type=product&#038;p=37153"},"modified":"2022-01-05T16:51:30","modified_gmt":"2022-01-05T15:51:30","slug":"table-avec-lumiere-bold-pour-linterieur","status":"publish","type":"product","link":"https:\/\/developing.newgarden.es\/fr\/shop\/mobilier\/sieges\/table-avec-lumiere-bold-pour-linterieur\/","title":{"rendered":"TABLE BORA AVEC LUMI\u00c8RE | USAGE INT\u00c9RIEUR"},"content":{"rendered":"<section class=\"wpb-content-wrapper\"><p>[vc_row][vc_column el_class=&#8221;descripcion_producto&#8221;][vc_column_text]<\/p>\n<p>TABLE BORA AVEC LUMI\u00c8RE | USAGE INT\u00c9RIEUR: La table basse <strong>Bora<\/strong>\u00a0est l&#8217;une des nouveaut\u00e9s phares de chez\u00a0<span style=\"text-decoration: underline;\" data-sanitized-data-mce-style=\"text-decoration: underline;\">Newgarden<\/span>.<br \/>\nDisponible en deux couleurs de plateau(partie sup\u00e9rieure de la table): <strong>marbre<\/strong> &#8211; <strong>bois.<\/strong><\/p>\n<p>Sa forme cubique s&#8217;adapte \u00e0 n&#8217;importe quel espace de votre foyer. C&#8217;est un mod\u00e8le de table tr\u00e8s stable et modulable, vous pouvez le trouver avec le couvercle sup\u00e9rieur \u00e0 effet bois ou \u00e0 effet marbre.<\/p>\n<p>Version\u00a0<strong data-sanitized-data-mce-fragment=\"1\">FILAIRE\u00a0<\/strong>(alimentation par c\u00e2ble) Il vous suffit de brancher votre\u00a0table\u00a0sur secteur pour pouvoir l&#8217;allumer et de la d\u00e9brancher pour l&#8217;\u00e9teindre. Lumi\u00e8re led &#8211; blanc froid.<\/p>\n<p><em>Le mod\u00e8le Bora est en poly\u00e9thyl\u00e8ne, ce qui le rend l\u00e9ger et tr\u00e8s r\u00e9sistant aux temp\u00e9ratures extr\u00eames. Il est \u00e9galement\u00a0r\u00e9sistants aux\u00a0rayons UV, ce qui rend la dur\u00e9e de vie du produit extr\u00eamement longue.<\/em><\/p>\n<p>&nbsp;<\/p>\n<ul class=\"tablaTech\">\n<li>\n<div class=\"boxContents no-border\">\n<div class=\"name\"><strong>TAILLE<\/strong><\/div>\n<div class=\"data\">43 x 43 x 43 cm<\/div>\n<\/div>\n<\/li>\n<\/ul>\n<p>[\/vc_column_text][\/vc_column][\/vc_row][vc_row disable_element=&#8221;yes&#8221;][vc_column][vc_single_image image=&#8221;6566&#8243; img_size=&#8221;full&#8221;][\/vc_column][\/vc_row][vc_row][vc_column width=&#8221;1\/2&#8243;][vc_btn title=&#8221;Fiche technique&#8221; style=&#8221;custom&#8221; custom_background=&#8221;#009bc2&#8243; custom_text=&#8221;#ffffff&#8221; shape=&#8221;square&#8221; link=&#8221;url:https%3A%2F%2Fdrive.google.com%2Fdrive%2Ffolders%2F198EB_3eL5Zoex7BkyEarkDmKUbf_gT9P|target:%20_blank|&#8221; el_class=&#8221;btn_descargar_ficha&#8221;][\/vc_column][vc_column width=&#8221;1\/2&#8243;][vc_btn title=&#8221;Manuel d&#8217;instrutions&#8221; style=&#8221;custom&#8221; custom_background=&#8221;#009bc2&#8243; custom_text=&#8221;#ffffff&#8221; shape=&#8221;square&#8221; el_class=&#8221;btn_descargar_ficha&#8221; link=&#8221;url:https%3A%2F%2Fdeveloping.newgarden.es%2Ffr%2F%3Fpage_id%3D25150|target:%20_blank|&#8221;][\/vc_column][\/vc_row]<\/p>\n<\/section>","protected":false},"excerpt":{"rendered":"<h1 style=\"font-size: 12px;\">TABLE BASSE BORA AVEC LUMI\u00c8RE<\/h1>\n","protected":false},"featured_media":63261,"template":"","meta":[],"product_cat":[651,1223,657,658],"product_tag":[647,707,648],"class_list":{"0":"post-37153","1":"product","2":"type-product","3":"status-publish","4":"has-post-thumbnail","6":"product_cat-lightdeco-fr","7":"product_cat-interieur","8":"product_cat-mobilier","9":"product_cat-sieges","10":"product_tag-cable-fr","11":"product_tag-sans-fil","12":"product_tag-solaire","14":"first","15":"instock","16":"taxable","17":"shipping-taxable","18":"purchasable","19":"product-type-variable"},"df_price":156.5,"df_sale_price":"","df_regular_price":156.5,"df_image_link":"https:\/\/developing.newgarden.es\/wp-content\/uploads\/2021\/09\/bora_1200x1200-5-300x300.jpg","_links":{"self":[{"href":"https:\/\/developing.newgarden.es\/fr\/wp-json\/wp\/v2\/product\/37153"}],"collection":[{"href":"https:\/\/developing.newgarden.es\/fr\/wp-json\/wp\/v2\/product"}],"about":[{"href":"https:\/\/developing.newgarden.es\/fr\/wp-json\/wp\/v2\/types\/product"}],"wp:featuredmedia":[{"embeddable":true,"href":"https:\/\/developing.newgarden.es\/fr\/wp-json\/wp\/v2\/media\/63261"}],"wp:attachment":[{"href":"https:\/\/developing.newgarden.es\/fr\/wp-json\/wp\/v2\/media?parent=37153"}],"wp:term":[{"taxonomy":"product_cat","embeddable":true,"href":"https:\/\/developing.newgarden.es\/fr\/wp-json\/wp\/v2\/product_cat?post=37153"},{"taxonomy":"product_tag","embeddable":true,"href":"https:\/\/developing.newgarden.es\/fr\/wp-json\/wp\/v2\/product_tag?post=37153"}],"curies":[{"name":"wp","href":"https:\/\/api.w.org\/{rel}","templated":true}]}}