{"id":36995,"date":"2021-09-14T16:22:58","date_gmt":"2021-09-14T14:23:01","guid":{"rendered":"https:\/\/newgarden.es\/?post_type=product&#038;p=36995"},"modified":"2024-06-07T14:39:30","modified_gmt":"2024-06-07T12:39:30","slug":"lampe-decorative-saona-70-indoor-use","status":"publish","type":"product","link":"https:\/\/developing.newgarden.es\/fr\/shop\/lightdeco-fr\/lampadaire\/lampe-decorative-saona-70-indoor-use\/","title":{"rendered":"LAMPE D\u00c9CORATIVE SAONA 70 | USAGE INT\u00c9RIEUR"},"content":{"rendered":"<section class=\"wpb-content-wrapper\"><p>[vc_row][vc_column][vc_column_text][\/vc_column_text][\/vc_column][\/vc_row][vc_row][vc_column][vc_column_text]La lampe d\u00e9corative SAONA 70 est tress\u00e9e \u00e0 la main avec des fibres naturelles. Cette lampe est le compl\u00e9ment parfait pour \u00e9clairer n&#8217;importe quel espace de votre maison ou de votre jardin en lui donnant une touche naturelle.<\/p>\n<p>Lampe d\u00e9corative In &amp; Out SAONA 70 avec c\u00e2bles : La lampe d\u00e9corative In &amp; Out avec c\u00e2bles est \u00e9quip\u00e9e d&#8217;une ampoule E27. Ce luminaire est r\u00e9glable en temp\u00e9rature de lumi\u00e8re (on peut passer du froid au chaud) ainsi qu&#8217;en intensit\u00e9. Il dispose \u00e9galement d&#8217;une minuterie et d&#8217;un cr\u00e9ateur de groupes d&#8217;\u00e9clairage pour contr\u00f4ler plusieurs lampes de ce syst\u00e8me avec la m\u00eame t\u00e9l\u00e9commande. Le c\u00e2ble est recouvert d&#8217;une fibre \u00e0 effet Jute, ce qui conf\u00e8re \u00e0 la lampe une touche organique.<\/p>\n<p>Cette lampe fait partie de la famille SAONA et peut \u00eatre combin\u00e9e avec une lampe suspendue et une lampe de table.[\/vc_column_text][vc_video link=&#8221;https:\/\/youtu.be\/hexzLEQmlKQ&#8221;][\/vc_column][\/vc_row][vc_row][vc_column width=&#8221;1\/2&#8243;][vc_btn title=&#8221;Fiche technique&#8221; style=&#8221;custom&#8221; custom_background=&#8221;#009bc2&#8243; custom_text=&#8221;#ffffff&#8221; shape=&#8221;square&#8221; el_class=&#8221;btn_descargar_ficha&#8221; link=&#8221;url:https%3A%2F%2Fbit.ly%2F3xDgeFa|target:%20_blank|&#8221;][vc_btn title=&#8221;FICHA T\u00c9CNICA CABLE IN&amp;OUT&#8221; style=&#8221;custom&#8221; custom_background=&#8221;#009bc2&#8243; custom_text=&#8221;#ffffff&#8221; shape=&#8221;square&#8221; el_class=&#8221;btn_descargar_ficha&#8221; link=&#8221;url:https%3A%2F%2Fbit.ly%2F3Spfw7Q|target:%20_blank|&#8221;][\/vc_column][vc_column width=&#8221;1\/2&#8243;][vc_btn title=&#8221;Manuel d&apos;instrutions&#8221; style=&#8221;custom&#8221; custom_background=&#8221;#009bc2&#8243; custom_text=&#8221;#ffffff&#8221; shape=&#8221;square&#8221; el_class=&#8221;btn_descargar_ficha&#8221; link=&#8221;url:https%3A%2F%2Fbit.ly%2F3SlE8ys|target:%20_blank|&#8221;][vc_btn title=&#8221;MANUAL DE INSTRUCCIONES CABLE IN&amp;OUT&#8221; style=&#8221;custom&#8221; custom_background=&#8221;#009bc2&#8243; custom_text=&#8221;#ffffff&#8221; shape=&#8221;square&#8221; el_class=&#8221;btn_descargar_ficha&#8221; link=&#8221;url:https%3A%2F%2Fbit.ly%2F3d2fjrk|target:%20_blank|&#8221;][\/vc_column][\/vc_row]<\/p>\n<\/section>","protected":false},"excerpt":{"rendered":"<h5><strong>Lampe d\u00e9corative SAONA 70 | usage int\u00e9rieur<\/strong><\/h5>\n","protected":false},"featured_media":59575,"template":"","meta":[],"product_cat":[1695,651,654,1223,1254],"product_tag":[647,1224],"class_list":{"0":"post-36995","1":"product","2":"type-product","3":"status-publish","4":"has-post-thumbnail","6":"product_cat-productos-fr","7":"product_cat-lightdeco-fr","8":"product_cat-lampadaire","9":"product_cat-interieur","10":"product_cat-indoor-floor-lamps-fr","11":"product_tag-cable-fr","12":"product_tag-interieur","14":"first","15":"instock","16":"taxable","17":"shipping-taxable","18":"purchasable","19":"product-type-variable"},"df_price":180.8,"df_sale_price":"","df_regular_price":180.8,"df_image_link":"https:\/\/developing.newgarden.es\/wp-content\/uploads\/2021\/09\/SAONA_70_CABLE_1200X1200-12-1-300x300.jpg","_links":{"self":[{"href":"https:\/\/developing.newgarden.es\/fr\/wp-json\/wp\/v2\/product\/36995"}],"collection":[{"href":"https:\/\/developing.newgarden.es\/fr\/wp-json\/wp\/v2\/product"}],"about":[{"href":"https:\/\/developing.newgarden.es\/fr\/wp-json\/wp\/v2\/types\/product"}],"wp:featuredmedia":[{"embeddable":true,"href":"https:\/\/developing.newgarden.es\/fr\/wp-json\/wp\/v2\/media\/59575"}],"wp:attachment":[{"href":"https:\/\/developing.newgarden.es\/fr\/wp-json\/wp\/v2\/media?parent=36995"}],"wp:term":[{"taxonomy":"product_cat","embeddable":true,"href":"https:\/\/developing.newgarden.es\/fr\/wp-json\/wp\/v2\/product_cat?post=36995"},{"taxonomy":"product_tag","embeddable":true,"href":"https:\/\/developing.newgarden.es\/fr\/wp-json\/wp\/v2\/product_tag?post=36995"}],"curies":[{"name":"wp","href":"https:\/\/api.w.org\/{rel}","templated":true}]}}