{"id":36913,"date":"2021-09-14T15:28:22","date_gmt":"2021-09-14T13:28:27","guid":{"rendered":"https:\/\/newgarden.es\/?post_type=product&#038;p=36913"},"modified":"2022-02-04T10:17:24","modified_gmt":"2022-02-04T09:17:24","slug":"designer-floor-lamp-with-wooden-legs-rocket-145-indoor-use","status":"publish","type":"product","link":"https:\/\/developing.newgarden.es\/fr\/shop\/lightdeco-fr\/interieur\/designer-floor-lamp-with-wooden-legs-rocket-145-indoor-use\/","title":{"rendered":"LAMPADAIRE TR\u00c9PIED ROCKET 145 | USAGE INT\u00c9RIEUR"},"content":{"rendered":"<p>LAMPADAIRE TR\u00c9PIED <strong>ROCKET 145<\/strong> | USAGE INT\u00c9RIEUR<\/p>\n<p>La lampadaire\u00a0<strong>Rocket 145<\/strong>\u00a0est une lampe d\u00e9corative originale et id\u00e9ale pour d\u00e9corer vos espaces int\u00e9rieur.<\/p>\n<p><strong>Rocket 145<\/strong>\u00a0<strong>In&amp;Out<\/strong>\u00a0(avec c\u00e2ble d&#8217;alimentation en jute):<br \/>\nLa lampe d\u00e9corative\u00a0<strong>In&amp;Out<\/strong>\u00a0avec c\u00e2ble est dot\u00e9e d&#8217;une ampoule E27. Ce luminaire est r\u00e9glable aussi bien en temp\u00e9rature de lumi\u00e8re (on peut passer du froid au chaud) qu&#8217;en intensit\u00e9. Il dispose \u00e9galement d&#8217;une minuterie et d&#8217;un cr\u00e9ateur de groupe d&#8217;\u00e9clairage pour contr\u00f4ler plusieurs lampes de ce syst\u00e8me avec la m\u00eame t\u00e9l\u00e9commande. Le c\u00e2ble est recouvert de fibres\u00a0en jute, ce qui donne \u00e0 la lampe une touche &#8220;nature&#8221;.<\/p>\n<ul class=\"tablaTech\">\n<li>\n<div class=\"boxContents no-border\">\n<div class=\"name\"><strong>TAILLE<\/strong><\/div>\n<div class=\"data\">\u00f850 x 144 cm<\/div>\n<\/div>\n<\/li>\n<\/ul>\n<p>&nbsp;<\/p>\n<p>&nbsp;<\/p>\n<p>&nbsp;<\/p>\n","protected":false},"excerpt":{"rendered":"<h1 style=\"font-size: 12px;\"><i class=\"fa fa-angle-right\"><\/i>Lampadaire tr\u00e9pied Rocket 145 | usage int\u00e9rieur<\/h1>\n","protected":false},"featured_media":59629,"template":"","meta":[],"product_cat":[651,1223,1254],"product_tag":[647],"class_list":{"0":"post-36913","1":"product","2":"type-product","3":"status-publish","4":"has-post-thumbnail","6":"product_cat-lightdeco-fr","7":"product_cat-interieur","8":"product_cat-indoor-floor-lamps-fr","9":"product_tag-cable-fr","11":"first","12":"instock","13":"taxable","14":"shipping-taxable","15":"purchasable","16":"product-type-variable"},"df_price":288.8,"df_sale_price":"","df_regular_price":288.8,"df_image_link":"https:\/\/developing.newgarden.es\/wp-content\/uploads\/2021\/09\/ROCKET_145_CABLE_1200X1200-2-1-300x300.jpg","_links":{"self":[{"href":"https:\/\/developing.newgarden.es\/fr\/wp-json\/wp\/v2\/product\/36913"}],"collection":[{"href":"https:\/\/developing.newgarden.es\/fr\/wp-json\/wp\/v2\/product"}],"about":[{"href":"https:\/\/developing.newgarden.es\/fr\/wp-json\/wp\/v2\/types\/product"}],"wp:featuredmedia":[{"embeddable":true,"href":"https:\/\/developing.newgarden.es\/fr\/wp-json\/wp\/v2\/media\/59629"}],"wp:attachment":[{"href":"https:\/\/developing.newgarden.es\/fr\/wp-json\/wp\/v2\/media?parent=36913"}],"wp:term":[{"taxonomy":"product_cat","embeddable":true,"href":"https:\/\/developing.newgarden.es\/fr\/wp-json\/wp\/v2\/product_cat?post=36913"},{"taxonomy":"product_tag","embeddable":true,"href":"https:\/\/developing.newgarden.es\/fr\/wp-json\/wp\/v2\/product_tag?post=36913"}],"curies":[{"name":"wp","href":"https:\/\/api.w.org\/{rel}","templated":true}]}}