{"id":36882,"date":"2021-09-14T14:57:22","date_gmt":"2021-09-14T12:57:26","guid":{"rendered":"https:\/\/newgarden.es\/?post_type=product&#038;p=36882"},"modified":"2024-06-11T10:02:01","modified_gmt":"2024-06-11T08:02:01","slug":"lampe-dexterieur-trepied-rocket-70-copia-2","status":"publish","type":"product","link":"https:\/\/developing.newgarden.es\/fr\/shop\/lightdeco-fr\/interieur\/lampe-dexterieur-trepied-rocket-70-copia-2\/","title":{"rendered":"LAMPADAIRE D&#8217;EXT\u00c9RIEUR TR\u00c9PIED ROCKET 70 | USAGE INT\u00c9RIEUR"},"content":{"rendered":"<section class=\"wpb-content-wrapper\"><p>[vc_row][vc_column][vc_column_text]<\/p>\n<p>[\/vc_column_text][\/vc_column][\/vc_row][vc_row][vc_column el_class=&#8221;descripcion_producto&#8221;][vc_column_text]Rocket 70 est une lampe d\u00e9corative originale avec des pieds en bois, id\u00e9ale pour d\u00e9corer l&#8217;int\u00e9rieur de votre maison. La combinaison du bois et du poly\u00e9thyl\u00e8ne fait de ce produit un indispensable de la maison. Disponible dans la finition In &amp; Out, qui comprend une t\u00e9l\u00e9commande avec interrupteur marche\/arr\u00eat, variateur et changement de la temp\u00e9rature de couleur de la lumi\u00e8re.<\/p>\n<p>*Bois trait\u00e9 pour l&#8217;ext\u00e9rieur.[\/vc_column_text][\/vc_column][\/vc_row][vc_row disable_element=&#8221;yes&#8221;][vc_column][vc_single_image image=&#8221;6566&#8243; img_size=&#8221;full&#8221;][\/vc_column][\/vc_row][vc_row][vc_column width=&#8221;1\/2&#8243;][vc_btn title=&#8221;Fiche technique&#8221; style=&#8221;custom&#8221; custom_background=&#8221;#009bc2&#8243; custom_text=&#8221;#ffffff&#8221; shape=&#8221;square&#8221; link=&#8221;url:https%3A%2F%2Fbit.ly%2F3OdzMqK|target:%20_blank|&#8221; el_class=&#8221;btn_descargar_ficha&#8221;][\/vc_column][vc_column width=&#8221;1\/2&#8243;][vc_btn title=&#8221;Manuel d&apos;instrutions&#8221; style=&#8221;custom&#8221; custom_background=&#8221;#009bc2&#8243; custom_text=&#8221;#ffffff&#8221; shape=&#8221;square&#8221; link=&#8221;url:https%3A%2F%2Fbit.ly%2F3SlGsWc|target:%20_blank|&#8221; el_class=&#8221;btn_descargar_ficha&#8221;][\/vc_column][\/vc_row]<\/p>\n<\/section>","protected":false},"excerpt":{"rendered":"<h1 style=\"font-size: 12px;\">LAMPADAIRE D&#8217;EXT\u00c9RIEUR TR\u00c9PIED ROCKET 70<\/h1>\n","protected":false},"featured_media":59669,"template":"","meta":[],"product_cat":[651,1223,1254],"product_tag":[647],"class_list":{"0":"post-36882","1":"product","2":"type-product","3":"status-publish","4":"has-post-thumbnail","6":"product_cat-lightdeco-fr","7":"product_cat-interieur","8":"product_cat-indoor-floor-lamps-fr","9":"product_tag-cable-fr","11":"first","12":"instock","13":"taxable","14":"shipping-taxable","15":"purchasable","16":"product-type-variable"},"df_price":102.8,"df_sale_price":"","df_regular_price":102.8,"df_image_link":"https:\/\/developing.newgarden.es\/wp-content\/uploads\/2021\/09\/ROCKET_70_CABLE_1200X1200-2-1-300x300.jpg","_links":{"self":[{"href":"https:\/\/developing.newgarden.es\/fr\/wp-json\/wp\/v2\/product\/36882"}],"collection":[{"href":"https:\/\/developing.newgarden.es\/fr\/wp-json\/wp\/v2\/product"}],"about":[{"href":"https:\/\/developing.newgarden.es\/fr\/wp-json\/wp\/v2\/types\/product"}],"wp:featuredmedia":[{"embeddable":true,"href":"https:\/\/developing.newgarden.es\/fr\/wp-json\/wp\/v2\/media\/59669"}],"wp:attachment":[{"href":"https:\/\/developing.newgarden.es\/fr\/wp-json\/wp\/v2\/media?parent=36882"}],"wp:term":[{"taxonomy":"product_cat","embeddable":true,"href":"https:\/\/developing.newgarden.es\/fr\/wp-json\/wp\/v2\/product_cat?post=36882"},{"taxonomy":"product_tag","embeddable":true,"href":"https:\/\/developing.newgarden.es\/fr\/wp-json\/wp\/v2\/product_tag?post=36882"}],"curies":[{"name":"wp","href":"https:\/\/api.w.org\/{rel}","templated":true}]}}