{"id":36823,"date":"2020-10-07T17:17:21","date_gmt":"2020-10-07T15:17:21","guid":{"rendered":"https:\/\/newgarden.es\/shop\/non%20class\u00e9\/lia-guirlande\/"},"modified":"2024-05-29T12:14:38","modified_gmt":"2024-05-29T10:14:38","slug":"lia-guirlande","status":"publish","type":"product","link":"https:\/\/developing.newgarden.es\/fr\/shop\/lightdeco-fr\/noel\/lia-guirlande\/","title":{"rendered":"GUIRLANDE LIA"},"content":{"rendered":"<section class=\"wpb-content-wrapper\"><p>[vc_row][vc_column][vc_column_text]<strong>GUIRLANDE LIA<\/strong><\/p>\n<p>Si simple et facile \u00e0 installer que vous trouverez incroyable de penser que le LIA est une guirlande. Avec ses 30 LED int\u00e9gr\u00e9es et son rev\u00eatement en tissu effet jute, il deviendra le compl\u00e9ment id\u00e9al de votre maison. Placez-le \u00e0 l&#8217;int\u00e9rieur ou \u00e0 l&#8217;ext\u00e9rieur de votre maison car il est con\u00e7u pour \u00eatre utilis\u00e9 \u00e0 l&#8217;int\u00e9rieur comme \u00e0 l&#8217;ext\u00e9rieur. IP44.<br \/>\n[\/vc_column_text][\/vc_column][\/vc_row][vc_row][vc_column width=&#8221;1\/2&#8243;][vc_btn title=&#8221;Fiche technique&#8221; style=&#8221;custom&#8221; custom_background=&#8221;#009bc2&#8243; custom_text=&#8221;#ffffff&#8221; link=&#8221;url:https%3A%2F%2Fbit.ly%2F3nnPh3L|&#8221;][\/vc_column][vc_column width=&#8221;1\/2&#8243;][vc_btn title=&#8221;Manuel d&apos;instrutions&#8221; style=&#8221;custom&#8221; custom_background=&#8221;#009bc2&#8243; custom_text=&#8221;#ffffff&#8221; link=&#8221;url:https%3A%2F%2Fbit.ly%2F3bjTbYB|&#8221;][\/vc_column][\/vc_row]<\/p>\n<\/section>","protected":false},"excerpt":{"rendered":"<h5><strong>Guirlande d\u00e9corative Lia<\/strong><\/h5>\n","protected":false},"featured_media":58399,"template":"","meta":[],"product_cat":[651,1575,1223,752],"product_tag":[],"class_list":{"0":"post-36823","1":"product","2":"type-product","3":"status-publish","4":"has-post-thumbnail","6":"product_cat-lightdeco-fr","7":"product_cat-guirlandes","8":"product_cat-interieur","9":"product_cat-noel","11":"first","12":"instock","13":"taxable","14":"shipping-taxable","15":"purchasable","16":"product-type-variable"},"df_price":46.8,"df_sale_price":"","df_regular_price":46.8,"df_image_link":"https:\/\/developing.newgarden.es\/wp-content\/uploads\/2020\/10\/LIA_200X1200-4-300x300.jpg","_links":{"self":[{"href":"https:\/\/developing.newgarden.es\/fr\/wp-json\/wp\/v2\/product\/36823"}],"collection":[{"href":"https:\/\/developing.newgarden.es\/fr\/wp-json\/wp\/v2\/product"}],"about":[{"href":"https:\/\/developing.newgarden.es\/fr\/wp-json\/wp\/v2\/types\/product"}],"wp:featuredmedia":[{"embeddable":true,"href":"https:\/\/developing.newgarden.es\/fr\/wp-json\/wp\/v2\/media\/58399"}],"wp:attachment":[{"href":"https:\/\/developing.newgarden.es\/fr\/wp-json\/wp\/v2\/media?parent=36823"}],"wp:term":[{"taxonomy":"product_cat","embeddable":true,"href":"https:\/\/developing.newgarden.es\/fr\/wp-json\/wp\/v2\/product_cat?post=36823"},{"taxonomy":"product_tag","embeddable":true,"href":"https:\/\/developing.newgarden.es\/fr\/wp-json\/wp\/v2\/product_tag?post=36823"}],"curies":[{"name":"wp","href":"https:\/\/api.w.org\/{rel}","templated":true}]}}