{"id":36804,"date":"2020-10-08T08:54:03","date_gmt":"2020-10-08T06:54:03","guid":{"rendered":"https:\/\/newgarden.es\/shop\/non%20class\u00e9\/guirlande-mare\/"},"modified":"2024-05-29T08:46:02","modified_gmt":"2024-05-29T06:46:02","slug":"guirlande-mare","status":"publish","type":"product","link":"https:\/\/developing.newgarden.es\/fr\/shop\/lightdeco-fr\/noel\/guirlande-mare\/","title":{"rendered":"GUIRLANDE LUMINEUSE MARE"},"content":{"rendered":"<section class=\"wpb-content-wrapper\"><p>[vc_row][vc_column][vc_column_text]<b>GUIRLANDE MARE<\/b><\/p>\n<p>Les couleurs de la M\u00e9diterran\u00e9e rempliront votre maison de lumi\u00e8re avec la guirlande Mare. Pour la terrasse ou le jardin, car il peut \u00eatre utilis\u00e9 \u00e0 l&#8217;int\u00e9rieur comme \u00e0 l&#8217;ext\u00e9rieur. Fabriqu\u00e9 en mat\u00e9riaux naturels tress\u00e9s et avec des sph\u00e8res antichocs. Laissez-vous illuminer par la Mare. IP44. 10 ampoules LED int\u00e9gr\u00e9es.<br \/>\n[\/vc_column_text][\/vc_column][\/vc_row][vc_row][vc_column width=&#8221;1\/2&#8243;][vc_btn title=&#8221;Fiche technique&#8221; style=&#8221;custom&#8221; custom_background=&#8221;#009bc2&#8243; custom_text=&#8221;#ffffff&#8221; link=&#8221;url:https%3A%2F%2Fbit.ly%2F3bg01Ou|&#8221;][\/vc_column][vc_column width=&#8221;1\/2&#8243;][vc_btn title=&#8221;Manuel d&apos;instrutions&#8221; style=&#8221;custom&#8221; custom_background=&#8221;#009bc2&#8243; custom_text=&#8221;#ffffff&#8221; link=&#8221;url:https%3A%2F%2Fbit.ly%2F3xIDLV9|&#8221;][\/vc_column][\/vc_row]<\/p>\n<\/section>","protected":false},"excerpt":{"rendered":"<h5><strong>Guirlande d\u00e9corative Mare<\/strong><\/h5>\n","protected":false},"featured_media":58289,"template":"","meta":[],"product_cat":[651,1575,1223,752],"product_tag":[],"class_list":{"0":"post-36804","1":"product","2":"type-product","3":"status-publish","4":"has-post-thumbnail","6":"product_cat-lightdeco-fr","7":"product_cat-guirlandes","8":"product_cat-interieur","9":"product_cat-noel","11":"first","12":"instock","13":"taxable","14":"shipping-taxable","15":"purchasable","16":"product-type-variable"},"df_price":66.3,"df_sale_price":"","df_regular_price":66.3,"df_image_link":"https:\/\/developing.newgarden.es\/wp-content\/uploads\/2020\/10\/MARE_1200X1200-6-300x300.jpg","_links":{"self":[{"href":"https:\/\/developing.newgarden.es\/fr\/wp-json\/wp\/v2\/product\/36804"}],"collection":[{"href":"https:\/\/developing.newgarden.es\/fr\/wp-json\/wp\/v2\/product"}],"about":[{"href":"https:\/\/developing.newgarden.es\/fr\/wp-json\/wp\/v2\/types\/product"}],"wp:featuredmedia":[{"embeddable":true,"href":"https:\/\/developing.newgarden.es\/fr\/wp-json\/wp\/v2\/media\/58289"}],"wp:attachment":[{"href":"https:\/\/developing.newgarden.es\/fr\/wp-json\/wp\/v2\/media?parent=36804"}],"wp:term":[{"taxonomy":"product_cat","embeddable":true,"href":"https:\/\/developing.newgarden.es\/fr\/wp-json\/wp\/v2\/product_cat?post=36804"},{"taxonomy":"product_tag","embeddable":true,"href":"https:\/\/developing.newgarden.es\/fr\/wp-json\/wp\/v2\/product_tag?post=36804"}],"curies":[{"name":"wp","href":"https:\/\/api.w.org\/{rel}","templated":true}]}}