{"id":36707,"date":"2021-09-14T11:54:11","date_gmt":"2021-09-14T09:54:17","guid":{"rendered":"https:\/\/newgarden.es\/?post_type=product&#038;p=36707"},"modified":"2024-06-13T15:43:31","modified_gmt":"2024-06-13T13:43:31","slug":"lampadaire-en-metal-lola-slim-180-usage-interieur","status":"publish","type":"product","link":"https:\/\/developing.newgarden.es\/fr\/shop\/lightdeco-fr\/lampadaire\/lampadaire-en-metal-lola-slim-180-usage-interieur\/","title":{"rendered":"LAMPADAIRE EN M\u00c9TAL LOLA SLIM 180 | USAGE INT\u00c9RIEUR"},"content":{"rendered":"<section class=\"wpb-content-wrapper\"><p>[vc_row][vc_column el_class=&#8221;descripcion_producto&#8221;][vc_column_text]Le lampadaire Lola Slim 180 fait partie de la famille LOLA gr\u00e2ce \u00e0 son design \u00e9l\u00e9gant. Sa hauteur fait de ce produit une lampe qui s&#8217;int\u00e8gre dans n&#8217;importe quelle pi\u00e8ce sans en briser l&#8217;esth\u00e9tique, id\u00e9ale pour tout espace \u00e0 l&#8217;int\u00e9rieur de la maison.<\/p>\n<p>La s\u00e9rie Lola Slim 180, \u00e9tant une famille, peut \u00eatre combin\u00e9e pour cr\u00e9er un nombre infini d&#8217;atmosph\u00e8res. Disponible en diff\u00e9rentes hauteurs : 30cm, 120cm et 180cm et avec un corps m\u00e9tallique fini en or rose, laiton, anthracite ou gris espace.<\/p>\n<p>Le lampadaire Lola Slim est disponible en c\u00e2ble IN&amp;OUT.[\/vc_column_text][\/vc_column][\/vc_row][vc_row disable_element=&#8221;yes&#8221;][vc_column][vc_single_image image=&#8221;6566&#8243; img_size=&#8221;full&#8221;][\/vc_column][\/vc_row][vc_row][vc_column width=&#8221;1\/2&#8243;][vc_btn title=&#8221;FICHA T\u00c9CNICA ROSE GOLD&#8221; style=&#8221;custom&#8221; custom_background=&#8221;#009bc2&#8243; custom_text=&#8221;#ffffff&#8221; shape=&#8221;square&#8221; link=&#8221;url:https%3A%2F%2Fbit.ly%2F3HGaJdz|target:%20_blank|&#8221; el_class=&#8221;btn_descargar_ficha&#8221;][vc_btn title=&#8221;FICHA T\u00c9CNICA BRASS&#8221; style=&#8221;custom&#8221; custom_background=&#8221;#009bc2&#8243; custom_text=&#8221;#ffffff&#8221; shape=&#8221;square&#8221; link=&#8221;url:https%3A%2F%2Fbit.ly%2F3Obw9Br|target:%20_blank|&#8221; el_class=&#8221;btn_descargar_ficha&#8221;][\/vc_column][vc_column width=&#8221;1\/2&#8243;][vc_btn title=&#8221;MANUAL DE INSTRUCCIONES ROSE GOLD&#8221; style=&#8221;custom&#8221; custom_background=&#8221;#009bc2&#8243; custom_text=&#8221;#ffffff&#8221; shape=&#8221;square&#8221; link=&#8221;url:https%3A%2F%2Fbit.ly%2F3oOswXc|target:%20_blank|&#8221; el_class=&#8221;btn_descargar_ficha&#8221;][vc_btn title=&#8221;MANUAL DE INSTRUCCIONES BRASS&#8221; style=&#8221;custom&#8221; custom_background=&#8221;#009bc2&#8243; custom_text=&#8221;#ffffff&#8221; shape=&#8221;square&#8221; link=&#8221;url:https%3A%2F%2Fbit.ly%2F3QcNevC|target:%20_blank|&#8221; el_class=&#8221;btn_descargar_ficha&#8221;][\/vc_column][\/vc_row]<\/p>\n<\/section>","protected":false},"excerpt":{"rendered":"<h5 style=\"font-size: 12px;\"><strong>Lampadaire d&#8217;ext\u00e9rieur Lola Slim 180 | usage int\u00e9rieur<\/strong><\/h5>\n","protected":false},"featured_media":59799,"template":"","meta":[],"product_cat":[1695,651,654,1223,1254],"product_tag":[647,1224],"class_list":{"0":"post-36707","1":"product","2":"type-product","3":"status-publish","4":"has-post-thumbnail","6":"product_cat-productos-fr","7":"product_cat-lightdeco-fr","8":"product_cat-lampadaire","9":"product_cat-interieur","10":"product_cat-indoor-floor-lamps-fr","11":"product_tag-cable-fr","12":"product_tag-interieur","14":"first","15":"instock","16":"taxable","17":"shipping-taxable","18":"purchasable","19":"product-type-variable"},"df_price":208.4,"df_sale_price":"","df_regular_price":208.4,"df_image_link":"https:\/\/developing.newgarden.es\/wp-content\/uploads\/2021\/09\/LOLA_SLIM_180_BATTERY_1200X1200-4-300x300.jpg","_links":{"self":[{"href":"https:\/\/developing.newgarden.es\/fr\/wp-json\/wp\/v2\/product\/36707"}],"collection":[{"href":"https:\/\/developing.newgarden.es\/fr\/wp-json\/wp\/v2\/product"}],"about":[{"href":"https:\/\/developing.newgarden.es\/fr\/wp-json\/wp\/v2\/types\/product"}],"wp:featuredmedia":[{"embeddable":true,"href":"https:\/\/developing.newgarden.es\/fr\/wp-json\/wp\/v2\/media\/59799"}],"wp:attachment":[{"href":"https:\/\/developing.newgarden.es\/fr\/wp-json\/wp\/v2\/media?parent=36707"}],"wp:term":[{"taxonomy":"product_cat","embeddable":true,"href":"https:\/\/developing.newgarden.es\/fr\/wp-json\/wp\/v2\/product_cat?post=36707"},{"taxonomy":"product_tag","embeddable":true,"href":"https:\/\/developing.newgarden.es\/fr\/wp-json\/wp\/v2\/product_tag?post=36707"}],"curies":[{"name":"wp","href":"https:\/\/api.w.org\/{rel}","templated":true}]}}