{"id":36549,"date":"2021-09-13T15:48:06","date_gmt":"2021-09-13T13:48:10","guid":{"rendered":"https:\/\/newgarden.es\/?post_type=product&#038;p=36549"},"modified":"2024-06-13T15:32:47","modified_gmt":"2024-06-13T13:32:47","slug":"lampe-trepied-dexterieur-chloe-140-copia","status":"publish","type":"product","link":"https:\/\/developing.newgarden.es\/fr\/shop\/lightdeco-fr\/interieur\/lampe-trepied-dexterieur-chloe-140-copia\/","title":{"rendered":"LAMPE TR\u00c9PIED D&#8217;EXT\u00c9RIEUR CHLOE 140 | UTILISATION INT\u00c9RIEURE"},"content":{"rendered":"<section class=\"wpb-content-wrapper\"><p>[vc_row][vc_column][vc_column_text]<\/p>\n<p>[\/vc_column_text][\/vc_column][\/vc_row][vc_row][vc_column el_class=&#8221;descripcion_producto&#8221;][vc_column_text]Chloe est un lampadaire original avec des pieds en bois, id\u00e9al pour l&#8217;int\u00e9rieur et l&#8217;ext\u00e9rieur. La combinaison du bois et du poly\u00e9thyl\u00e8ne fait de ce produit un indispensable de la maison. Disponible dans la finition In &amp; Out, qui comprend un variateur d&#8217;intensit\u00e9, un changement de temp\u00e9rature de couleur de la lumi\u00e8re et une t\u00e9l\u00e9commande.<\/p>\n<p>*Bois trait\u00e9 pour l&#8217;ext\u00e9rieur.<\/p>\n<p>[\/vc_column_text][\/vc_column][\/vc_row][vc_row disable_element=&#8221;yes&#8221;][vc_column][vc_single_image image=&#8221;6566&#8243; img_size=&#8221;full&#8221;][\/vc_column][\/vc_row][vc_row][vc_column width=&#8221;1\/2&#8243;][vc_btn title=&#8221;Fiche technique&#8221; style=&#8221;custom&#8221; custom_background=&#8221;#009bc2&#8243; custom_text=&#8221;#ffffff&#8221; shape=&#8221;square&#8221; el_class=&#8221;btn_descargar_ficha&#8221; link=&#8221;url:https%3A%2F%2Fbit.ly%2F3yaj6e0|&#8221;][\/vc_column][vc_column width=&#8221;1\/2&#8243;][vc_btn title=&#8221;Manuel d&apos;instrutions&#8221; style=&#8221;custom&#8221; custom_background=&#8221;#009bc2&#8243; custom_text=&#8221;#ffffff&#8221; shape=&#8221;square&#8221; el_class=&#8221;btn_descargar_ficha&#8221; link=&#8221;url:https%3A%2F%2Fbit.ly%2F3zm0R4Q|target:%20_blank|&#8221;][\/vc_column][\/vc_row]<\/p>\n<\/section>","protected":false},"excerpt":{"rendered":"<h1 style=\"font-size: 12px;\"><i class=\"fa fa-angle-right\"><\/i>LAMPE TR\u00c9PIED D&#8217;EXT\u00c9RIEUR CHLOE 140<\/h1>\n","protected":false},"featured_media":59879,"template":"","meta":[],"product_cat":[651,1223,1254],"product_tag":[647,707,648],"class_list":{"0":"post-36549","1":"product","2":"type-product","3":"status-publish","4":"has-post-thumbnail","6":"product_cat-lightdeco-fr","7":"product_cat-interieur","8":"product_cat-indoor-floor-lamps-fr","9":"product_tag-cable-fr","10":"product_tag-sans-fil","11":"product_tag-solaire","13":"first","14":"instock","15":"taxable","16":"shipping-taxable","17":"purchasable","18":"product-type-variable"},"df_price":160.7,"df_sale_price":"","df_regular_price":160.7,"df_image_link":"https:\/\/developing.newgarden.es\/wp-content\/uploads\/2021\/09\/CHLOE_140_CABLE_1200x1200-16-300x300.jpg","_links":{"self":[{"href":"https:\/\/developing.newgarden.es\/fr\/wp-json\/wp\/v2\/product\/36549"}],"collection":[{"href":"https:\/\/developing.newgarden.es\/fr\/wp-json\/wp\/v2\/product"}],"about":[{"href":"https:\/\/developing.newgarden.es\/fr\/wp-json\/wp\/v2\/types\/product"}],"wp:featuredmedia":[{"embeddable":true,"href":"https:\/\/developing.newgarden.es\/fr\/wp-json\/wp\/v2\/media\/59879"}],"wp:attachment":[{"href":"https:\/\/developing.newgarden.es\/fr\/wp-json\/wp\/v2\/media?parent=36549"}],"wp:term":[{"taxonomy":"product_cat","embeddable":true,"href":"https:\/\/developing.newgarden.es\/fr\/wp-json\/wp\/v2\/product_cat?post=36549"},{"taxonomy":"product_tag","embeddable":true,"href":"https:\/\/developing.newgarden.es\/fr\/wp-json\/wp\/v2\/product_tag?post=36549"}],"curies":[{"name":"wp","href":"https:\/\/api.w.org\/{rel}","templated":true}]}}