{"id":36181,"date":"2021-07-27T10:51:14","date_gmt":"2021-07-27T08:51:18","guid":{"rendered":"https:\/\/newgarden.es\/?post_type=product&#038;p=36181"},"modified":"2024-05-28T12:14:23","modified_gmt":"2024-05-28T10:14:23","slug":"x3-guirlande-allegra-black","status":"publish","type":"product","link":"https:\/\/developing.newgarden.es\/fr\/shop\/lightdeco-fr\/noel\/x3-guirlande-allegra-black\/","title":{"rendered":"GUIRLANDE ALLEGRA BLACK"},"content":{"rendered":"<section class=\"wpb-content-wrapper\"><p>[vc_row][vc_column][vc_column_text]<strong>GUIRLANDE ALLEGRA BLACK<\/strong><\/p>\n<p>GUIRLANDE EXT\u00c9RIEURE 10 AMPOULES ALLEGRA BLACK:<\/p>\n<p>Guirlande lumineuse d&#8217;ext\u00e9rieur LED de la collection Allegra, fabriqu\u00e9e par Newgarden, est compos\u00e9e d&#8217;un cordon d&#8217;alimentation et d&#8217;accroche (longueur totale 8m dont 3,25m de cordon d&#8217;alimentation) distribuant 10 diffuseurs avec ampoules LEDs en PVC.<\/p>\n<p>La guirlande lumineuse Allegra dispose d&#8217;un indice de protection \u00e9lev\u00e9 (IP44) lui conf\u00e9rant une utilisation en ext\u00e9rieur sans craintes! Vous pourrez l&#8217;accrocher dans votre maison, \u00e0 la pergola ou autres structures de jardin.<\/p>\n<p>La collection Allegra se d\u00e9cline en diff\u00e9rents mod\u00e8les et coloris tous raccordables.[\/vc_column_text][\/vc_column][\/vc_row][vc_row][vc_column width=&#8221;1\/2&#8243;][vc_video link=&#8221;https:\/\/www.youtube.com\/watch?v=UIOM3rWcvh0&#8243;][\/vc_column][vc_column width=&#8221;1\/2&#8243;][vc_video link=&#8221;https:\/\/www.youtube.com\/watch?v=9Vvsi2lt2DE&#8221;][\/vc_column][\/vc_row][vc_row][vc_column width=&#8221;1\/2&#8243;][vc_btn title=&#8221;Fiche technique&#8221; style=&#8221;custom&#8221; custom_background=&#8221;#009bc2&#8243; custom_text=&#8221;#ffffff&#8221; link=&#8221;url:https%3A%2F%2Fbit.ly%2F39DoGfN|target:%20_blank|&#8221;][vc_btn title=&#8221;FICHA T\u00c9CNICA CABLE RGB&#8221; style=&#8221;custom&#8221; custom_background=&#8221;#009bc2&#8243; custom_text=&#8221;#ffffff&#8221; link=&#8221;url:https%3A%2F%2Fbit.ly%2F3oQo9uJ|target:%20_blank|&#8221;][vc_btn title=&#8221;Fiche technique&#8221; style=&#8221;custom&#8221; custom_background=&#8221;#009bc2&#8243; custom_text=&#8221;#ffffff&#8221; link=&#8221;url:https%3A%2F%2Fbit.ly%2F3y9TaiW|target:%20_blank|&#8221;][\/vc_column][vc_column width=&#8221;1\/2&#8243;][vc_btn title=&#8221;Manuel d&apos;instrutions&#8221; style=&#8221;custom&#8221; custom_background=&#8221;#009bc2&#8243; custom_text=&#8221;#ffffff&#8221; link=&#8221;url:https%3A%2F%2Fbit.ly%2F3Jykk71|target:%20_blank|&#8221; el_class=&#8221;btn_descargar_ficha&#8221;][vc_btn title=&#8221;MANUAL DE INSTRUCCIONES CABLE RGB&#8221; style=&#8221;custom&#8221; custom_background=&#8221;#009bc2&#8243; custom_text=&#8221;#ffffff&#8221; link=&#8221;url:https%3A%2F%2Fbit.ly%2F3SkwIvj|target:%20_blank|&#8221; el_class=&#8221;btn_descargar_ficha&#8221;][vc_btn title=&#8221;Manuel d&apos;instrutions&#8221; style=&#8221;custom&#8221; custom_background=&#8221;#009bc2&#8243; custom_text=&#8221;#ffffff&#8221; link=&#8221;url:https%3A%2F%2Fbit.ly%2F3zofNzo|target:%20_blank|&#8221; el_class=&#8221;btn_descargar_ficha&#8221;][\/vc_column][\/vc_row]<\/p>\n<\/section>","protected":false},"excerpt":{"rendered":"<h5>Guirlande Allegra black c\u00e2ble ou solaire<\/h5>\n","protected":false},"featured_media":54539,"template":"","meta":[],"product_cat":[651,1575,752],"product_tag":[647,648],"class_list":{"0":"post-36181","1":"product","2":"type-product","3":"status-publish","4":"has-post-thumbnail","6":"product_cat-lightdeco-fr","7":"product_cat-guirlandes","8":"product_cat-noel","9":"product_tag-cable-fr","10":"product_tag-solaire","12":"first","13":"instock","14":"taxable","15":"shipping-taxable","16":"purchasable","17":"product-type-variable"},"df_price":89.7,"df_sale_price":"","df_regular_price":89.7,"df_image_link":"https:\/\/developing.newgarden.es\/wp-content\/uploads\/2021\/07\/Mesa-de-trabajo-6-300x300.jpg","_links":{"self":[{"href":"https:\/\/developing.newgarden.es\/fr\/wp-json\/wp\/v2\/product\/36181"}],"collection":[{"href":"https:\/\/developing.newgarden.es\/fr\/wp-json\/wp\/v2\/product"}],"about":[{"href":"https:\/\/developing.newgarden.es\/fr\/wp-json\/wp\/v2\/types\/product"}],"wp:featuredmedia":[{"embeddable":true,"href":"https:\/\/developing.newgarden.es\/fr\/wp-json\/wp\/v2\/media\/54539"}],"wp:attachment":[{"href":"https:\/\/developing.newgarden.es\/fr\/wp-json\/wp\/v2\/media?parent=36181"}],"wp:term":[{"taxonomy":"product_cat","embeddable":true,"href":"https:\/\/developing.newgarden.es\/fr\/wp-json\/wp\/v2\/product_cat?post=36181"},{"taxonomy":"product_tag","embeddable":true,"href":"https:\/\/developing.newgarden.es\/fr\/wp-json\/wp\/v2\/product_tag?post=36181"}],"curies":[{"name":"wp","href":"https:\/\/api.w.org\/{rel}","templated":true}]}}