{"id":32940,"date":"2021-02-10T14:32:41","date_gmt":"2021-02-10T13:32:42","guid":{"rendered":"https:\/\/newgarden.es\/?post_type=product&#038;p=32940"},"modified":"2023-01-10T11:45:23","modified_gmt":"2023-01-10T10:45:23","slug":"lampe-a-suspension-sans-fil-positano","status":"publish","type":"product","link":"https:\/\/developing.newgarden.es\/fr\/shop\/lightdeco-fr\/lampes-suspendues\/lampe-a-suspension-sans-fil-positano\/","title":{"rendered":"LAMPE SUSPENSION SANS FIL POSITANO"},"content":{"rendered":"<section class=\"wpb-content-wrapper\"><p>[vc_row][vc_column][vc_column_text][\/vc_column_text][\/vc_column][\/vc_row][vc_row][vc_column][vc_column_text]La suspension sans fil\u00a0<strong>POSITANO\u00a0<\/strong>est fabriqu\u00e9e \u00e0 la main \u00e0 partir de fibres naturelles. Elle n&#8217;a pas besoin d&#8217;installations sp\u00e9cifiques.\u00a0Il vous suffira de l&#8217;accrocher o\u00f9 vous voulez, car elle poss\u00e8de une ampoule portable rechargeable de 900 lumens int\u00e9gr\u00e9e. Cette ampoule comprend \u00e9galement une t\u00e9l\u00e9commande qui permet de l&#8217;allumer, de l&#8217;\u00e9teindre et de r\u00e9gler son intensit\u00e9.<br \/>\nElle est dot\u00e9e d&#8217;un cordon de 3m de longueur.<\/p>\n<p>&nbsp;<\/p>\n<ul class=\"tablaTech\">\n<li>\n<div class=\"boxContents no-border\">\n<div class=\"name\"><strong>TAILLE<\/strong><\/div>\n<div class=\"data\">\u00f833 x 35 cm<\/div>\n<\/div>\n<\/li>\n<\/ul>\n<p>[\/vc_column_text][vc_video link=&#8221;https:\/\/youtu.be\/vdhcxDVpATo&#8221;][\/vc_column][\/vc_row][vc_row][vc_column width=&#8221;1\/2&#8243;][vc_btn title=&#8221;Fiche technique&#8221; style=&#8221;custom&#8221; custom_background=&#8221;#009bc2&#8243; custom_text=&#8221;#ffffff&#8221; shape=&#8221;square&#8221; el_class=&#8221;btn_descargar_ficha&#8221; link=&#8221;url:https%3A%2F%2Fdrive.google.com%2Fdrive%2Ffolders%2F10D5SSuP8yONExGIjK_GWR_lKer4iIyPU|target:%20_blank|&#8221;][\/vc_column][vc_column width=&#8221;1\/2&#8243;][vc_btn title=&#8221;Manuel d&#8217;instrutions&#8221; style=&#8221;custom&#8221; custom_background=&#8221;#009bc2&#8243; custom_text=&#8221;#ffffff&#8221; shape=&#8221;square&#8221; el_class=&#8221;btn_descargar_ficha&#8221; link=&#8221;target:%20_blank|&#8221;][\/vc_column][\/vc_row]<\/p>\n<\/section>","protected":false},"excerpt":{"rendered":"<h5><strong>Lampe suspension Positano sans fil<\/strong><\/h5>\n","protected":false},"featured_media":57470,"template":"","meta":[],"product_cat":[651,1569,744],"product_tag":[653,707],"class_list":{"0":"post-32940","1":"product","2":"type-product","3":"status-publish","4":"has-post-thumbnail","6":"product_cat-lightdeco-fr","7":"product_cat-plafonniers-sans-fil","8":"product_cat-lampes-suspendues","9":"product_tag-batterie","10":"product_tag-sans-fil","12":"first","13":"instock","14":"taxable","15":"shipping-taxable","16":"purchasable","17":"product-type-variable"},"df_price":51.1,"df_sale_price":"","df_regular_price":51.1,"df_image_link":"https:\/\/developing.newgarden.es\/wp-content\/uploads\/2021\/02\/POSITANO_1200X1200-7-300x300.jpg","_links":{"self":[{"href":"https:\/\/developing.newgarden.es\/fr\/wp-json\/wp\/v2\/product\/32940"}],"collection":[{"href":"https:\/\/developing.newgarden.es\/fr\/wp-json\/wp\/v2\/product"}],"about":[{"href":"https:\/\/developing.newgarden.es\/fr\/wp-json\/wp\/v2\/types\/product"}],"wp:featuredmedia":[{"embeddable":true,"href":"https:\/\/developing.newgarden.es\/fr\/wp-json\/wp\/v2\/media\/57470"}],"wp:attachment":[{"href":"https:\/\/developing.newgarden.es\/fr\/wp-json\/wp\/v2\/media?parent=32940"}],"wp:term":[{"taxonomy":"product_cat","embeddable":true,"href":"https:\/\/developing.newgarden.es\/fr\/wp-json\/wp\/v2\/product_cat?post=32940"},{"taxonomy":"product_tag","embeddable":true,"href":"https:\/\/developing.newgarden.es\/fr\/wp-json\/wp\/v2\/product_tag?post=32940"}],"curies":[{"name":"wp","href":"https:\/\/api.w.org\/{rel}","templated":true}]}}