{"id":32758,"date":"2021-02-10T11:39:10","date_gmt":"2021-02-10T10:39:14","guid":{"rendered":"https:\/\/newgarden.es\/?post_type=product&#038;p=32758"},"modified":"2022-02-02T17:07:41","modified_gmt":"2022-02-02T16:07:41","slug":"lampadaire-solaire-paquita-copia","status":"publish","type":"product","link":"https:\/\/developing.newgarden.es\/fr\/shop\/lightdeco-fr\/lampadaire-et-appliques\/lampadaire-solaire-paquita-copia\/","title":{"rendered":"LAMPADAIRE SOLAIRE HYBRIDE PEPITA"},"content":{"rendered":"<section class=\"wpb-content-wrapper\"><p>[vc_row][vc_column el_class=&#8221;descripcion_producto&#8221;][vc_column_text]<br \/>\nLAMPADAIRE SOLAIRE HYBRIDE <strong>PEPITA<\/strong><\/p>\n<p>Le lampadaire solaire hybride <strong>PEPITA<\/strong> est un indispensable. Son syst\u00e8me de <span style=\"text-decoration: underline;\">technologie hybride avanc\u00e9e<\/span> combine la recharge solaire et \u00e9lectrique, de sorte que la lanterne soit pleinement fonctionnelle aussi longtemps que n\u00e9cessaire.<\/p>\n<p>Lorsque la charge solaire s&#8217;\u00e9puise, elle se connecte automatiquement au r\u00e9seau \u00e9lectrique pour continuer \u00e0 fonctionner \u00e0 pleine capacit\u00e9.<\/p>\n<p style=\"text-align: justify;\">Elle dispose de deux modes d\u2019allumage: le mode MANUEL et AUTOMATIQUE et le mode SENSOR (capteur de mouvement). Le mode d\u00e9tecteur de mouvement: la lampe est allum\u00e9e \u00e0 faible intensit\u00e9, mais lorsqu&#8217;elle d\u00e9tecte une pr\u00e9sence, elle s&#8217;allume \u00e0 100% pendant environ 60 secondes, et revient \u00e0 faible intensit\u00e9 pour optimiser l&#8217;\u00e9clairage.<\/p>\n<p style=\"text-align: justify;\"><strong>Ce luminaire n\u00e9cessite une installation.<\/strong><br \/>\n1500 lumens.<\/p>\n<p><em>Les produits Newgarden sont l\u00e9gers et tr\u00e8s r\u00e9sistants aux temp\u00e9ratures extr\u00eames. Ils sont \u00e9galement prot\u00e9g\u00e9s contre les rayons UV, ce qui rend la dur\u00e9e de vie du produit extraordinairement longue.<\/em><\/p>\n<ul class=\"tablaTech\">\n<li>\n<div class=\"boxContents no-border\">\n<div class=\"name\"><strong>TAILLE<\/strong><\/div>\n<div class=\"data\">\u00f858,6 x 214,5 cm<\/div>\n<\/div>\n<\/li>\n<\/ul>\n<p><iframe title=\"YouTube video player\" src=\"https:\/\/www.youtube.com\/embed\/Z0vu_2Z5Ilg\" width=\"560\" height=\"315\" frameborder=\"0\" allowfullscreen=\"allowfullscreen\"><\/iframe><\/p>\n<p>[\/vc_column_text][\/vc_column][\/vc_row][vc_row disable_element=&#8221;yes&#8221;][vc_column][vc_single_image image=&#8221;6566&#8243; img_size=&#8221;full&#8221;][\/vc_column][\/vc_row][vc_row][vc_column width=&#8221;1\/2&#8243;][vc_btn title=&#8221;Fiche technique&#8221; style=&#8221;custom&#8221; custom_background=&#8221;#009bc2&#8243; custom_text=&#8221;#ffffff&#8221; shape=&#8221;square&#8221; link=&#8221;url:https%3A%2F%2Fdrive.google.com%2Fdrive%2Ffolders%2F1j3A2vwvkTN_UwW_9ZOMlXQitAPCd0wDB|target:%20_blank|&#8221; el_class=&#8221;btn_descargar_ficha&#8221;][\/vc_column][vc_column width=&#8221;1\/2&#8243;][vc_btn title=&#8221;Manuel d&#8217;instrutions&#8221; style=&#8221;custom&#8221; custom_background=&#8221;#009bc2&#8243; custom_text=&#8221;#ffffff&#8221; shape=&#8221;square&#8221; link=&#8221;url:https%3A%2F%2Fdeveloping.newgarden.es%2Ffr%2F%3Fpage_id%3D25150|target:%20_blank|&#8221; el_class=&#8221;btn_descargar_ficha&#8221;][\/vc_column][\/vc_row]<\/p>\n<\/section>","protected":false},"excerpt":{"rendered":"<h5 style=\"font-size: 12px;\"><strong>Lampadaire solaire hybride Pepita<\/strong><\/h5>\n","protected":false},"featured_media":57770,"template":"","meta":[],"product_cat":[1695,651,1564],"product_tag":[],"class_list":{"0":"post-32758","1":"product","2":"type-product","3":"status-publish","4":"has-post-thumbnail","6":"product_cat-productos-fr","7":"product_cat-lightdeco-fr","8":"product_cat-lampadaire-et-appliques","10":"first","11":"instock","12":"taxable","13":"shipping-taxable","14":"purchasable","15":"product-type-variable","16":"has-default-attributes"},"df_price":318.7,"df_sale_price":"","df_regular_price":318.7,"df_image_link":"https:\/\/developing.newgarden.es\/wp-content\/uploads\/2021\/02\/PEPITA_FAROLA_1200X1200-7-300x300.jpg","_links":{"self":[{"href":"https:\/\/developing.newgarden.es\/fr\/wp-json\/wp\/v2\/product\/32758"}],"collection":[{"href":"https:\/\/developing.newgarden.es\/fr\/wp-json\/wp\/v2\/product"}],"about":[{"href":"https:\/\/developing.newgarden.es\/fr\/wp-json\/wp\/v2\/types\/product"}],"wp:featuredmedia":[{"embeddable":true,"href":"https:\/\/developing.newgarden.es\/fr\/wp-json\/wp\/v2\/media\/57770"}],"wp:attachment":[{"href":"https:\/\/developing.newgarden.es\/fr\/wp-json\/wp\/v2\/media?parent=32758"}],"wp:term":[{"taxonomy":"product_cat","embeddable":true,"href":"https:\/\/developing.newgarden.es\/fr\/wp-json\/wp\/v2\/product_cat?post=32758"},{"taxonomy":"product_tag","embeddable":true,"href":"https:\/\/developing.newgarden.es\/fr\/wp-json\/wp\/v2\/product_tag?post=32758"}],"curies":[{"name":"wp","href":"https:\/\/api.w.org\/{rel}","templated":true}]}}