{"id":32694,"date":"2021-02-10T09:56:33","date_gmt":"2021-02-10T08:56:37","guid":{"rendered":"https:\/\/newgarden.es\/?post_type=product&#038;p=32694"},"modified":"2022-01-05T12:51:06","modified_gmt":"2022-01-05T11:51:06","slug":"applique-murale-paquita-wall-copia","status":"publish","type":"product","link":"https:\/\/developing.newgarden.es\/fr\/shop\/lightdeco-fr\/appliques\/applique-murale-paquita-wall-copia\/","title":{"rendered":"LAMPE SOLAIRE MURALE HYBRIDE PEPITA WALL"},"content":{"rendered":"<section class=\"wpb-content-wrapper\"><p>[vc_row][vc_column el_class=&#8221;descripcion_producto&#8221;][vc_column_text]<\/p>\n<p>L\u2019applique murale solaire hybride\u00a0<strong>PEPITA WALL<\/strong> est un must pour le jardin. Son syst\u00e8me de technologie hybride avanc\u00e9e combine la recharge solaire et \u00e9lectrique, de sorte que la lampe est pleinement fonctionnelle aussi longtemps qu&#8217;il est n\u00e9cessaire. Lorsque la charge solaire s&#8217;\u00e9puise, elle se connecte automatiquement au r\u00e9seau pour continuer \u00e0 fonctionner \u00e0 pleine capacit\u00e9.<\/p>\n<p>Elle dispose de deux modes d\u2019allumage : le mode\u00a0<strong>MANUEL<\/strong>\u00a0et\u00a0<strong>AUTOMATIQUE<\/strong>\u00a0et le mode\u00a0<strong>SENSOR<\/strong>\u00a0(capteur de mouvement). En mode d\u00e9tecteur de mouvement, la lampe est allum\u00e9e \u00e0 faible intensit\u00e9, mais lorsqu&#8217;elle d\u00e9tecte une pr\u00e9sence, elle s&#8217;allume \u00e0 100 % pendant environ 60 secondes, et revient \u00e0 faible intensit\u00e9 pour optimiser l&#8217;\u00e9clairage.<\/p>\n<p>Ce luminaire n\u00e9cessite une installation.<\/p>\n<p>750 lumens.<\/p>\n<p>&nbsp;<\/p>\n<ul class=\"tablaTech\">\n<li>\n<div class=\"boxContents no-border\">\n<div class=\"name\"><strong>TAILLE<\/strong><\/div>\n<div class=\"data\">32 x 36 x 35,9 cm<\/div>\n<\/div>\n<\/li>\n<\/ul>\n<p><iframe title=\"YouTube video player\" src=\"https:\/\/www.youtube.com\/embed\/Z0vu_2Z5Ilg\" width=\"560\" height=\"315\" frameborder=\"0\" allowfullscreen=\"allowfullscreen\"><\/iframe><\/p>\n<p>[\/vc_column_text][\/vc_column][\/vc_row][vc_row disable_element=&#8221;yes&#8221;][vc_column][vc_single_image image=&#8221;6566&#8243; img_size=&#8221;full&#8221;][\/vc_column][\/vc_row][vc_row][vc_column width=&#8221;1\/2&#8243;][vc_btn title=&#8221;Fiche technique&#8221; style=&#8221;custom&#8221; custom_background=&#8221;#009bc2&#8243; custom_text=&#8221;#ffffff&#8221; shape=&#8221;square&#8221; link=&#8221;url:https%3A%2F%2Fdrive.google.com%2Fdrive%2Ffolders%2F1BWTdLqlIs6YbttGoFCYhPbx9yopal-oI|target:%20_blank|&#8221; el_class=&#8221;btn_descargar_ficha&#8221;][\/vc_column][vc_column width=&#8221;1\/2&#8243;][vc_btn title=&#8221;Manuel d&#8217;instrutions&#8221; style=&#8221;custom&#8221; custom_background=&#8221;#009bc2&#8243; custom_text=&#8221;#ffffff&#8221; shape=&#8221;square&#8221; link=&#8221;url:https%3A%2F%2Fdeveloping.newgarden.es%2Ffr%2F%3Fpage_id%3D25150|target:%20_blank|&#8221; el_class=&#8221;btn_descargar_ficha&#8221;][\/vc_column][\/vc_row]<\/p>\n<\/section>","protected":false},"excerpt":{"rendered":"<p>Lampe Solaire Murale Hybride PEPITA WALL<\/p>\n","protected":false},"featured_media":56806,"template":"","meta":[],"product_cat":[651,757],"product_tag":[],"class_list":{"0":"post-32694","1":"product","2":"type-product","3":"status-publish","4":"has-post-thumbnail","6":"product_cat-lightdeco-fr","7":"product_cat-appliques","9":"first","10":"instock","11":"taxable","12":"shipping-taxable","13":"purchasable","14":"product-type-variable","15":"has-default-attributes"},"df_price":119.6,"df_sale_price":"","df_regular_price":119.6,"df_image_link":"https:\/\/developing.newgarden.es\/wp-content\/uploads\/2021\/02\/PEPITA_WALL_1200X1200-8-300x300.jpg","_links":{"self":[{"href":"https:\/\/developing.newgarden.es\/fr\/wp-json\/wp\/v2\/product\/32694"}],"collection":[{"href":"https:\/\/developing.newgarden.es\/fr\/wp-json\/wp\/v2\/product"}],"about":[{"href":"https:\/\/developing.newgarden.es\/fr\/wp-json\/wp\/v2\/types\/product"}],"wp:featuredmedia":[{"embeddable":true,"href":"https:\/\/developing.newgarden.es\/fr\/wp-json\/wp\/v2\/media\/56806"}],"wp:attachment":[{"href":"https:\/\/developing.newgarden.es\/fr\/wp-json\/wp\/v2\/media?parent=32694"}],"wp:term":[{"taxonomy":"product_cat","embeddable":true,"href":"https:\/\/developing.newgarden.es\/fr\/wp-json\/wp\/v2\/product_cat?post=32694"},{"taxonomy":"product_tag","embeddable":true,"href":"https:\/\/developing.newgarden.es\/fr\/wp-json\/wp\/v2\/product_tag?post=32694"}],"curies":[{"name":"wp","href":"https:\/\/api.w.org\/{rel}","templated":true}]}}