{"id":32576,"date":"2021-02-10T09:27:53","date_gmt":"2021-02-10T08:27:54","guid":{"rendered":"https:\/\/newgarden.es\/?post_type=product&#038;p=32576"},"modified":"2022-01-14T09:23:47","modified_gmt":"2022-01-14T08:23:47","slug":"lampe-decorative-sans-fil-bossa-30","status":"publish","type":"product","link":"https:\/\/developing.newgarden.es\/fr\/shop\/lightdeco-fr\/lampe-a-cote\/lampe-decorative-sans-fil-bossa-30\/","title":{"rendered":"LAMPE D\u00c9CORATIVE SANS FIL BOSSA 30"},"content":{"rendered":"<section class=\"wpb-content-wrapper\"><p>[vc_row][vc_column][vc_column_text][\/vc_column_text][\/vc_column][\/vc_row][vc_row][vc_column][vc_column_text]La lampe d\u00e9corative sans fil\u00a0<strong>Bossa 30<\/strong>\u00a0est tress\u00e9e \u00e0 la main\u00a0en\u00a0fibres naturelles. Cette lampe est le compl\u00e9ment parfait pour \u00e9clairer tout espace de votre maison ou de votre jardin tout en lui donnant une touche naturelle.<\/p>\n<p>Elle poss\u00e8de une ampoule portable rechargeable de 900 lumens qui ne n\u00e9cessite aucune installation, il suffit de l&#8217;approcher de la lampe et elle adh\u00e9rera gr\u00e2ce \u00e0 sa base aimant\u00e9e. Cette ampoule comprend \u00e9galement une t\u00e9l\u00e9commande permettant de l&#8217;allumer, de l&#8217;\u00e9teindre et de r\u00e9gler son intensit\u00e9.<\/p>\n<p>Cette lampe fait partie de la famille\u00a0<strong>BOSSA<\/strong>, et peut \u00eatre combin\u00e9e avec une lampe \u00e0 suspension.<\/p>\n<ul class=\"tablaTech\">\n<li>\n<div class=\"boxContents no-border\">\n<div class=\"name\"><strong>TAILLE<\/strong><\/div>\n<div class=\"data\">\u00f822,5 x 32,5 cm<\/div>\n<div><\/div>\n<\/div>\n<\/li>\n<\/ul>\n<p>&nbsp;<\/p>\n<p><iframe title=\"YouTube video player\" src=\"https:\/\/www.youtube.com\/embed\/uLyFAiUcOxU\" width=\"560\" height=\"315\" frameborder=\"0\" allowfullscreen=\"allowfullscreen\"><\/iframe>[\/vc_column_text][vc_video link=&#8221;https:\/\/youtu.be\/Qf46mbdJniU&#8221;][\/vc_column][\/vc_row][vc_row][vc_column width=&#8221;1\/2&#8243;][vc_btn title=&#8221;Fiche technique&#8221; style=&#8221;custom&#8221; custom_background=&#8221;#009bc2&#8243; custom_text=&#8221;#ffffff&#8221; shape=&#8221;square&#8221; el_class=&#8221;btn_descargar_ficha&#8221; link=&#8221;url:https%3A%2F%2Fdrive.google.com%2Fdrive%2Ffolders%2F1cYIULp91R5JK8edFuepueOUKudk8iYJN|target:%20_blank|&#8221;][\/vc_column][vc_column width=&#8221;1\/2&#8243;][vc_btn title=&#8221;Manuel d&#8217;instrutions&#8221; style=&#8221;custom&#8221; custom_background=&#8221;#009bc2&#8243; custom_text=&#8221;#ffffff&#8221; shape=&#8221;square&#8221; el_class=&#8221;btn_descargar_ficha&#8221; link=&#8221;target:%20_blank|&#8221;][\/vc_column][\/vc_row]<\/p>\n<\/section>","protected":false},"excerpt":{"rendered":"<h5>Lampe d\u00e9corative sans fil Bossa 30<\/h5>\n","protected":false},"featured_media":61216,"template":"","meta":[],"product_cat":[1695,651,652,1590],"product_tag":[653,707],"class_list":{"0":"post-32576","1":"product","2":"type-product","3":"status-publish","4":"has-post-thumbnail","6":"product_cat-productos-fr","7":"product_cat-lightdeco-fr","8":"product_cat-lampe-a-cote","9":"product_cat-interieur-fr","10":"product_tag-batterie","11":"product_tag-sans-fil","13":"first","14":"instock","15":"taxable","16":"shipping-taxable","17":"purchasable","18":"product-type-variable","19":"has-default-attributes"},"df_price":61.7,"df_sale_price":"","df_regular_price":61.7,"df_image_link":"https:\/\/developing.newgarden.es\/wp-content\/uploads\/2021\/02\/BOSSA_30_BATTERY_1200X1200-8-300x300.jpg","_links":{"self":[{"href":"https:\/\/developing.newgarden.es\/fr\/wp-json\/wp\/v2\/product\/32576"}],"collection":[{"href":"https:\/\/developing.newgarden.es\/fr\/wp-json\/wp\/v2\/product"}],"about":[{"href":"https:\/\/developing.newgarden.es\/fr\/wp-json\/wp\/v2\/types\/product"}],"wp:featuredmedia":[{"embeddable":true,"href":"https:\/\/developing.newgarden.es\/fr\/wp-json\/wp\/v2\/media\/61216"}],"wp:attachment":[{"href":"https:\/\/developing.newgarden.es\/fr\/wp-json\/wp\/v2\/media?parent=32576"}],"wp:term":[{"taxonomy":"product_cat","embeddable":true,"href":"https:\/\/developing.newgarden.es\/fr\/wp-json\/wp\/v2\/product_cat?post=32576"},{"taxonomy":"product_tag","embeddable":true,"href":"https:\/\/developing.newgarden.es\/fr\/wp-json\/wp\/v2\/product_tag?post=32576"}],"curies":[{"name":"wp","href":"https:\/\/api.w.org\/{rel}","templated":true}]}}