{"id":32539,"date":"2021-02-10T09:08:17","date_gmt":"2021-02-10T08:08:18","guid":{"rendered":"https:\/\/newgarden.es\/?post_type=product&#038;p=32539"},"modified":"2022-01-31T13:08:40","modified_gmt":"2022-01-31T12:08:40","slug":"lampe-solaire-greta-lampe-multifonction-couleur-noire","status":"publish","type":"product","link":"https:\/\/developing.newgarden.es\/fr\/shop\/lightdeco-fr\/lampe-a-cote\/lampe-solaire-greta-lampe-multifonction-couleur-noire\/","title":{"rendered":"LAMPE SOLAIRE GRETA (LAMPE MULTIFONCTION) &#8211; NOIR"},"content":{"rendered":"<section class=\"wpb-content-wrapper\"><p>[vc_row][vc_column][vc_column_text][\/vc_column_text][\/vc_column][\/vc_row][vc_row][vc_column][vc_column_text]LAMPE SOLAIRE <strong>GRETA<\/strong> (LAMPE MULTIFONCTION) &#8211; NOIR<\/p>\n<p>La lampe solaire\u00a0<strong>Greta<\/strong>\u00a0est une r\u00e9volution dans le domaine de l&#8217;\u00e9clairage de jardin, car elle est compos\u00e9e de\u00a05 lampes en 1. Vous pouvez profiter d&#8217;un lampadaire, d&#8217;une lampe de table, de deux piques \u00e0 des hauteurs diff\u00e9rentes ou d&#8217;une applique murale en un seul produit, il suffit d&#8217;assembler la version souhait\u00e9e. Elle peut \u00eatre charg\u00e9e par la lumi\u00e8re du soleil ou par micro\u00a0USB\u00a0et poss\u00e8de deux modes d&#8217;allumage :\u00a0<strong>MANUEL<\/strong>\u00a0ou\u00a0<strong>AUTOMATIQUE<\/strong>.<\/p>\n<p>La lampe solaire\u00a0<strong>Greta<\/strong>\u00a0est faite de mat\u00e9riaux recycl\u00e9s provenant des oc\u00e9ans, c&#8217;est un produit durable, donnant une nouvelle vie aux d\u00e9chets plastiques sous la forme d&#8217;une lampe.<\/p>\n<p>Disponible en blanc ou en noir.<\/p>\n<p>&nbsp;<\/p>\n<div class=\"boxContents no-border\">\n<ul>\n<li><strong>TAILLE<br \/>\n<\/strong>\u00f816 x 80 cm<\/li>\n<\/ul>\n<\/div>\n<div><\/div>\n<p><iframe title=\"YouTube video player\" src=\"https:\/\/www.youtube.com\/embed\/umNe0WiSP58\" width=\"560\" height=\"315\" frameborder=\"0\" allowfullscreen=\"allowfullscreen\"><\/iframe>[\/vc_column_text][vc_video link=&#8221;https:\/\/youtu.be\/umNe0WiSP58&#8243;][\/vc_column][\/vc_row][vc_row][vc_column width=&#8221;1\/2&#8243;][vc_btn title=&#8221;Fiche technique&#8221; style=&#8221;custom&#8221; custom_background=&#8221;#009bc2&#8243; custom_text=&#8221;#ffffff&#8221; shape=&#8221;square&#8221; el_class=&#8221;btn_descargar_ficha&#8221; link=&#8221;url:https%3A%2F%2Fdrive.google.com%2Fdrive%2Ffolders%2F1sDi0RQageFE5E8dB3EKmUs4MuAXLT7y_|target:%20_blank|&#8221;][\/vc_column][vc_column width=&#8221;1\/2&#8243;][vc_btn title=&#8221;Manuel d&#8217;instrutions&#8221; style=&#8221;custom&#8221; custom_background=&#8221;#009bc2&#8243; custom_text=&#8221;#ffffff&#8221; shape=&#8221;square&#8221; el_class=&#8221;btn_descargar_ficha&#8221; link=&#8221;target:%20_blank|&#8221;][\/vc_column][\/vc_row]<\/p>\n<\/section>","protected":false},"excerpt":{"rendered":"<h5><strong>Lampe solaire Greta (5 lampes en 1) &#8211; noir<\/strong><\/h5>\n","protected":false},"featured_media":56891,"template":"","meta":[],"product_cat":[1695,651,654,652,1580,757,1590],"product_tag":[707,648],"class_list":{"0":"post-32539","1":"product","2":"type-product","3":"status-publish","4":"has-post-thumbnail","6":"product_cat-productos-fr","7":"product_cat-lightdeco-fr","8":"product_cat-lampadaire","9":"product_cat-lampe-a-cote","10":"product_cat-balises-et-piques-fr","11":"product_cat-appliques","12":"product_cat-interieur-fr","13":"product_tag-sans-fil","14":"product_tag-solaire","16":"first","17":"instock","18":"taxable","19":"shipping-taxable","20":"purchasable","21":"product-type-variable","22":"has-default-attributes"},"df_price":30.2,"df_sale_price":"","df_regular_price":30.2,"df_image_link":"https:\/\/developing.newgarden.es\/wp-content\/uploads\/2021\/02\/GRETA_5X1_BATTERY_BW_1200X1200-5-300x300.jpg","_links":{"self":[{"href":"https:\/\/developing.newgarden.es\/fr\/wp-json\/wp\/v2\/product\/32539"}],"collection":[{"href":"https:\/\/developing.newgarden.es\/fr\/wp-json\/wp\/v2\/product"}],"about":[{"href":"https:\/\/developing.newgarden.es\/fr\/wp-json\/wp\/v2\/types\/product"}],"wp:featuredmedia":[{"embeddable":true,"href":"https:\/\/developing.newgarden.es\/fr\/wp-json\/wp\/v2\/media\/56891"}],"wp:attachment":[{"href":"https:\/\/developing.newgarden.es\/fr\/wp-json\/wp\/v2\/media?parent=32539"}],"wp:term":[{"taxonomy":"product_cat","embeddable":true,"href":"https:\/\/developing.newgarden.es\/fr\/wp-json\/wp\/v2\/product_cat?post=32539"},{"taxonomy":"product_tag","embeddable":true,"href":"https:\/\/developing.newgarden.es\/fr\/wp-json\/wp\/v2\/product_tag?post=32539"}],"curies":[{"name":"wp","href":"https:\/\/api.w.org\/{rel}","templated":true}]}}