{"id":32209,"date":"2021-02-02T14:57:09","date_gmt":"2021-02-02T13:57:10","guid":{"rendered":"https:\/\/newgarden.es\/?post_type=product&#038;p=32209"},"modified":"2022-01-24T10:09:12","modified_gmt":"2022-01-24T09:09:12","slug":"lampe-suspension-sans-fil-saona-50","status":"publish","type":"product","link":"https:\/\/developing.newgarden.es\/fr\/shop\/lightdeco-fr\/lampes-suspendues\/lampe-suspension-sans-fil-saona-50\/","title":{"rendered":"LAMPE SUSPENSION SANS FIL SAONA 50"},"content":{"rendered":"<section class=\"wpb-content-wrapper\"><p>[vc_row][vc_column][vc_column_text][\/vc_column_text][\/vc_column][\/vc_row][vc_row][vc_column][vc_column_text]<span data-sanitized-data-mce-fragment=\"1\">La suspension sans fil\u00a0<\/span><strong data-sanitized-data-mce-fragment=\"1\">SAONA 50\u00a0<\/strong><span data-sanitized-data-mce-fragment=\"1\">est fabriqu\u00e9e \u00e0 la main \u00e0 partir de fibres naturelles. Elle n&#8217;a pas besoin d&#8217;installations sp\u00e9cifiques.\u00a0Il vous suffira de l&#8217;accrocher o\u00f9 vous voulez, car elle poss\u00e8de une ampoule portable rechargeable de 900 lumens int\u00e9gr\u00e9e. Cette ampoule comprend \u00e9galement une t\u00e9l\u00e9commande qui permet de l&#8217;allumer, de l&#8217;\u00e9teindre et de r\u00e9gler son intensit\u00e9.<br \/>\nElle est dot\u00e9e d&#8217;un cordon de 3m de longueur.<\/span><\/p>\n<p>Cette lampe fait partie de la famille\u00a0<strong>SAONA<\/strong>, et peut \u00eatre combin\u00e9e avec un lampadaire d\u00e9coratif et une lampe de table de la m\u00eame gamme.<\/p>\n<p>&nbsp;<\/p>\n<ul class=\"tablaTech\">\n<li>\n<div class=\"boxContents no-border\">\n<div class=\"name\"><strong>TAILLE<\/strong><\/div>\n<div class=\"data\">\u00f831 x 49 cm<\/div>\n<\/div>\n<\/li>\n<\/ul>\n<p>[\/vc_column_text][vc_video link=&#8221;https:\/\/youtu.be\/zAg8aV4K7hs&#8221;][\/vc_column][\/vc_row][vc_row][vc_column width=&#8221;1\/2&#8243;][vc_btn title=&#8221;Fiche technique&#8221; style=&#8221;custom&#8221; custom_background=&#8221;#009bc2&#8243; custom_text=&#8221;#ffffff&#8221; shape=&#8221;square&#8221; el_class=&#8221;btn_descargar_ficha&#8221; link=&#8221;url:https%3A%2F%2Fdrive.google.com%2Fdrive%2Ffolders%2F1efxa7NuTIrhUYm2DQkdrPcgHRklMrG56|target:%20_blank|&#8221;][\/vc_column][vc_column width=&#8221;1\/2&#8243;][vc_btn title=&#8221;Manuel d&#8217;instrutions&#8221; style=&#8221;custom&#8221; custom_background=&#8221;#009bc2&#8243; custom_text=&#8221;#ffffff&#8221; shape=&#8221;square&#8221; el_class=&#8221;btn_descargar_ficha&#8221; link=&#8221;target:%20_blank|&#8221;][\/vc_column][\/vc_row]<\/p>\n<\/section>","protected":false},"excerpt":{"rendered":"<h5><strong>Lampe suspension Saona 50 sans fil<\/strong><\/h5>\n","protected":false},"featured_media":57540,"template":"","meta":[],"product_cat":[651,744],"product_tag":[653,707],"class_list":{"0":"post-32209","1":"product","2":"type-product","3":"status-publish","4":"has-post-thumbnail","6":"product_cat-lightdeco-fr","7":"product_cat-lampes-suspendues","8":"product_tag-batterie","9":"product_tag-sans-fil","11":"first","12":"instock","13":"taxable","14":"shipping-taxable","15":"purchasable","16":"product-type-variable","17":"has-default-attributes"},"df_price":88.7,"df_sale_price":"","df_regular_price":88.7,"df_image_link":"https:\/\/developing.newgarden.es\/wp-content\/uploads\/2021\/02\/SAONA_HANG_BATTERY_1200X1200-9-300x300.jpg","_links":{"self":[{"href":"https:\/\/developing.newgarden.es\/fr\/wp-json\/wp\/v2\/product\/32209"}],"collection":[{"href":"https:\/\/developing.newgarden.es\/fr\/wp-json\/wp\/v2\/product"}],"about":[{"href":"https:\/\/developing.newgarden.es\/fr\/wp-json\/wp\/v2\/types\/product"}],"wp:featuredmedia":[{"embeddable":true,"href":"https:\/\/developing.newgarden.es\/fr\/wp-json\/wp\/v2\/media\/57540"}],"wp:attachment":[{"href":"https:\/\/developing.newgarden.es\/fr\/wp-json\/wp\/v2\/media?parent=32209"}],"wp:term":[{"taxonomy":"product_cat","embeddable":true,"href":"https:\/\/developing.newgarden.es\/fr\/wp-json\/wp\/v2\/product_cat?post=32209"},{"taxonomy":"product_tag","embeddable":true,"href":"https:\/\/developing.newgarden.es\/fr\/wp-json\/wp\/v2\/product_tag?post=32209"}],"curies":[{"name":"wp","href":"https:\/\/api.w.org\/{rel}","templated":true}]}}