{"id":32052,"date":"2021-02-02T10:29:19","date_gmt":"2021-02-02T09:29:20","guid":{"rendered":"https:\/\/newgarden.es\/?post_type=product&#038;p=32052"},"modified":"2024-05-28T14:57:09","modified_gmt":"2024-05-28T12:57:09","slug":"guirlande-decorative-aurora","status":"publish","type":"product","link":"https:\/\/developing.newgarden.es\/fr\/shop\/lightdeco-fr\/noel\/guirlande-decorative-aurora\/","title":{"rendered":"GUIRLANDE AURORA"},"content":{"rendered":"<section class=\"wpb-content-wrapper\"><p>[vc_row][vc_column][vc_column_text][\/vc_column_text][\/vc_column][\/vc_row][vc_row][vc_column][vc_column_text]<b>GUIRLANDE AURORA<\/b><\/p>\n<p>La guirlande d\u00e9corative AURORA est parfaite pour les \u00e9v\u00e9nements et les f\u00eates, elle est \u00e9galement id\u00e9ale pour d\u00e9corer votre maison ainsi que tout coin ext\u00e9rieur, jardin, terrasse, entreprise ou comme d\u00e9coration de No\u00ebl. Ses diffuseurs de lumi\u00e8re sont fait \u00e0 la main en fibres naturelles.<\/p>\n<p>Contrairement \u00e0 la plupart des guirlandes sur le march\u00e9, la guirlande d\u00e9corative Newgarden comprend 10 ampoules rempla\u00e7ables qui offrent un design vintage et un \u00e9clairage chaud remarquable.<\/p>\n<p>La corde est faite de jute, ce qui donne une touche naturelle \u00e0 la guirlande sans perdre ses propri\u00e9t\u00e9s \u00e9lectriques.<\/p>\n<p>La guirlande d\u00e9corative Aurora est disponible en 2 finitions : CABLE ou SOLAIRE + BATTERIE RECHARGEABLE.<\/p>\n<p>La taille de la guirlande Aurora Design est de 8 m\u00e8tres dans la version CABLE. Possibilit\u00e9 d&#8217;unir jusqu&#8217;\u00e0 4 guirlandes entre elles.[\/vc_column_text][vc_video link=&#8221;https:\/\/youtu.be\/wRib50HxTbI&#8221;][vc_video link=&#8221;https:\/\/youtu.be\/r7IA5TyahN8&#8243;][\/vc_column][\/vc_row][vc_row][vc_column width=&#8221;1\/2&#8243;][vc_btn title=&#8221;Fiche technique&#8221; style=&#8221;custom&#8221; custom_background=&#8221;#009bc2&#8243; custom_text=&#8221;#ffffff&#8221; shape=&#8221;square&#8221; el_class=&#8221;btn_descargar_ficha&#8221; link=&#8221;url:https%3A%2F%2Fbit.ly%2F3NaTIsZ|target:%20_blank|&#8221;][vc_btn title=&#8221;Fiche technique&#8221; style=&#8221;custom&#8221; custom_background=&#8221;#009bc2&#8243; custom_text=&#8221;#ffffff&#8221; shape=&#8221;square&#8221; el_class=&#8221;btn_descargar_ficha&#8221; link=&#8221;url:https%3A%2F%2Fbit.ly%2F3baaknj|target:%20_blank|&#8221;][\/vc_column][vc_column width=&#8221;1\/2&#8243;][vc_btn title=&#8221;Manuel d&apos;instrutions&#8221; style=&#8221;custom&#8221; custom_background=&#8221;#009bc2&#8243; custom_text=&#8221;#ffffff&#8221; shape=&#8221;square&#8221; el_class=&#8221;btn_descargar_ficha&#8221; link=&#8221;url:https%3A%2F%2Fbit.ly%2F3cZ0t4F|target:%20_blank|&#8221;][vc_btn title=&#8221;Manuel d&apos;instrutions&#8221; style=&#8221;custom&#8221; custom_background=&#8221;#009bc2&#8243; custom_text=&#8221;#ffffff&#8221; shape=&#8221;square&#8221; el_class=&#8221;btn_descargar_ficha&#8221; link=&#8221;url:https%3A%2F%2Fbit.ly%2F3bwbj1O|target:%20_blank|&#8221;][\/vc_column][\/vc_row]<\/p>\n<\/section>","protected":false},"excerpt":{"rendered":"<h5>Guirlande d\u00e9corative Aurora<\/h5>\n","protected":false},"featured_media":58208,"template":"","meta":[],"product_cat":[651,1575,752],"product_tag":[647,707,648],"class_list":{"0":"post-32052","1":"product","2":"type-product","3":"status-publish","4":"has-post-thumbnail","6":"product_cat-lightdeco-fr","7":"product_cat-guirlandes","8":"product_cat-noel","9":"product_tag-cable-fr","10":"product_tag-sans-fil","11":"product_tag-solaire","13":"first","14":"instock","15":"taxable","16":"shipping-taxable","17":"purchasable","18":"product-type-variable"},"df_price":140.7,"df_sale_price":"","df_regular_price":140.7,"df_image_link":"https:\/\/developing.newgarden.es\/wp-content\/uploads\/2021\/02\/AURORA_1200X1200-5-1-300x300.jpg","_links":{"self":[{"href":"https:\/\/developing.newgarden.es\/fr\/wp-json\/wp\/v2\/product\/32052"}],"collection":[{"href":"https:\/\/developing.newgarden.es\/fr\/wp-json\/wp\/v2\/product"}],"about":[{"href":"https:\/\/developing.newgarden.es\/fr\/wp-json\/wp\/v2\/types\/product"}],"wp:featuredmedia":[{"embeddable":true,"href":"https:\/\/developing.newgarden.es\/fr\/wp-json\/wp\/v2\/media\/58208"}],"wp:attachment":[{"href":"https:\/\/developing.newgarden.es\/fr\/wp-json\/wp\/v2\/media?parent=32052"}],"wp:term":[{"taxonomy":"product_cat","embeddable":true,"href":"https:\/\/developing.newgarden.es\/fr\/wp-json\/wp\/v2\/product_cat?post=32052"},{"taxonomy":"product_tag","embeddable":true,"href":"https:\/\/developing.newgarden.es\/fr\/wp-json\/wp\/v2\/product_tag?post=32052"}],"curies":[{"name":"wp","href":"https:\/\/api.w.org\/{rel}","templated":true}]}}