{"id":32044,"date":"2021-02-02T09:55:10","date_gmt":"2021-02-02T08:55:11","guid":{"rendered":"https:\/\/newgarden.es\/?post_type=product&#038;p=32044"},"modified":"2022-02-01T09:42:22","modified_gmt":"2022-02-01T08:42:22","slug":"lampe-decorative-saona-70","status":"publish","type":"product","link":"https:\/\/developing.newgarden.es\/fr\/shop\/lightdeco-fr\/lampadaire\/lampe-decorative-saona-70\/","title":{"rendered":"LAMPE D\u00c9CORATIVE SAONA 70"},"content":{"rendered":"<section class=\"wpb-content-wrapper\"><p>[vc_row][vc_column][vc_column_text][\/vc_column_text][\/vc_column][\/vc_row][vc_row][vc_column][vc_column_text]LAMPE D\u00c9CORATIVE <strong>SAONA 70<\/strong><\/p>\n<p>La lampe d\u00e9corative\u00a0<strong>SAONA 70<\/strong>\u00a0est tress\u00e9e \u00e0 la main en fibres naturelles. Cette lampe est le compl\u00e9ment parfait pour \u00e9clairer tout espace de votre maison ou de votre jardin tout en lui apportant une touche naturelle. La lampe d\u00e9corative\u00a0<strong>SAONA 70<\/strong>\u00a0est disponible en deux finitions:<\/p>\n<p>Lampe d\u00e9corative sans fil\u00a0<strong>SAONA 70<\/strong>\u00a0: Elle poss\u00e8de une ampoule portable rechargeable de\u00a0<strong>900 lumens<\/strong>\u00a0int\u00e9gr\u00e9e qui ne n\u00e9cessite aucune installation, il suffit de l&#8217;approcher de la lampe et elle adh\u00e9rera gr\u00e2ce \u00e0 sa base magn\u00e9tique. Cette ampoule comprend \u00e9galement une t\u00e9l\u00e9commande permettant de l&#8217;allumer, de l&#8217;\u00e9teindre et de r\u00e9gler son intensit\u00e9.<\/p>\n<p><strong>SAONA 70 In &amp; Out<\/strong>\u00a0lampe d\u00e9corative\u00a0avec\u00a0c\u00e2ble : La lampe d\u00e9corative\u00a0<strong>In&amp;Out<\/strong>\u00a0avec c\u00e2ble comprend une ampoule E27.\u00a0\u00a0Cette lampe est r\u00e9glable \u00e0 la fois en temp\u00e9rature de lumi\u00e8re (on peut passer du froid au chaud) et en intensit\u00e9. Elle dispose \u00e9galement d&#8217;une minuterie et d&#8217;un cr\u00e9ateur de groupes d&#8217;\u00e9clairage pour contr\u00f4ler plusieurs lampes de ce syst\u00e8me dans la m\u00eame t\u00e9l\u00e9commande. Le c\u00e2ble est recouvert d&#8217;une fibre de jute, ce qui donne une touche\u00a0naturelle\u00a0\u00e0 la lampe.<\/p>\n<p>Cette lampe fait partie de la famille\u00a0<strong>SAONA<\/strong>, et peut \u00eatre combin\u00e9e avec une lampe \u00e0 suspension et une lampe de table.<\/p>\n<p>&nbsp;<\/p>\n<ul class=\"tablaTech\">\n<li>\n<div class=\"boxContents no-border\">\n<div class=\"name\"><strong>TAILLE<\/strong><\/div>\n<div class=\"data\">\u00f845,5 x 72 cm<\/div>\n<\/div>\n<div><\/div>\n<\/li>\n<\/ul>\n<p><iframe title=\"YouTube video player\" src=\"https:\/\/www.youtube.com\/embed\/tiJMqN2ENs4\" width=\"560\" height=\"315\" frameborder=\"0\" allowfullscreen=\"allowfullscreen\"><\/iframe><\/p>\n<p><iframe title=\"YouTube video player\" src=\"https:\/\/www.youtube.com\/embed\/bQeY-Wn6IQQ\" width=\"560\" height=\"315\" frameborder=\"0\" allowfullscreen=\"allowfullscreen\"><\/iframe>[\/vc_column_text][vc_video link=&#8221;https:\/\/youtu.be\/tiJMqN2ENs4&#8243;][vc_video link=&#8221;https:\/\/youtu.be\/bQeY-Wn6IQQ&#8221;][\/vc_column][\/vc_row][vc_row][vc_column width=&#8221;1\/2&#8243;][vc_btn title=&#8221;Fiche technique&#8221; style=&#8221;custom&#8221; custom_background=&#8221;#009bc2&#8243; custom_text=&#8221;#ffffff&#8221; shape=&#8221;square&#8221; el_class=&#8221;btn_descargar_ficha&#8221; link=&#8221;url:https%3A%2F%2Fdrive.google.com%2Fdrive%2Ffolders%2F1w6QVw_uMHgZgxwpUEobtrr29G0zW-iQg|target:%20_blank|&#8221;][\/vc_column][vc_column width=&#8221;1\/2&#8243;][vc_btn title=&#8221;Manuel d&#8217;instrutions&#8221; style=&#8221;custom&#8221; custom_background=&#8221;#009bc2&#8243; custom_text=&#8221;#ffffff&#8221; shape=&#8221;square&#8221; el_class=&#8221;btn_descargar_ficha&#8221; link=&#8221;target:%20_blank|&#8221;][\/vc_column][\/vc_row]<\/p>\n<\/section>","protected":false},"excerpt":{"rendered":"<h5><strong>Lampe d\u00e9corative Saona 70<\/strong><\/h5>\n","protected":false},"featured_media":54198,"template":"","meta":[],"product_cat":[1695,651,654],"product_tag":[653,647,707],"class_list":{"0":"post-32044","1":"product","2":"type-product","3":"status-publish","4":"has-post-thumbnail","6":"product_cat-productos-fr","7":"product_cat-lightdeco-fr","8":"product_cat-lampadaire","9":"product_tag-batterie","10":"product_tag-cable-fr","11":"product_tag-sans-fil","13":"first","14":"instock","15":"taxable","16":"shipping-taxable","17":"purchasable","18":"product-type-variable"},"df_price":183.4,"df_sale_price":"","df_regular_price":183.4,"df_image_link":"https:\/\/developing.newgarden.es\/wp-content\/uploads\/2021\/09\/SAONA_70_BATTERY_1200X1200-4-300x300.jpg","_links":{"self":[{"href":"https:\/\/developing.newgarden.es\/fr\/wp-json\/wp\/v2\/product\/32044"}],"collection":[{"href":"https:\/\/developing.newgarden.es\/fr\/wp-json\/wp\/v2\/product"}],"about":[{"href":"https:\/\/developing.newgarden.es\/fr\/wp-json\/wp\/v2\/types\/product"}],"wp:featuredmedia":[{"embeddable":true,"href":"https:\/\/developing.newgarden.es\/fr\/wp-json\/wp\/v2\/media\/54198"}],"wp:attachment":[{"href":"https:\/\/developing.newgarden.es\/fr\/wp-json\/wp\/v2\/media?parent=32044"}],"wp:term":[{"taxonomy":"product_cat","embeddable":true,"href":"https:\/\/developing.newgarden.es\/fr\/wp-json\/wp\/v2\/product_cat?post=32044"},{"taxonomy":"product_tag","embeddable":true,"href":"https:\/\/developing.newgarden.es\/fr\/wp-json\/wp\/v2\/product_tag?post=32044"}],"curies":[{"name":"wp","href":"https:\/\/api.w.org\/{rel}","templated":true}]}}