{"id":32007,"date":"2021-02-02T09:22:10","date_gmt":"2021-02-02T08:22:11","guid":{"rendered":"https:\/\/newgarden.es\/?post_type=product&#038;p=32007"},"modified":"2022-01-31T12:59:38","modified_gmt":"2022-01-31T11:59:38","slug":"lampadaire-a-arc-sans-fil-niza","status":"publish","type":"product","link":"https:\/\/developing.newgarden.es\/fr\/shop\/lightdeco-fr\/lampadaire\/lampadaire-a-arc-sans-fil-niza\/","title":{"rendered":"LAMPADAIRE \u00c0 ARC SANS FIL NIZA"},"content":{"rendered":"<section class=\"wpb-content-wrapper\"><p>[vc_row][vc_column][vc_column_text][\/vc_column_text][\/vc_column][\/vc_row][vc_row][vc_column][vc_column_text]LAMPADAIRE \u00c0 ARC SANS FIL<strong> NIZA<\/strong><\/p>\n<p>Niza est un lampadaire qui n&#8217;a pas besoin de c\u00e2bles. Son corps en m\u00e9tal laqu\u00e9 noir atteint une hauteur maximale de 230 cm, ce qui en fait en un lampadaire \u00e0 arc id\u00e9al pour tout espace de jardin. Son abat-jour est tress\u00e9 \u00e0 la main \u00e0 partir de fibres naturelles et poss\u00e8de un diam\u00e8tre de 80 cm.<\/p>\n<p>Le lampadaire <strong>Niza<\/strong> comprend \u00e9galement un accessoire permettant d&#8217;installer l&#8217;arche sup\u00e9rieure sur un mur comme une applique, c&#8217;est donc 2 lampes en 1.<\/p>\n<p>Elle poss\u00e8de une ampoule portable rechargeable de <span style=\"text-decoration: underline;\">900 lumens<\/span> qui n\u00e9cessite aucune installation, il suffit de l&#8217;approcher de la lampe et elle adh\u00e9rera gr\u00e2ce \u00e0 sa base magn\u00e9tique. Cette ampoule comprend \u00e9galement une t\u00e9l\u00e9commande permettant de l&#8217;allumer, de l&#8217;\u00e9teindre et de r\u00e9gler son intensit\u00e9 de lumi\u00e8re.<\/p>\n<ul>\n<li class=\"name\"><strong>TAILLE<br \/>\n<\/strong>\u00f880 x 155 x 230 cm<\/li>\n<\/ul>\n<p>[\/vc_column_text][vc_video link=&#8221;https:\/\/youtu.be\/-WRZkNVJjs4&#8243;][\/vc_column][\/vc_row][vc_row][vc_column width=&#8221;1\/2&#8243;][vc_btn title=&#8221;Fiche technique&#8221; style=&#8221;custom&#8221; custom_background=&#8221;#009bc2&#8243; custom_text=&#8221;#ffffff&#8221; shape=&#8221;square&#8221; el_class=&#8221;btn_descargar_ficha&#8221; link=&#8221;url:https%3A%2F%2Fdrive.google.com%2Fdrive%2Ffolders%2F1JM46lDVOIiF4WxyhECQlVAeIVQDV2X-V|target:%20_blank|&#8221;][\/vc_column][vc_column width=&#8221;1\/2&#8243;][vc_btn title=&#8221;Manuel d&#8217;instrutions&#8221; style=&#8221;custom&#8221; custom_background=&#8221;#009bc2&#8243; custom_text=&#8221;#ffffff&#8221; shape=&#8221;square&#8221; el_class=&#8221;btn_descargar_ficha&#8221; link=&#8221;target:%20_blank|&#8221;][\/vc_column][\/vc_row]<\/p>\n<\/section>","protected":false},"excerpt":{"rendered":"<h5><strong>Lampadaire \u00e0 arc sans fil Niza<\/strong><\/h5>\n","protected":false},"featured_media":53648,"template":"","meta":[],"product_cat":[1695,651,654],"product_tag":[653,707],"class_list":{"0":"post-32007","1":"product","2":"type-product","3":"status-publish","4":"has-post-thumbnail","6":"product_cat-productos-fr","7":"product_cat-lightdeco-fr","8":"product_cat-lampadaire","9":"product_tag-batterie","10":"product_tag-sans-fil","12":"first","13":"instock","14":"taxable","15":"shipping-taxable","16":"purchasable","17":"product-type-variable","18":"has-default-attributes"},"df_price":319.9,"df_sale_price":"","df_regular_price":319.9,"df_image_link":"https:\/\/developing.newgarden.es\/wp-content\/uploads\/2021\/02\/NIZA_230_BATTERY_1200X1200-5-300x300.jpg","_links":{"self":[{"href":"https:\/\/developing.newgarden.es\/fr\/wp-json\/wp\/v2\/product\/32007"}],"collection":[{"href":"https:\/\/developing.newgarden.es\/fr\/wp-json\/wp\/v2\/product"}],"about":[{"href":"https:\/\/developing.newgarden.es\/fr\/wp-json\/wp\/v2\/types\/product"}],"wp:featuredmedia":[{"embeddable":true,"href":"https:\/\/developing.newgarden.es\/fr\/wp-json\/wp\/v2\/media\/53648"}],"wp:attachment":[{"href":"https:\/\/developing.newgarden.es\/fr\/wp-json\/wp\/v2\/media?parent=32007"}],"wp:term":[{"taxonomy":"product_cat","embeddable":true,"href":"https:\/\/developing.newgarden.es\/fr\/wp-json\/wp\/v2\/product_cat?post=32007"},{"taxonomy":"product_tag","embeddable":true,"href":"https:\/\/developing.newgarden.es\/fr\/wp-json\/wp\/v2\/product_tag?post=32007"}],"curies":[{"name":"wp","href":"https:\/\/api.w.org\/{rel}","templated":true}]}}