{"id":32004,"date":"2021-02-02T09:11:56","date_gmt":"2021-02-02T08:20:12","guid":{"rendered":"https:\/\/newgarden.es\/shop\/non%20class\u00e9\/lampadaire-sans-fil-amalfi\/"},"modified":"2022-02-01T11:23:28","modified_gmt":"2022-02-01T10:23:28","slug":"lampadaire-sans-fil-amalfi","status":"publish","type":"product","link":"https:\/\/developing.newgarden.es\/fr\/shop\/lightdeco-fr\/lampadaire\/lampadaire-sans-fil-amalfi\/","title":{"rendered":"LAMPADAIRE SANS FIL AMALFI"},"content":{"rendered":"<section class=\"wpb-content-wrapper\"><p>[vc_row][vc_column][vc_column_text][\/vc_column_text][\/vc_column][\/vc_row][vc_row][vc_column][vc_column_text]LAMPADAIRE SANS FIL <strong>AMALFI<\/strong><\/p>\n<p>La lampe <strong>Amalfi<\/strong> se distingue par sa polyvalence, car elle ne n\u00e9cessite pas de c\u00e2bles et peut \u00eatre utilis\u00e9e \u00e0 l&#8217;ext\u00e9rieur comme \u00e0 l&#8217;int\u00e9rieur. L&#8217;abat-jour est tress\u00e9 \u00e0 la main en fibres naturelles et poss\u00e8de trois pieds noirs qui stabilisent parfaitement la lampe sur tous les terrains.<\/p>\n<p>Elle poss\u00e8de une ampoule portable rechargeable de 900 lumens qui ne n\u00e9cessite aucune installation, il suffit de l&#8217;approcher de la lampe et elle adh\u00e9rera gr\u00e2ce \u00e0 sa base magn\u00e9tique. Cette ampoule comprend \u00e9galement une t\u00e9l\u00e9commande pour l&#8217;allumer, l&#8217;\u00e9teindre et r\u00e9gler l&#8217;intensit\u00e9.<\/p>\n<ul class=\"tablaTech\">\n<li>\n<div class=\"boxContents no-border\">\n<div class=\"name\"><strong>TAILLE<\/strong><\/div>\n<div class=\"data\">\u00f849 x 148 cm<\/div>\n<\/div>\n<\/li>\n<\/ul>\n<p>[\/vc_column_text][vc_video link=&#8221;https:\/\/www.youtube.com\/watch?v=IAoIA85IP7E&#8221;][\/vc_column][\/vc_row][vc_row][vc_column width=&#8221;1\/2&#8243;][vc_btn title=&#8221;Fiche technique&#8221; style=&#8221;custom&#8221; custom_background=&#8221;#009bc2&#8243; custom_text=&#8221;#ffffff&#8221; shape=&#8221;square&#8221; el_class=&#8221;btn_descargar_ficha&#8221; link=&#8221;url:https%3A%2F%2Fdrive.google.com%2Fdrive%2Ffolders%2F1ttmkqaNPuygGZrIjbs0sfCupyD0tpB8d|target:%20_blank|&#8221;][\/vc_column][vc_column width=&#8221;1\/2&#8243;][vc_btn title=&#8221;Manuel d&#8217;instrutions&#8221; style=&#8221;custom&#8221; custom_background=&#8221;#009bc2&#8243; custom_text=&#8221;#ffffff&#8221; shape=&#8221;square&#8221; el_class=&#8221;btn_descargar_ficha&#8221; link=&#8221;target:%20_blank|&#8221;][\/vc_column][\/vc_row]<\/p>\n<\/section>","protected":false},"excerpt":{"rendered":"<h5><strong>Lampadaire sans fil Amalfi<\/strong><\/h5>\n","protected":false},"featured_media":52966,"template":"","meta":[],"product_cat":[1695,651,654],"product_tag":[653,707],"class_list":{"0":"post-32004","1":"product","2":"type-product","3":"status-publish","4":"has-post-thumbnail","6":"product_cat-productos-fr","7":"product_cat-lightdeco-fr","8":"product_cat-lampadaire","9":"product_tag-batterie","10":"product_tag-sans-fil","12":"first","13":"instock","14":"taxable","15":"shipping-taxable","16":"purchasable","17":"product-type-variable","18":"has-default-attributes"},"df_price":178.1,"df_sale_price":"","df_regular_price":178.1,"df_image_link":"https:\/\/developing.newgarden.es\/wp-content\/uploads\/2021\/02\/AMALFI_145_BATTERY_1200px-4.jpg","_links":{"self":[{"href":"https:\/\/developing.newgarden.es\/fr\/wp-json\/wp\/v2\/product\/32004"}],"collection":[{"href":"https:\/\/developing.newgarden.es\/fr\/wp-json\/wp\/v2\/product"}],"about":[{"href":"https:\/\/developing.newgarden.es\/fr\/wp-json\/wp\/v2\/types\/product"}],"wp:featuredmedia":[{"embeddable":true,"href":"https:\/\/developing.newgarden.es\/fr\/wp-json\/wp\/v2\/media\/52966"}],"wp:attachment":[{"href":"https:\/\/developing.newgarden.es\/fr\/wp-json\/wp\/v2\/media?parent=32004"}],"wp:term":[{"taxonomy":"product_cat","embeddable":true,"href":"https:\/\/developing.newgarden.es\/fr\/wp-json\/wp\/v2\/product_cat?post=32004"},{"taxonomy":"product_tag","embeddable":true,"href":"https:\/\/developing.newgarden.es\/fr\/wp-json\/wp\/v2\/product_tag?post=32004"}],"curies":[{"name":"wp","href":"https:\/\/api.w.org\/{rel}","templated":true}]}}