{"id":31482,"date":"2020-10-08T08:41:26","date_gmt":"2020-10-23T15:33:13","guid":{"rendered":"https:\/\/newgarden.es\/?post_type=product&#038;p=31482"},"modified":"2024-05-29T10:20:52","modified_gmt":"2024-05-29T08:20:52","slug":"guirlande-pallina","status":"publish","type":"product","link":"https:\/\/developing.newgarden.es\/fr\/shop\/lightdeco-fr\/noel\/guirlande-pallina\/","title":{"rendered":"GUIRLANDE PALLINA"},"content":{"rendered":"<section class=\"wpb-content-wrapper\"><p>[vc_row][vc_column][vc_column_text]<b>GUIRLANDE PALLINA<\/b><\/p>\n<p>La guirlande Pallina ne vous laissera pas indiff\u00e9rent. Soigneusement r\u00e9alis\u00e9e en tissu tress\u00e9 avec effet jute et tapis antichocs, la guirlande Pallina deviendra un must dans votre maison, non seulement \u00e0 No\u00ebl, mais toute l&#8217;ann\u00e9e. Sans installation et s&#8217;adaptant \u00e0 tous types d&#8217;environnements, vous pouvez l&#8217;utiliser aussi bien \u00e0 l&#8217;int\u00e9rieur qu&#8217;\u00e0 l&#8217;ext\u00e9rieur. IP44. 10 ampoules LED int\u00e9gr\u00e9es.<\/p>\n<p>&nbsp;<br \/>\n[\/vc_column_text][\/vc_column][\/vc_row][vc_row][vc_column width=&#8221;1\/2&#8243;][vc_btn title=&#8221;Fiche technique&#8221; style=&#8221;custom&#8221; custom_background=&#8221;#009bc2&#8243; custom_text=&#8221;#ffffff&#8221; link=&#8221;url:https%3A%2F%2Fbit.ly%2F3tPdLGK|&#8221;][\/vc_column][vc_column width=&#8221;1\/2&#8243;][vc_btn title=&#8221;Manuel d&apos;instrutions&#8221; style=&#8221;custom&#8221; custom_background=&#8221;#009bc2&#8243; custom_text=&#8221;#ffffff&#8221; link=&#8221;url:https%3A%2F%2Fbit.ly%2F39DLYBY|&#8221;][\/vc_column][\/vc_row]<\/p>\n<\/section>","protected":false},"excerpt":{"rendered":"<h5><strong>Guirlande d\u00e9corative Pallina<\/strong><\/h5>\n","protected":false},"featured_media":58346,"template":"","meta":[],"product_cat":[651,1575,1223,752],"product_tag":[],"class_list":{"0":"post-31482","1":"product","2":"type-product","3":"status-publish","4":"has-post-thumbnail","6":"product_cat-lightdeco-fr","7":"product_cat-guirlandes","8":"product_cat-interieur","9":"product_cat-noel","11":"first","12":"instock","13":"taxable","14":"shipping-taxable","15":"purchasable","16":"product-type-variable"},"df_price":56.4,"df_sale_price":"","df_regular_price":56.4,"df_image_link":"https:\/\/developing.newgarden.es\/wp-content\/uploads\/2020\/10\/PALLINA_1200X1200-2-300x300.jpg","_links":{"self":[{"href":"https:\/\/developing.newgarden.es\/fr\/wp-json\/wp\/v2\/product\/31482"}],"collection":[{"href":"https:\/\/developing.newgarden.es\/fr\/wp-json\/wp\/v2\/product"}],"about":[{"href":"https:\/\/developing.newgarden.es\/fr\/wp-json\/wp\/v2\/types\/product"}],"wp:featuredmedia":[{"embeddable":true,"href":"https:\/\/developing.newgarden.es\/fr\/wp-json\/wp\/v2\/media\/58346"}],"wp:attachment":[{"href":"https:\/\/developing.newgarden.es\/fr\/wp-json\/wp\/v2\/media?parent=31482"}],"wp:term":[{"taxonomy":"product_cat","embeddable":true,"href":"https:\/\/developing.newgarden.es\/fr\/wp-json\/wp\/v2\/product_cat?post=31482"},{"taxonomy":"product_tag","embeddable":true,"href":"https:\/\/developing.newgarden.es\/fr\/wp-json\/wp\/v2\/product_tag?post=31482"}],"curies":[{"name":"wp","href":"https:\/\/api.w.org\/{rel}","templated":true}]}}