{"id":31408,"date":"2020-10-23T17:20:32","date_gmt":"2020-10-23T15:35:36","guid":{"rendered":"https:\/\/newgarden.es\/?post_type=product&#038;p=31408"},"modified":"2024-05-28T15:09:15","modified_gmt":"2024-05-28T13:09:15","slug":"guirlande-carina","status":"publish","type":"product","link":"https:\/\/developing.newgarden.es\/fr\/shop\/lightdeco-fr\/noel\/guirlande-carina\/","title":{"rendered":"GUIRLANDE CARINA"},"content":{"rendered":"<section class=\"wpb-content-wrapper\"><p>[vc_row][vc_column][vc_column_text]<b>GUIRLANDE CARINA <\/b><\/p>\n<p data-sanitized-data-mce-fragment=\"1\">L&#8217;\u00e9quilibre entre le naturel et l&#8217;innovation se trouve dans la guirlande de Carina. Avec dix tulipes en bois naturel, elle fera de votre maison un endroit sp\u00e9cial. Utilisez-la aussi bien dans le jardin que dans le salon, car elle est con\u00e7ue pour une utilisation int\u00e9rieure et ext\u00e9rieure. 10 ampoules Leds int\u00e9gr\u00e9es.<\/p>\n<p>[\/vc_column_text][\/vc_column][\/vc_row][vc_row][vc_column width=&#8221;1\/2&#8243;][vc_btn title=&#8221;Fiche technique&#8221; style=&#8221;custom&#8221; custom_background=&#8221;#009bc2&#8243; custom_text=&#8221;#ffffff&#8221; link=&#8221;url:https%3A%2F%2Fbit.ly%2F3QBPEVr|&#8221;][\/vc_column][vc_column width=&#8221;1\/2&#8243;][vc_btn title=&#8221;Manuel d&apos;instrutions&#8221; style=&#8221;custom&#8221; custom_background=&#8221;#009bc2&#8243; custom_text=&#8221;#ffffff&#8221; link=&#8221;url:https%3A%2F%2Fbit.ly%2F3n5E4V6|&#8221;][\/vc_column][\/vc_row]<\/p>\n<\/section>","protected":false},"excerpt":{"rendered":"<h5 style=\"font-size: 12px;\"><strong>Guirlande d\u00e9corative Carina.<\/strong><\/h5>\n","protected":false},"featured_media":58242,"template":"","meta":[],"product_cat":[651,1575,1223,752],"product_tag":[],"class_list":{"0":"post-31408","1":"product","2":"type-product","3":"status-publish","4":"has-post-thumbnail","6":"product_cat-lightdeco-fr","7":"product_cat-guirlandes","8":"product_cat-interieur","9":"product_cat-noel","11":"first","12":"instock","13":"taxable","14":"shipping-taxable","15":"purchasable","16":"product-type-variable"},"df_price":26.1,"df_sale_price":"","df_regular_price":26.1,"df_image_link":"https:\/\/developing.newgarden.es\/wp-content\/uploads\/2020\/10\/CARINA_200X1200-4-300x300.jpg","_links":{"self":[{"href":"https:\/\/developing.newgarden.es\/fr\/wp-json\/wp\/v2\/product\/31408"}],"collection":[{"href":"https:\/\/developing.newgarden.es\/fr\/wp-json\/wp\/v2\/product"}],"about":[{"href":"https:\/\/developing.newgarden.es\/fr\/wp-json\/wp\/v2\/types\/product"}],"wp:featuredmedia":[{"embeddable":true,"href":"https:\/\/developing.newgarden.es\/fr\/wp-json\/wp\/v2\/media\/58242"}],"wp:attachment":[{"href":"https:\/\/developing.newgarden.es\/fr\/wp-json\/wp\/v2\/media?parent=31408"}],"wp:term":[{"taxonomy":"product_cat","embeddable":true,"href":"https:\/\/developing.newgarden.es\/fr\/wp-json\/wp\/v2\/product_cat?post=31408"},{"taxonomy":"product_tag","embeddable":true,"href":"https:\/\/developing.newgarden.es\/fr\/wp-json\/wp\/v2\/product_tag?post=31408"}],"curies":[{"name":"wp","href":"https:\/\/api.w.org\/{rel}","templated":true}]}}