{"id":30337,"date":"2019-10-14T11:52:15","date_gmt":"2020-08-06T08:23:12","guid":{"rendered":"https:\/\/newgarden.es\/?post_type=product&#038;p=30337"},"modified":"2024-06-11T09:56:04","modified_gmt":"2024-06-11T07:56:04","slug":"rocket-20","status":"publish","type":"product","link":"https:\/\/developing.newgarden.es\/fr\/shop\/lightdeco-fr\/lampe-a-cote\/rocket-20\/","title":{"rendered":"LAMPE DE TABLE TR\u00c9PIED EN SILICONE ROCKET 20"},"content":{"rendered":"<section class=\"wpb-content-wrapper\"><p>[vc_row][vc_column][vc_column_text]La lampe de table ROCKET 20 est l&#8217;une des nouveaut\u00e9s de Newgarden. Elle est id\u00e9ale pour tous les coins de la maison, les espaces pour enfants ou les chambres \u00e0 coucher. Gr\u00e2ce \u00e0 sa petite taille, elle est parfaite pour d\u00e9corer et \u00e9clairer les tables dans les restaurants, les bars, les terrasses, les h\u00f4tels ou les entreprises.<\/p>\n<p>La lampe Rocket 20 permet jusqu&#8217;\u00e0 3 intensit\u00e9s lumineuses qui sont activ\u00e9es par un bouton tactile. Avec une autonomie de 4 \u00e0 20 heures selon le mode d&#8217;intensit\u00e9.[\/vc_column_text][\/vc_column][\/vc_row][vc_row][vc_column width=&#8221;1\/2&#8243;][vc_btn title=&#8221;Fiche technique&#8221; style=&#8221;custom&#8221; custom_background=&#8221;#009bc2&#8243; custom_text=&#8221;#ffffff&#8221; el_class=&#8221;btn_descargar_ficha&#8221; link=&#8221;url:https%3A%2F%2Fbit.ly%2F3Of6Fn0|target:%20_blank|&#8221;][\/vc_column][vc_column width=&#8221;1\/2&#8243;][vc_btn title=&#8221;Manuel d&apos;instrutions&#8221; style=&#8221;custom&#8221; custom_background=&#8221;#009bc2&#8243; custom_text=&#8221;#ffffff&#8221; link=&#8221;url:https%3A%2F%2Fbit.ly%2F3bmQLsz|target:%20_blank|&#8221; el_class=&#8221;btn_descargar_ficha&#8221;][\/vc_column][\/vc_row]<\/p>\n<\/section>","protected":false},"excerpt":{"rendered":"<h5><strong>\u00a0<\/strong>Lampe de table tr\u00e9pied en silicone Rocket 20<\/h5>\n","protected":false},"featured_media":62400,"template":"","meta":[],"product_cat":[1695,651,652,1590],"product_tag":[],"class_list":{"0":"post-30337","1":"product","2":"type-product","3":"status-publish","4":"has-post-thumbnail","6":"product_cat-productos-fr","7":"product_cat-lightdeco-fr","8":"product_cat-lampe-a-cote","9":"product_cat-interieur-fr","11":"first","12":"instock","13":"taxable","14":"shipping-taxable","15":"purchasable","16":"product-type-variable","17":"has-default-attributes"},"df_price":66,"df_sale_price":"","df_regular_price":66,"df_image_link":"https:\/\/developing.newgarden.es\/wp-content\/uploads\/2019\/10\/ROCKET_20_BATTERY_1200X1200-5-300x300.jpg","_links":{"self":[{"href":"https:\/\/developing.newgarden.es\/fr\/wp-json\/wp\/v2\/product\/30337"}],"collection":[{"href":"https:\/\/developing.newgarden.es\/fr\/wp-json\/wp\/v2\/product"}],"about":[{"href":"https:\/\/developing.newgarden.es\/fr\/wp-json\/wp\/v2\/types\/product"}],"wp:featuredmedia":[{"embeddable":true,"href":"https:\/\/developing.newgarden.es\/fr\/wp-json\/wp\/v2\/media\/62400"}],"wp:attachment":[{"href":"https:\/\/developing.newgarden.es\/fr\/wp-json\/wp\/v2\/media?parent=30337"}],"wp:term":[{"taxonomy":"product_cat","embeddable":true,"href":"https:\/\/developing.newgarden.es\/fr\/wp-json\/wp\/v2\/product_cat?post=30337"},{"taxonomy":"product_tag","embeddable":true,"href":"https:\/\/developing.newgarden.es\/fr\/wp-json\/wp\/v2\/product_tag?post=30337"}],"curies":[{"name":"wp","href":"https:\/\/api.w.org\/{rel}","templated":true}]}}