{"id":30321,"date":"2020-02-18T15:47:36","date_gmt":"2020-08-06T07:45:32","guid":{"rendered":"https:\/\/newgarden.es\/?post_type=product&#038;p=30321"},"modified":"2024-06-13T16:22:34","modified_gmt":"2024-06-13T14:22:34","slug":"panchito-blanc","status":"publish","type":"product","link":"https:\/\/developing.newgarden.es\/fr\/shop\/lightdeco-fr\/lampe-a-cote\/panchito-blanc\/","title":{"rendered":"CACTUS LUMINEUX EN SILICONE PANCHITO BLANC TRANSLUCIDE"},"content":{"rendered":"<section class=\"wpb-content-wrapper\"><p>[vc_row][vc_column][vc_column_text]La lampe de table Panchito est l&#8217;une des nouveaut\u00e9s de Newgarden. Elle est id\u00e9ale pour tous les coins de votre maison et de vos pi\u00e8ces. Gr\u00e2ce \u00e0 sa petite taille, elle est id\u00e9ale pour d\u00e9corer et \u00e9clairer les tables dans les restaurants, les bars, les terrasses, les h\u00f4tels et toutes sortes d&#8217;entreprises.<\/p>\n<p>Caract\u00e9ristiques techniques :<\/p>\n<p>-Technologie LED<br \/>\n-IP43 Utilisation \u00e0 l&#8217;int\u00e9rieur et \u00e0 l&#8217;ext\u00e9rieur<br \/>\n-Batterie rechargeable<br \/>\n-Dimensions : 20 x 16 cm.<br \/>\n-Finition blanche<br \/>\n-Lumi\u00e8re blanche[\/vc_column_text][\/vc_column][\/vc_row][vc_row][vc_column width=&#8221;1\/2&#8243;][vc_btn title=&#8221;Fiche technique&#8221; style=&#8221;custom&#8221; custom_background=&#8221;#009bc2&#8243; custom_text=&#8221;#ffffff&#8221; link=&#8221;url:https%3A%2F%2Fbit.ly%2F3HGe8ZO|target:%20_blank|&#8221; el_class=&#8221;btn_descargar_ficha&#8221;][\/vc_column][vc_column width=&#8221;1\/2&#8243;][vc_btn title=&#8221;Manuel d&apos;instrutions&#8221; style=&#8221;custom&#8221; custom_background=&#8221;#009bc2&#8243; custom_text=&#8221;#ffffff&#8221; link=&#8221;url:https%3A%2F%2Fbit.ly%2F3Q0Xvv3|target:%20_blank|&#8221; el_class=&#8221;btn_descargar_ficha&#8221;][\/vc_column][\/vc_row]<\/p>\n<\/section>","protected":false},"excerpt":{"rendered":"<h5><strong>PACK X3 UNIT\u00c9S<\/strong>\u00a0 &#8211; Veilleuse lumineuse forme cactus en Silicone Panchito<\/h5>\n","protected":false},"featured_media":61416,"template":"","meta":[],"product_cat":[1695,651,652,1590],"product_tag":[],"class_list":{"0":"post-30321","1":"product","2":"type-product","3":"status-publish","4":"has-post-thumbnail","6":"product_cat-productos-fr","7":"product_cat-lightdeco-fr","8":"product_cat-lampe-a-cote","9":"product_cat-interieur-fr","11":"first","12":"instock","13":"taxable","14":"shipping-taxable","15":"purchasable","16":"product-type-variable"},"df_price":66,"df_sale_price":"","df_regular_price":66,"df_image_link":"https:\/\/developing.newgarden.es\/wp-content\/uploads\/2020\/02\/PANCHITO_1200X1200-8-300x300.jpg","_links":{"self":[{"href":"https:\/\/developing.newgarden.es\/fr\/wp-json\/wp\/v2\/product\/30321"}],"collection":[{"href":"https:\/\/developing.newgarden.es\/fr\/wp-json\/wp\/v2\/product"}],"about":[{"href":"https:\/\/developing.newgarden.es\/fr\/wp-json\/wp\/v2\/types\/product"}],"wp:featuredmedia":[{"embeddable":true,"href":"https:\/\/developing.newgarden.es\/fr\/wp-json\/wp\/v2\/media\/61416"}],"wp:attachment":[{"href":"https:\/\/developing.newgarden.es\/fr\/wp-json\/wp\/v2\/media?parent=30321"}],"wp:term":[{"taxonomy":"product_cat","embeddable":true,"href":"https:\/\/developing.newgarden.es\/fr\/wp-json\/wp\/v2\/product_cat?post=30321"},{"taxonomy":"product_tag","embeddable":true,"href":"https:\/\/developing.newgarden.es\/fr\/wp-json\/wp\/v2\/product_tag?post=30321"}],"curies":[{"name":"wp","href":"https:\/\/api.w.org\/{rel}","templated":true}]}}