{"id":30281,"date":"2019-10-14T10:44:23","date_gmt":"2020-08-05T11:29:54","guid":{"rendered":"https:\/\/newgarden.es\/?post_type=product&#038;p=30281"},"modified":"2024-05-29T12:42:13","modified_gmt":"2024-05-29T10:42:13","slug":"allegra","status":"publish","type":"product","link":"https:\/\/developing.newgarden.es\/fr\/shop\/lightdeco-fr\/noel\/allegra\/","title":{"rendered":"GUIRLANDE ALLEGRA ROSE"},"content":{"rendered":"<section class=\"wpb-content-wrapper\"><p>[vc_row][vc_column][vc_column_text]<strong>GUIRLANDE ALLEGRA ROSE <\/strong><\/p>\n<p>La guirlande ALLEGRA est une des nouveaut\u00e9s NEWGARDEN. Parfaite pour les \u00e9v\u00e9nements et les f\u00eates, elle est \u00e9galement id\u00e9ale pour d\u00e9corer votre maison ainsi que tout coin ext\u00e9rieur, jardin, terrasse, entreprise ou comme d\u00e9coration de No\u00ebl.<\/p>\n<p>Contrairement \u00e0 la majorit\u00e9 des guirlandes sur le march\u00e9, la guirlande Newgarden dispose de 10 ampoules LED int\u00e9gr\u00e9es et non rempla\u00e7ables, ce qui lui conf\u00e8re un design vintage.<\/p>\n<p>Le mod\u00e8le en finition rose est sp\u00e9cialement con\u00e7u pour d\u00e9corer et mettre de l&#8217;ambiance, m\u00eame lorsque la guirlande n&#8217;est pas allum\u00e9e, sa couleur est unique !<\/p>\n<p>La guirlande d\u00e9corative Allegra est disponible en 2 finitions : Noir et Rose.<\/p>\n<p>La taille de la guirlande Allegra Design est de 8 m\u00e8tres et il est possible d&#8217;en assembler jusqu&#8217;\u00e0 4.[\/vc_column_text][vc_video link=&#8221;https:\/\/youtu.be\/UIOM3rWcvh0&#8243;][\/vc_column][\/vc_row][vc_row][vc_column width=&#8221;1\/2&#8243;][vc_btn title=&#8221;Fiche technique&#8221; style=&#8221;custom&#8221; custom_background=&#8221;#009bc2&#8243; custom_text=&#8221;#ffffff&#8221; link=&#8221;url:https%3A%2F%2Fbit.ly%2F3OrxpQO|&#8221;][\/vc_column][vc_column width=&#8221;1\/2&#8243;][vc_btn title=&#8221;Manuel d&apos;instrutions&#8221; style=&#8221;custom&#8221; custom_background=&#8221;#009bc2&#8243; custom_text=&#8221;#ffffff&#8221; link=&#8221;url:https%3A%2F%2Fbit.ly%2F3zwJWg8|target:%20_blank|&#8221; el_class=&#8221;btn_descargar_ficha&#8221;][\/vc_column][\/vc_row]<\/p>\n<\/section>","protected":false},"excerpt":{"rendered":"<h5>Guirlande Allegra Rose par c\u00e2ble<\/h5>\n","protected":false},"featured_media":58453,"template":"","meta":[],"product_cat":[651,1575,752],"product_tag":[],"class_list":{"0":"post-30281","1":"product","2":"type-product","3":"status-publish","4":"has-post-thumbnail","6":"product_cat-lightdeco-fr","7":"product_cat-guirlandes","8":"product_cat-noel","10":"first","11":"instock","12":"taxable","13":"shipping-taxable","14":"purchasable","15":"product-type-variable"},"df_price":116.1,"df_sale_price":"","df_regular_price":116.1,"df_image_link":"https:\/\/developing.newgarden.es\/wp-content\/uploads\/2019\/10\/ALLEGRA-1200X1200-2-300x300.jpg","_links":{"self":[{"href":"https:\/\/developing.newgarden.es\/fr\/wp-json\/wp\/v2\/product\/30281"}],"collection":[{"href":"https:\/\/developing.newgarden.es\/fr\/wp-json\/wp\/v2\/product"}],"about":[{"href":"https:\/\/developing.newgarden.es\/fr\/wp-json\/wp\/v2\/types\/product"}],"wp:featuredmedia":[{"embeddable":true,"href":"https:\/\/developing.newgarden.es\/fr\/wp-json\/wp\/v2\/media\/58453"}],"wp:attachment":[{"href":"https:\/\/developing.newgarden.es\/fr\/wp-json\/wp\/v2\/media?parent=30281"}],"wp:term":[{"taxonomy":"product_cat","embeddable":true,"href":"https:\/\/developing.newgarden.es\/fr\/wp-json\/wp\/v2\/product_cat?post=30281"},{"taxonomy":"product_tag","embeddable":true,"href":"https:\/\/developing.newgarden.es\/fr\/wp-json\/wp\/v2\/product_tag?post=30281"}],"curies":[{"name":"wp","href":"https:\/\/api.w.org\/{rel}","templated":true}]}}