{"id":30271,"date":"2019-10-14T10:38:02","date_gmt":"2020-08-05T11:14:04","guid":{"rendered":"https:\/\/newgarden.es\/?post_type=product&#038;p=30271"},"modified":"2024-05-29T12:59:18","modified_gmt":"2024-05-29T10:59:18","slug":"stella","status":"publish","type":"product","link":"https:\/\/developing.newgarden.es\/fr\/shop\/lightdeco-fr\/noel\/stella\/","title":{"rendered":"GUIRLANDE D\u00c9CORATIVE STELLA"},"content":{"rendered":"<section class=\"wpb-content-wrapper\"><p>[vc_row][vc_column][vc_column_text]La guirlande STELLA, est l&#8217;une des nouveaut\u00e9s de NEWGARDEN. Il est parfait pour les \u00e9v\u00e9nements et les f\u00eates, et est id\u00e9al pour une utilisation int\u00e9rieure \u00e0 la maison ainsi que pour tout coin ext\u00e9rieur, jardin, terrasse, entreprise ou comme d\u00e9coration de No\u00ebl.<\/p>\n<p>Contrairement \u00e0 la plupart des guirlandes sur le march\u00e9, la guirlande STELLA de Newgarden poss\u00e8de 10 ampoules LED int\u00e9gr\u00e9es non rempla\u00e7ables, incluses qui offrent un design vintage.<\/p>\n<p>Sa longueur est de 4,5 m\u00e8tres avec un usage ext\u00e9rieur et int\u00e9rieur IP44.<\/p>\n<p><strong>PACK DE 3 GUIRLANDES<\/strong><\/p>\n<h1 style=\"font-size: 12px;\">Disponible x3 GUIRLANDES STELLA pour les professionnels.<\/h1>\n<p><a href=\"https:\/\/drive.google.com\/drive\/folders\/1i4YfJski27WchHTbTXF6DtqHnEh5Xu8U?usp=sharing\"><strong>Fiche technique<\/strong><\/a>[\/vc_column_text][\/vc_column][\/vc_row][vc_row][vc_column width=&#8221;1\/2&#8243;][vc_btn title=&#8221;Fiche technique&#8221; style=&#8221;custom&#8221; custom_background=&#8221;#009bc2&#8243; custom_text=&#8221;#ffffff&#8221; link=&#8221;url:https%3A%2F%2Fbit.ly%2F3oXVVhE|&#8221;][vc_btn title=&#8221;Fiche technique&#8221; style=&#8221;custom&#8221; custom_background=&#8221;#009bc2&#8243; custom_text=&#8221;#ffffff&#8221; link=&#8221;url:https%3A%2F%2Fbit.ly%2F3zDgNj4|&#8221;][\/vc_column][vc_column width=&#8221;1\/2&#8243;][vc_btn title=&#8221;Manuel d&apos;instrutions&#8221; style=&#8221;custom&#8221; custom_background=&#8221;#009bc2&#8243; custom_text=&#8221;#ffffff&#8221; link=&#8221;url:https%3A%2F%2Fbit.ly%2F3A1mB7O|&#8221;][vc_btn title=&#8221;Manuel d&apos;instrutions&#8221; style=&#8221;custom&#8221; custom_background=&#8221;#009bc2&#8243; custom_text=&#8221;#ffffff&#8221; link=&#8221;url:https%3A%2F%2Fbit.ly%2F3pfw5pP|&#8221;][\/vc_column][\/vc_row]<\/p>\n<\/section>","protected":false},"excerpt":{"rendered":"<h5>Guirlande Stella<\/h5>\n","protected":false},"featured_media":58505,"template":"","meta":[],"product_cat":[651,1575,752],"product_tag":[],"class_list":{"0":"post-30271","1":"product","2":"type-product","3":"status-publish","4":"has-post-thumbnail","6":"product_cat-lightdeco-fr","7":"product_cat-guirlandes","8":"product_cat-noel","10":"first","11":"instock","12":"taxable","13":"shipping-taxable","14":"purchasable","15":"product-type-variable","16":"has-default-attributes"},"df_price":63,"df_sale_price":"","df_regular_price":63,"df_image_link":"https:\/\/developing.newgarden.es\/wp-content\/uploads\/2019\/10\/STELLA_1200X1200-2-1-300x300.jpg","_links":{"self":[{"href":"https:\/\/developing.newgarden.es\/fr\/wp-json\/wp\/v2\/product\/30271"}],"collection":[{"href":"https:\/\/developing.newgarden.es\/fr\/wp-json\/wp\/v2\/product"}],"about":[{"href":"https:\/\/developing.newgarden.es\/fr\/wp-json\/wp\/v2\/types\/product"}],"wp:featuredmedia":[{"embeddable":true,"href":"https:\/\/developing.newgarden.es\/fr\/wp-json\/wp\/v2\/media\/58505"}],"wp:attachment":[{"href":"https:\/\/developing.newgarden.es\/fr\/wp-json\/wp\/v2\/media?parent=30271"}],"wp:term":[{"taxonomy":"product_cat","embeddable":true,"href":"https:\/\/developing.newgarden.es\/fr\/wp-json\/wp\/v2\/product_cat?post=30271"},{"taxonomy":"product_tag","embeddable":true,"href":"https:\/\/developing.newgarden.es\/fr\/wp-json\/wp\/v2\/product_tag?post=30271"}],"curies":[{"name":"wp","href":"https:\/\/api.w.org\/{rel}","templated":true}]}}