{"id":30254,"date":"2019-10-11T11:21:35","date_gmt":"2020-08-05T10:39:18","guid":{"rendered":"https:\/\/newgarden.es\/?post_type=product&#038;p=30254"},"modified":"2022-03-01T14:33:47","modified_gmt":"2022-03-01T13:33:47","slug":"calobra","status":"publish","type":"product","link":"https:\/\/developing.newgarden.es\/fr\/shop\/lightdeco-fr\/lampes-suspendues\/calobra\/","title":{"rendered":"LAMPE SUSPENSION SANS FIL CALOBRA NATURE"},"content":{"rendered":"<section class=\"wpb-content-wrapper\"><p>[vc_row][vc_column][vc_column_text]<\/p>\n<p>[\/vc_column_text][\/vc_column][\/vc_row][vc_row][vc_column el_class=&#8221;descripcion_producto&#8221;][vc_column_text]<\/p>\n<p>LAMPE SUSPENSION SANS FIL <strong>CALOBRA NATURE<\/strong><\/p>\n<p>Suspension d&#8217;ext\u00e9rieur en rotin lumi\u00e8re 3 intensit\u00e9s rechargeable\u00a0<strong>Calobra<\/strong>, fabriqu\u00e9e par\u00a0<span style=\"text-decoration: underline;\">Newgarden<\/span>\u00a0et\u00a0dot\u00e9e\u00a0d&#8217;une corde\u00a0(L300cm) et d&#8217;un abat-jour de forme conique en rotin. La suspension\u00a0<strong>Calobra<\/strong>\u00a0est livr\u00e9e avec une ampoule\u00a0led\u00a0rechargeable par c\u00e2ble micro USB 1M (fourni mais sans adaptateur). Gr\u00e2ce \u00e0 son ampoule rechargeable avec\u00a0batterie et sa grande autonomie (6h \u00e0 20h),\u00a0<strong>Calobra<\/strong>\u00a0pourra vous accompagner partout dans votre jardin. Elle\u00a0dispose d&#8217;un variateur d&#8217;intensit\u00e9 \u00e0 3 niveaux que vous pourrez r\u00e9gler \u00e0 l&#8217;aide du bouton pr\u00e8s du port de charge. La suspension\u00a0<strong>Calobra<\/strong>\u00a0se recharge en un temps record, entre 4h \u00e0 6h, pour vous permettre de profiter de votre jardin chaque jour de l&#8217;\u00e9t\u00e9!<\/p>\n<p>Id\u00e9ale pour \u00e9clairer les jardins ou les terrasses,\u00a0<strong>Calobra<\/strong>\u00a0dispose d&#8217;un indice de protection \u00e9lev\u00e9 (<strong>IP54<\/strong>) lui assurant\u00a0une utilisation ext\u00e9rieure en toute s\u00e9curit\u00e9. Solide et charmante,\u00a0<strong>Calobra<\/strong>\u00a0peut \u00eatre install\u00e9e en ext\u00e9rieur mais aussi en int\u00e9rieur\u00a0si vous le souhaitez. Sa longue corde de 3 m\u00e8tres permet de la suspendre \u00e0 n&#8217;importe quel support.<\/p>\n<p>&nbsp;<\/p>\n<ul class=\"tablaTech\">\n<li>\n<div class=\"boxContents no-border\">\n<div class=\"name\"><strong>TAILLE<\/strong><\/div>\n<div class=\"data\">\u00f838 x 18 cm<\/div>\n<\/div>\n<\/li>\n<\/ul>\n<p>[\/vc_column_text][\/vc_column][\/vc_row][vc_row disable_element=&#8221;yes&#8221;][vc_column][vc_single_image image=&#8221;6566&#8243; img_size=&#8221;full&#8221;][\/vc_column][\/vc_row]<\/p>\n<\/section>","protected":false},"excerpt":{"rendered":"<h5><strong>Lampe suspension Calobra nature sans fil<\/strong><\/h5>\n","protected":false},"featured_media":55149,"template":"","meta":[],"product_cat":[651,73,1549,1569,337,744],"product_tag":[],"class_list":{"0":"post-30254","1":"product","2":"type-product","3":"status-publish","4":"has-post-thumbnail","6":"product_cat-lightdeco-fr","7":"product_cat-lightdeco","8":"product_cat-lamparas-de-techo-inalambricas","9":"product_cat-plafonniers-sans-fil","10":"product_cat-colgantes","11":"product_cat-lampes-suspendues","13":"first","14":"instock","15":"taxable","16":"shipping-taxable","17":"purchasable","18":"product-type-variable","19":"has-default-attributes"},"df_price":56.1,"df_sale_price":"","df_regular_price":56.1,"df_image_link":"https:\/\/developing.newgarden.es\/wp-content\/uploads\/2019\/10\/CALOBRA_HANG_1200X1200-2-300x300.jpg","_links":{"self":[{"href":"https:\/\/developing.newgarden.es\/fr\/wp-json\/wp\/v2\/product\/30254"}],"collection":[{"href":"https:\/\/developing.newgarden.es\/fr\/wp-json\/wp\/v2\/product"}],"about":[{"href":"https:\/\/developing.newgarden.es\/fr\/wp-json\/wp\/v2\/types\/product"}],"wp:featuredmedia":[{"embeddable":true,"href":"https:\/\/developing.newgarden.es\/fr\/wp-json\/wp\/v2\/media\/55149"}],"wp:attachment":[{"href":"https:\/\/developing.newgarden.es\/fr\/wp-json\/wp\/v2\/media?parent=30254"}],"wp:term":[{"taxonomy":"product_cat","embeddable":true,"href":"https:\/\/developing.newgarden.es\/fr\/wp-json\/wp\/v2\/product_cat?post=30254"},{"taxonomy":"product_tag","embeddable":true,"href":"https:\/\/developing.newgarden.es\/fr\/wp-json\/wp\/v2\/product_tag?post=30254"}],"curies":[{"name":"wp","href":"https:\/\/api.w.org\/{rel}","templated":true}]}}