{"id":27023,"date":"2020-02-20T09:11:21","date_gmt":"2020-03-12T15:56:47","guid":{"rendered":"https:\/\/newgarden.es\/shop\/non%20class\u00e9\/chloe-35-ans\/"},"modified":"2023-09-26T15:05:57","modified_gmt":"2023-09-26T13:05:57","slug":"chloe-35","status":"publish","type":"product","link":"https:\/\/developing.newgarden.es\/fr\/shop\/lightdeco-fr\/lampe-a-cote\/chloe-35\/","title":{"rendered":"LAMPE DE TABLE CHLOE 35"},"content":{"rendered":"<section class=\"wpb-content-wrapper\"><p>[vc_row][vc_column][vc_column_text]<\/p>\n<p>LAMPE DE TABLE <strong>CHLOE 35<\/strong>: La lampe de table<strong>\u00a0Chloe 35<\/strong>\u00a0est un mod\u00e8le attrayant et design et l&#8217;un des plus demand\u00e9 chez\u00a0Newgarden.<\/p>\n<p>Elle est id\u00e9ale pour n&#8217;importe quel recoin de votre maison. En raison de sa petite taille, elle est parfaite pour votre d\u00e9coration, un point de lumi\u00e8re, sur une table, pour les restaurants, bars, terrasses, h\u00f4tels ou entreprises.<\/p>\n<p>La lampe design\u00a0<strong>Chloe 35<\/strong>\u00a0est disponible en\u00a0version\u00a0c\u00e2ble avec touche on\/off, variateur et c\u00e2ble en jute.<\/p>\n<p>La\u00a0version\u00a0<strong>solaire+batterie<\/strong>\u00a0rechargeable\u00a0est parfaite pour les espaces int\u00e9rieurs et ext\u00e9rieurs. Vous pourrez changer la nuance de la couleur\u00a0<strong>led rgb<\/strong>\u00a0avec la t\u00e9l\u00e9commande (chargeur+t\u00e9l\u00e9commande inclus).<\/p>\n<p>&nbsp;<\/p>\n<ul class=\"tablaTech\">\n<li>\n<div class=\"boxContents no-border\">\n<div class=\"name\"><strong>TAILLE<\/strong><\/div>\n<div class=\"data\">\u00f828&#215;36 cm<\/div>\n<\/div>\n<\/li>\n<\/ul>\n<p>[\/vc_column_text][\/vc_column][\/vc_row][vc_row][vc_column width=&#8221;1\/2&#8243;][vc_btn title=&#8221;Fiche technique&#8221; style=&#8221;custom&#8221; custom_background=&#8221;#009bc2&#8243; custom_text=&#8221;#ffffff&#8221; el_class=&#8221;btn_descargar_ficha&#8221; link=&#8221;url:https%3A%2F%2Fdeveloping.newgarden.es%2Fwp-content%2Fuploads%2F2020%2F02%2FChloe-35.pdf|target:%20_blank|&#8221;][\/vc_column][vc_column width=&#8221;1\/2&#8243;][vc_btn title=&#8221;Manuel d&#8217;instrutions&#8221; style=&#8221;custom&#8221; custom_background=&#8221;#009bc2&#8243; custom_text=&#8221;#ffffff&#8221; link=&#8221;url:https%3A%2F%2Fdeveloping.newgarden.es%2Ffr%2F%3Fpage_id%3D25150|target:%20_blank|&#8221; el_class=&#8221;btn_descargar_ficha&#8221;][\/vc_column][\/vc_row]<\/p>\n<\/section>","protected":false},"excerpt":{"rendered":"<h5><strong>Lampe de table CHLOE 35<\/strong><\/h5>\n","protected":false},"featured_media":61396,"template":"","meta":[],"product_cat":[1695,651,652,1590],"product_tag":[],"class_list":{"0":"post-27023","1":"product","2":"type-product","3":"status-publish","4":"has-post-thumbnail","6":"product_cat-productos-fr","7":"product_cat-lightdeco-fr","8":"product_cat-lampe-a-cote","9":"product_cat-interieur-fr","11":"first","12":"instock","13":"taxable","14":"shipping-taxable","15":"purchasable","16":"product-type-variable"},"df_price":57.8,"df_sale_price":"","df_regular_price":57.8,"df_image_link":"https:\/\/developing.newgarden.es\/wp-content\/uploads\/2020\/02\/CHLOE_35_BATTERY_1200X1200-4-300x300.jpg","_links":{"self":[{"href":"https:\/\/developing.newgarden.es\/fr\/wp-json\/wp\/v2\/product\/27023"}],"collection":[{"href":"https:\/\/developing.newgarden.es\/fr\/wp-json\/wp\/v2\/product"}],"about":[{"href":"https:\/\/developing.newgarden.es\/fr\/wp-json\/wp\/v2\/types\/product"}],"wp:featuredmedia":[{"embeddable":true,"href":"https:\/\/developing.newgarden.es\/fr\/wp-json\/wp\/v2\/media\/61396"}],"wp:attachment":[{"href":"https:\/\/developing.newgarden.es\/fr\/wp-json\/wp\/v2\/media?parent=27023"}],"wp:term":[{"taxonomy":"product_cat","embeddable":true,"href":"https:\/\/developing.newgarden.es\/fr\/wp-json\/wp\/v2\/product_cat?post=27023"},{"taxonomy":"product_tag","embeddable":true,"href":"https:\/\/developing.newgarden.es\/fr\/wp-json\/wp\/v2\/product_tag?post=27023"}],"curies":[{"name":"wp","href":"https:\/\/api.w.org\/{rel}","templated":true}]}}